{"id":2015,"date":"2017-04-08T22:25:57","date_gmt":"2017-04-09T03:25:57","guid":{"rendered":"http:\/\/earthcaravan.sakura.ne.jp\/taosangha-na\/earth-caravan-mideast-pilgrimage-peace-2017\/"},"modified":"2017-04-26T22:21:33","modified_gmt":"2017-04-27T03:21:33","slug":"earth-caravan-mideast-pilgrimage-peace-2017","status":"publish","type":"page","link":"https:\/\/taosangha-na.com\/fr\/earth-caravan-mideast-pilgrimage-peace-2017\/","title":{"rendered":"Le p\u00e8lerinage pour la paix de la \u00ab\u00a0Earth Caravan\u00a0\u00bb du moyen-orient 2017"},"content":{"rendered":"<p><strong>~ Une route pour d\u00e9couvrir la v\u00e9rit\u00e9 et la paix au Moyen-Orient ~<\/strong><\/p>\n<p class=\"p1\"><span class=\"s1\">La Caravane de la Terre est un p\u00e8lerinage global ayant pour mission de partager la paix, le bonheur et la gu\u00e9rison de par le monde \u00e0 travers la parole, l\u2019art, la musique, et la th\u00e9rapie<span class=\"Apple-converted-space\">\u00a0<\/span>Tao Shiatsu.<\/span><\/p>\n<p id=\"yui_3_16_0_ym19_1_1492949833848_55363\" class=\"yiv9589766441MsoNormal\">Joignez-vous \u00e0 nous pour d\u00e9couvrir la r\u00e9alit\u00e9 de la Palestine d&rsquo;aujourd&rsquo;hui et comment les palestiniens se sentent-ils vraiment face \u00e0 la paix? Aimeriez-vous d\u00e9couvrir comment les palestiniens vivent et entendre leurs voix? Aimeriez-vous contribuer positivement vers la paix en rencontrant les gens locaux et apprendre d&rsquo;eux, les travailleurs de paix palestiniens et isra\u00e9lien?<\/p>\n<p id=\"yui_3_16_0_ym19_1_1492949833848_55369\" class=\"yiv9589766441MsoNormal\">Le p\u00e8lerinage interreligieux de Earth Caravan est une exp\u00e9rience qui r\u00e9chauffe le coeur. Les coeurs et sourires chaleureux des palestiniens est l&rsquo;une des v\u00e9rit\u00e9s de la Palestine.<\/p>\n<p><strong><a href=\"http:\/\/earthcaravan.sakura.ne.jp\/taosangha-na\/fr\/earth-caravan-mideast-pilgrimage-peace-2017\/earth-caravan-mideast-lottery-win-spot-voyage\/\">PARTICIPEZ au tirage de charit\u00e9 de Earth Caravan afin de courir la chance de vous joindre \u00e0 nous sur la Earth Caravan 2017 au Moyen-Orient!<\/a><\/strong><\/p>\n<p><b>Sh\u00e9ma de l&rsquo;\u00e9v\u00e8nement<\/b><\/p>\n<p id=\"yui_3_16_0_ym19_1_1492949833848_56539\" class=\"yiv9589766441MsoNormal\">Durant la journ\u00e9e, nous visiterons les communaut\u00e9s ainsi que les organizations dont le mandat est d&rsquo;aider les plus vuln\u00e9rables de la soci\u00e9t\u00e9 palestinienne; les enfants handicap\u00e9s vivant dans les camps de r\u00e9fugi\u00e9s, les familles dont les maisons ont \u00e9t\u00e9 d\u00e9molies qui ont \u00e9t\u00e9 d\u00e9plac\u00e9es, et un \u00e9co village coexistant qui est menac\u00e9 quotidiennement de perdre ses terres.<\/p>\n<p id=\"yui_3_16_0_ym19_1_1492949833848_56584\" class=\"yiv9589766441MsoNormal\">Durant le Live Festival de Bethlehem, nous allons rencontrer, \u00e9changer et interagir avec les gens locaux \u00e0 travers des activit\u00e9s et \u00e9v\u00e9nements trans-culturels. L&rsquo;un des points forts du festival est le Coin Earth Caravan o\u00f9 les participants de la Caravane qui sont familiers avec la culture japonaise (calligraphie, habillement Kimono, sushi, c\u00e9r\u00e9monie du th\u00e9 et traitement Shiatsu) partagerons leur savoir et aptitudes avec les gens locaux.<\/p>\n<p id=\"yui_3_16_0_ym19_1_1492949833848_56588\" class=\"yiv9589766441MsoNormal\">Joignez-nous pour le P\u00e8lerinage au Moyen-Orient de Earth Caravan<span id=\"yui_3_16_0_ym19_1_1492949833848_56617\">\u00a0 <\/span>2017 afin de faire l&rsquo;exp\u00e9rience de la r\u00e9alit\u00e9 de la Palestine, ainsi que de b\u00e9n\u00e9ficier d&rsquo;une exp\u00e9rience inspirante et exaltante qu&rsquo;on ne fait qu&rsquo;une seule fois dans une vie et que la plupart des touristes de la r\u00e9gion n&rsquo;ont jamais v\u00e9cu.<\/p>\n<p><b>Dates:<\/b><\/p>\n<p id=\"yui_3_16_0_ym19_1_1492949833848_56609\" class=\"yiv9589766441MsoNormal\">Du 30 juillet au 7 ao\u00fbt 2017 (9 jours et 8 nuits) incluant l&rsquo;h\u00e9bergement, petit d\u00e9jeuner et d\u00eener, transport et tour guid\u00e9.\u00a0*Il est possible de raccourcir ou de prolonger votre s\u00e9jour. *S.V.P. demandez si vous avez besoin d&rsquo;aide pour r\u00e9server votre billet d&rsquo;avion.<\/p>\n<p><b>Frais de participation:<\/b><br \/>\n<span style=\"font-weight: 400;\">US 780$ (billet a\u00e9rienne pas inclus) <\/span><\/p>\n<p><strong>Pour vous inscrire ou pour de plus amples informations, veuillez\u00a0nous\u00a0contacter:\u00a0<a href=\"mailto:lawrence@taosangha-na.com\">lawrence@taosangha-na.com<\/a><\/strong><\/p>\n<p><b>Horaire du programme:<\/b><\/p>\n<div id=\"yui_3_16_0_ym19_1_1493065764209_125412\" class=\"yiv4036715475m_-5390963201435997081yiv7675556634MsoNormal\"><strong>Dimanche le 30 juillet<\/strong> &#8211; Arriv\u00e9e \u00e0 Tel Aviv (pr\u00e9vu de rester \u00e0 J\u00e9rusalem)<\/div>\n<div id=\"yiv4036715475m_-5390963201435997081yui_3_16_0_ym19_1_1493065764209_114013\" class=\"yiv4036715475m_-5390963201435997081yiv7675556634MsoNormal\"><strong>Lundi le 31 juillet<\/strong> &#8211; Survol de l&rsquo;histoire du Moyen-Orient et activit\u00e9; la tourn\u00e9e de la paix<\/div>\n<div id=\"yiv4036715475m_-5390963201435997081yui_3_16_0_ym19_1_1493065764209_114014\" class=\"yiv4036715475m_-5390963201435997081yiv7675556634MsoNormal\"><strong>Mardi le 1er ao\u00fbt<\/strong> &#8211; Jour de visite de J\u00e9rusalem et Nablus dans la Banque de l&rsquo;Ouest<\/div>\n<div id=\"yui_3_16_0_ym19_1_1493065764209_125426\" class=\"yiv4036715475m_-5390963201435997081yiv7675556634MsoNormal\"><strong>Mercredi le 2 ao\u00fbt<\/strong> &#8211; Visite d&rsquo;un projet de reconstruction de maison dans la Vall\u00e9e du Jourdain<\/div>\n<div id=\"yiv4036715475m_-5390963201435997081yui_3_16_0_ym19_1_1493065764209_114015\" class=\"yiv4036715475m_-5390963201435997081yiv7675556634MsoNormal\"><strong>Jeudi le 3 ao\u00fbt<\/strong> &#8211; AM: Visite des enfants handicap\u00e9s dans un camp de r\u00e9fugi\u00e9s pr\u00e8s de Bethl\u00e9em<\/div>\n<div id=\"yui_3_16_0_ym19_1_1493065764209_125427\" class=\"yiv4036715475m_-5390963201435997081yiv7675556634MsoNormal\">PM: Arriv\u00e9e \u00e0 Bethl\u00e9em pour le Live Festival de Bethl\u00e9em<\/div>\n<div id=\"yiv4036715475m_-5390963201435997081yui_3_16_0_ym19_1_1493065764209_114016\" class=\"yiv4036715475m_-5390963201435997081yiv7675556634MsoNormal\"><strong>Vendredi le 4 ao\u00fbt<\/strong> &#8211; AM: Visite de Tente de Nations; \u00e9co village pour la paix<\/div>\n<div id=\"yiv4036715475m_-5390963201435997081yui_3_16_0_ym19_1_1493065764209_114017\" class=\"yiv4036715475m_-5390963201435997081yiv7675556634MsoNormal\">PM: Festival de Bethl\u00e9em et Coin <i id=\"yui_3_16_0_ym19_1_1493065764209_125428\">Earth Caravan<\/i><\/div>\n<div id=\"yiv4036715475m_-5390963201435997081yui_3_16_0_ym19_1_1493065764209_114018\" class=\"yiv4036715475m_-5390963201435997081yiv7675556634MsoNormal\"><strong>Samedi le 5 ao\u00fbt<\/strong> &#8211; AM: Conf\u00e9rence d&rsquo;un environnementaliste, professeur et activiste de la paix palestinien \u00e0 l&rsquo;universit\u00e9 de Bethl\u00e9em.<\/div>\n<div id=\"yiv4036715475m_-5390963201435997081yui_3_16_0_ym19_1_1493065764209_114020\" class=\"yiv4036715475m_-5390963201435997081yiv7675556634MsoNormal\">PM: Festival de Bethl\u00e9em et Coin <i id=\"yiv4036715475m_-5390963201435997081yui_3_16_0_ym19_1_1493065764209_114019\">Earth Caravan<\/i><\/div>\n<div id=\"yiv4036715475m_-5390963201435997081yui_3_16_0_ym19_1_1493065764209_114021\" class=\"yiv4036715475m_-5390963201435997081yiv7675556634MsoNormal\"><strong>Dimanche le 6 ao\u00fbt<\/strong> &#8211; AM: Rencontre et interaction avec des m\u00e8res palestiniennes<\/div>\n<div id=\"yiv4036715475m_-5390963201435997081yui_3_16_0_ym19_1_1493065764209_114023\" class=\"yiv4036715475m_-5390963201435997081yiv7675556634MsoNormal\">PM: Festival de Bethl\u00e9em et Coin <i id=\"yiv4036715475m_-5390963201435997081yui_3_16_0_ym19_1_1493065764209_114022\">Earth Caravan<\/i><\/div>\n<div id=\"yiv4036715475m_-5390963201435997081yui_3_16_0_ym19_1_1493065764209_114024\" class=\"yiv4036715475m_-5390963201435997081yiv7675556634MsoNormal\"><strong>Lundi le 7 ao\u00fbt<\/strong> &#8211; Marche de la paix interreligieuse de J\u00e9rusalem<\/div>\n<div class=\"yiv4036715475m_-5390963201435997081yiv7675556634MsoNormal\"><\/div>\n<div id=\"yiv4036715475m_-5390963201435997081yui_3_16_0_ym19_1_1493065764209_114026\" class=\"yiv4036715475m_-5390963201435997081yiv7675556634MsoNormal\">*Le programme peut \u00eatre sujet aux changements<\/div>\n<p>&nbsp;<\/p>\n<p><strong><a href=\"http:\/\/earthcaravan.sakura.ne.jp\/taosangha-na\/fr\/earth-caravan-mideast-pilgrimage-peace-2017\/earth-caravan-mideast-lottery-win-spot-voyage\/\">PARTICIPEZ au tirage de charit\u00e9 de Earth Caravan afin de courir la chance de vous joindre \u00e0 nous sur la Earth Caravan 2017 au Moyen-Orient!<\/a><\/strong><\/p>\n<p><b>Sh\u00e9ma de l&rsquo;\u00e9v\u00e8nement<\/b><\/p>\n<p><b style=\"font-family: inherit; font-style: inherit;\">L&rsquo;histoire de la <em>Earth Caravan<\/em><\/b><\/p>\n<div id=\"yui_3_16_0_ym19_1_1493065764209_125434\" class=\"yiv4036715475m_-5390963201435997081yiv7675556634MsoNormal\">Depuis 2015, du 6 au 13 ao\u00fbt, <i>Earth Caravan<\/i> a voyag\u00e9 \u00e0 travers l&rsquo;Isra\u00ebl et la Banque de l&rsquo;Ouest des Territoires Palestiniens. La visite de la Caravane au Moyen-Orient co\u00efncidait avec le 70e anniversaire des bombardements atomiques d&rsquo;Hiroshima et Nagasaki. La Caravane a obtenu la permission du conseil de la ville d&rsquo;Hiroshima de voyager avec la Flamme de la Paix durant son voyage. Le flamme a \u00e9t\u00e9 recueillie des feux originaux des d\u00e9combres qui br\u00fblaient suite \u00e0 la tomb\u00e9e des bombes atomiques sur Hiroshima en 1945; elle a br\u00fbl\u00e9e jusqu&rsquo;\u00e0 ce jour dans la Tour de la Paix dans le village de Hoshino.<\/div>\n<div id=\"yui_3_16_0_ym19_1_1493065764209_125520\" class=\"yiv4036715475m_-5390963201435997081yiv7675556634MsoNormal\"><\/div>\n<div id=\"yui_3_16_0_ym19_1_1493065764209_125516\" class=\"yiv4036715475m_-5390963201435997081yiv7675556634MsoNormal\">Avant d&rsquo;arriv\u00e9 avec la Flamme de la Paix en Palestine, <i>Earth Caravan<\/i> a voyag\u00e9 \u00e0 bicyclette avec la flamme \u00e0 travers le Japon, de Hiroshima \u00e0 Tokyo. Elle a ensuite voyag\u00e9 en Europe, apportant sa mission d&rsquo;espoir et de paix en des sites traumatiques de la Seconde Guerre Mondiale incluant les camps de concentration de Dachau et Aushwitz.<\/div>\n<div id=\"yui_3_16_0_ym19_1_1493065764209_125527\" class=\"yiv4036715475m_-5390963201435997081yiv7675556634MsoNormal\"><\/div>\n<div id=\"yui_3_16_0_ym19_1_1493065764209_125528\" class=\"yiv4036715475m_-5390963201435997081yiv7675556634MsoNormal\">Des concerts de paix et des march\u00e9s de charit\u00e9 ont \u00e9t\u00e9 produits \u00e0 travers le Japon, l&rsquo;Europe, le Canada et les \u00c9tats-Unis. Tous les b\u00e9n\u00e9fices ont \u00e9t\u00e9 distribu\u00e9s afin de soutenir des projets pour des enfants dans le besoin.<\/div>\n<div class=\"yiv4036715475m_-5390963201435997081yiv7675556634MsoNormal\"><\/div>\n<div class=\"yiv4036715475m_-5390963201435997081yiv7675556634MsoNormal\"><b id=\"yui_3_16_0_ym19_1_1493065764209_125557\">Horaire Global des \u00c9v\u00e9nements de <i id=\"yui_3_16_0_ym19_1_1493065764209_125569\">Earth Caravan<\/i> 2017<\/b><\/div>\n<div id=\"yui_3_16_0_ym19_1_1493065764209_125559\" class=\"yiv4036715475m_-5390963201435997081yiv7675556634MsoNormal\">3 et 4 mai &#8211; Kyoto, Japon<\/div>\n<div id=\"yui_3_16_0_ym19_1_1493065764209_125555\" class=\"yiv4036715475m_-5390963201435997081yiv7675556634MsoNormal\">8 et 9 juillet &#8211; Hiroshima, Japon<\/div>\n<div id=\"yui_3_16_0_ym19_1_1493065764209_125589\" class=\"yiv4036715475m_-5390963201435997081yiv7675556634MsoNormal\">30 juillet &#8211; Isra\u00ebl<\/div>\n<div id=\"yui_3_16_0_ym19_1_1493065764209_125588\" class=\"yiv4036715475m_-5390963201435997081yiv7675556634MsoNormal\">3 au 7 ao\u00fbt &#8211; Bethl\u00e9em et J\u00e9rusalem<\/div>\n<div id=\"yui_3_16_0_ym19_1_1493065764209_125554\" class=\"yiv4036715475m_-5390963201435997081yiv7675556634MsoNormal\">13 au 21 ao\u00fbt &#8211; Qu\u00e9bec, Canada<\/div>\n<div id=\"yui_3_16_0_ym19_1_1493065764209_125584\" class=\"yiv4036715475m_-5390963201435997081yiv7675556634MsoNormal\">9 et 10 septembre &#8211; Tokyo, Japon<\/div>\n<div class=\"yiv4036715475m_-5390963201435997081yiv7675556634MsoNormal\"><\/div>\n<p><b><strong><b id=\"yui_3_16_0_ym19_1_1493065764209_125552\">Pour l&rsquo;inscription \u00e0 <i id=\"yui_3_16_0_ym19_1_1493065764209_125551\">Earth Caravan<\/i> au Moyen-Orient ou pour de plus amples informations, S.V.P. \u00a0nous\u00a0contactez par courriel:<\/b> <a href=\"mailto:lawrence@taosangha-na.com\">lawrence@taosangha-na.com<\/a><\/strong><\/b><\/p>\n<p><b id=\"yui_3_16_0_ym19_1_1493065764209_125586\">Les Projets que\u00a0nous soutenons:<\/b><\/p>\n<ul>\n<li><strong><b id=\"yui_3_16_0_ym19_1_1493065764209_125548\">Projet de purification d&rsquo;eau en Palestine : <\/b><\/strong><br \/>\nL&rsquo;acc\u00e8s \u00e0 l&rsquo;eau potable est probl\u00e9matique en Palestine et la r\u00e9currence des p\u00e9nuries d&rsquo;eau a \u00e9t\u00e9 un s\u00e9rieux probl\u00e8me. En 2016, le projet de purification d&rsquo;eau de <i id=\"yui_3_16_0_ym19_1_1493065764209_125674\">Earth Caravan<\/i> a d\u00e9but\u00e9 afin de s\u00e9curiser l&rsquo;abreuvement local en eau.<\/li>\n<li><b id=\"yui_3_16_0_ym19_1_1493065764209_125649\">Soutient \u00e0 l&rsquo;\u00e9ducation pour les enfants de la population minoritaire Rakhine Bouddhiste au Bangladesh :<\/b><br \/>\nDonner la chance aux enfants de cr\u00e9er leur propre avenir lumineux en coop\u00e9rant avec la communaut\u00e9 locale.<\/li>\n<\/ul>\n<p><b id=\"yui_3_16_0_ym19_1_1493065764209_125644\">Repr\u00e9sentants de <i id=\"yui_3_16_0_ym19_1_1493065764209_125643\">Earth Caravan<\/i>:<\/b><\/p>\n<div id=\"yui_3_16_0_ym19_1_1493065764209_125639\" class=\"yiv4036715475m_-5390963201435997081yiv7675556634MsoNormal\">Directeur au Japon: Ryokyu Endo<\/div>\n<div id=\"yui_3_16_0_ym19_1_1493065764209_125638\" class=\"yiv4036715475m_-5390963201435997081yiv7675556634MsoNormal\">Coordinateur en Am\u00e9rique de Nord: Alex Pereklita<\/div>\n<div id=\"yui_3_16_0_ym19_1_1493065764209_125637\" class=\"yiv4036715475m_-5390963201435997081yiv7675556634MsoNormal\">Coordinateur Europ\u00e9en: Alfred Mueller<\/div>\n<div id=\"yui_3_16_0_ym19_1_1493065764209_125692\" class=\"yiv4036715475m_-5390963201435997081yiv7675556634MsoNormal\">Coordinateur au Moyen-Orient: Magali Brosh<\/div>\n","protected":false},"excerpt":{"rendered":"<p>~ Une route pour d\u00e9couvrir la v\u00e9rit\u00e9 et la paix au Moyen-Orient ~ La Caravane de la Terre est un p\u00e8lerinage global ayant pour mission de partager la paix, le bonheur et la gu\u00e9rison de par le monde \u00e0 travers la parole, l\u2019art, la musique, et la th\u00e9rapie\u00a0Tao Shiatsu. Joignez-vous \u00e0 nous pour d\u00e9couvrir la [&hellip;]<\/p>\n","protected":false},"author":7,"featured_media":1978,"parent":0,"menu_order":0,"comment_status":"closed","ping_status":"closed","template":"","meta":{"_monsterinsights_skip_tracking":false,"_monsterinsights_sitenote_active":false,"_monsterinsights_sitenote_note":"","_monsterinsights_sitenote_category":0,"footnotes":""},"class_list":["post-2015","page","type-page","status-publish","has-post-thumbnail","hentry"],"aioseo_notices":[],"yoast_head":"<!-- This site is optimized with the Yoast SEO plugin v26.8 - https:\/\/yoast.com\/product\/yoast-seo-wordpress\/ -->\n<title>Le p\u00e8lerinage pour la paix de la &quot;Earth Caravan&quot; du moyen-orient 2017 - Tao Sangha North America<\/title>\n<meta name=\"robots\" content=\"index, follow, max-snippet:-1, max-image-preview:large, max-video-preview:-1\" \/>\n<link rel=\"canonical\" href=\"https:\/\/taosangha-na.com\/fr\/earth-caravan-mideast-pilgrimage-peace-2017\/\" \/>\n<meta property=\"og:locale\" content=\"fr_FR\" \/>\n<meta property=\"og:type\" content=\"article\" \/>\n<meta property=\"og:title\" content=\"Le p\u00e8lerinage pour la paix de la &quot;Earth Caravan&quot; du moyen-orient 2017 - Tao Sangha North America\" \/>\n<meta property=\"og:description\" content=\"~ Une route pour d\u00e9couvrir la v\u00e9rit\u00e9 et la paix au Moyen-Orient ~ La Caravane de la Terre est un p\u00e8lerinage global ayant pour mission de partager la paix, le bonheur et la gu\u00e9rison de par le monde \u00e0 travers la parole, l\u2019art, la musique, et la th\u00e9rapie\u00a0Tao Shiatsu. Joignez-vous \u00e0 nous pour d\u00e9couvrir la [&hellip;]\" \/>\n<meta property=\"og:url\" content=\"https:\/\/taosangha-na.com\/fr\/earth-caravan-mideast-pilgrimage-peace-2017\/\" \/>\n<meta property=\"og:site_name\" content=\"Tao Sangha North America\" \/>\n<meta property=\"article:publisher\" content=\"https:\/\/www.facebook.com\/TaoSanghaGlobalCommunity\/\" \/>\n<meta property=\"article:modified_time\" content=\"2017-04-27T03:21:33+00:00\" \/>\n<meta property=\"og:image\" content=\"https:\/\/taosangha-na.com\/wp-content\/uploads\/2017\/04\/bild1-original.jpg\" \/>\n\t<meta property=\"og:image:width\" content=\"766\" \/>\n\t<meta property=\"og:image:height\" content=\"548\" \/>\n\t<meta property=\"og:image:type\" content=\"image\/jpeg\" \/>\n<meta name=\"twitter:card\" content=\"summary_large_image\" \/>\n<meta name=\"twitter:label1\" content=\"Dur\u00e9e de lecture estim\u00e9e\" \/>\n\t<meta name=\"twitter:data1\" content=\"5 minutes\" \/>\n<script type=\"application\/ld+json\" class=\"yoast-schema-graph\">{\"@context\":\"https:\/\/schema.org\",\"@graph\":[{\"@type\":\"WebPage\",\"@id\":\"https:\/\/taosangha-na.com\/fr\/earth-caravan-mideast-pilgrimage-peace-2017\/\",\"url\":\"https:\/\/taosangha-na.com\/fr\/earth-caravan-mideast-pilgrimage-peace-2017\/\",\"name\":\"Le p\u00e8lerinage pour la paix de la \\\"Earth Caravan\\\" du moyen-orient 2017 - Tao Sangha North America\",\"isPartOf\":{\"@id\":\"https:\/\/taosangha-na.com\/fr\/#website\"},\"primaryImageOfPage\":{\"@id\":\"https:\/\/taosangha-na.com\/fr\/earth-caravan-mideast-pilgrimage-peace-2017\/#primaryimage\"},\"image\":{\"@id\":\"https:\/\/taosangha-na.com\/fr\/earth-caravan-mideast-pilgrimage-peace-2017\/#primaryimage\"},\"thumbnailUrl\":\"https:\/\/taosangha-na.com\/wp-content\/uploads\/2017\/04\/bild1-original.jpg\",\"datePublished\":\"2017-04-09T03:25:57+00:00\",\"dateModified\":\"2017-04-27T03:21:33+00:00\",\"breadcrumb\":{\"@id\":\"https:\/\/taosangha-na.com\/fr\/earth-caravan-mideast-pilgrimage-peace-2017\/#breadcrumb\"},\"inLanguage\":\"fr-FR\",\"potentialAction\":[{\"@type\":\"ReadAction\",\"target\":[\"https:\/\/taosangha-na.com\/fr\/earth-caravan-mideast-pilgrimage-peace-2017\/\"]}]},{\"@type\":\"ImageObject\",\"inLanguage\":\"fr-FR\",\"@id\":\"https:\/\/taosangha-na.com\/fr\/earth-caravan-mideast-pilgrimage-peace-2017\/#primaryimage\",\"url\":\"https:\/\/taosangha-na.com\/wp-content\/uploads\/2017\/04\/bild1-original.jpg\",\"contentUrl\":\"https:\/\/taosangha-na.com\/wp-content\/uploads\/2017\/04\/bild1-original.jpg\",\"width\":766,\"height\":548,\"caption\":\"Earth Caravan Middle East Pilgrimmage\"},{\"@type\":\"BreadcrumbList\",\"@id\":\"https:\/\/taosangha-na.com\/fr\/earth-caravan-mideast-pilgrimage-peace-2017\/#breadcrumb\",\"itemListElement\":[{\"@type\":\"ListItem\",\"position\":1,\"name\":\"Home\",\"item\":\"https:\/\/taosangha-na.com\/fr\/home-tao-sangha-north-america\/\"},{\"@type\":\"ListItem\",\"position\":2,\"name\":\"Le p\u00e8lerinage pour la paix de la &#8220;Earth Caravan&#8221; du moyen-orient 2017\"}]},{\"@type\":\"WebSite\",\"@id\":\"https:\/\/taosangha-na.com\/fr\/#website\",\"url\":\"https:\/\/taosangha-na.com\/fr\/\",\"name\":\"Tao Sangha North America\",\"description\":\"Make Your Life an Art\",\"publisher\":{\"@id\":\"https:\/\/taosangha-na.com\/fr\/#organization\"},\"potentialAction\":[{\"@type\":\"SearchAction\",\"target\":{\"@type\":\"EntryPoint\",\"urlTemplate\":\"https:\/\/taosangha-na.com\/fr\/?s={search_term_string}\"},\"query-input\":{\"@type\":\"PropertyValueSpecification\",\"valueRequired\":true,\"valueName\":\"search_term_string\"}}],\"inLanguage\":\"fr-FR\"},{\"@type\":\"Organization\",\"@id\":\"https:\/\/taosangha-na.com\/fr\/#organization\",\"name\":\"Tao Sangha\",\"url\":\"https:\/\/taosangha-na.com\/fr\/\",\"logo\":{\"@type\":\"ImageObject\",\"inLanguage\":\"fr-FR\",\"@id\":\"https:\/\/taosangha-na.com\/fr\/#\/schema\/logo\/image\/\",\"url\":\"https:\/\/taosangha-na.com\/wp-content\/uploads\/2016\/01\/Tao-Sangha.jpg\",\"contentUrl\":\"https:\/\/taosangha-na.com\/wp-content\/uploads\/2016\/01\/Tao-Sangha.jpg\",\"width\":169,\"height\":170,\"caption\":\"Tao Sangha\"},\"image\":{\"@id\":\"https:\/\/taosangha-na.com\/fr\/#\/schema\/logo\/image\/\"},\"sameAs\":[\"https:\/\/www.facebook.com\/TaoSanghaGlobalCommunity\/\",\"https:\/\/www.youtube.com\/channel\/UC1iy2h4WhzFOikj6UKHC5aw\"]}]}<\/script>\n<!-- \/ Yoast SEO plugin. -->","yoast_head_json":{"title":"Le p\u00e8lerinage pour la paix de la \"Earth Caravan\" du moyen-orient 2017 - Tao Sangha North America","robots":{"index":"index","follow":"follow","max-snippet":"max-snippet:-1","max-image-preview":"max-image-preview:large","max-video-preview":"max-video-preview:-1"},"canonical":"https:\/\/taosangha-na.com\/fr\/earth-caravan-mideast-pilgrimage-peace-2017\/","og_locale":"fr_FR","og_type":"article","og_title":"Le p\u00e8lerinage pour la paix de la \"Earth Caravan\" du moyen-orient 2017 - Tao Sangha North America","og_description":"~ Une route pour d\u00e9couvrir la v\u00e9rit\u00e9 et la paix au Moyen-Orient ~ La Caravane de la Terre est un p\u00e8lerinage global ayant pour mission de partager la paix, le bonheur et la gu\u00e9rison de par le monde \u00e0 travers la parole, l\u2019art, la musique, et la th\u00e9rapie\u00a0Tao Shiatsu. Joignez-vous \u00e0 nous pour d\u00e9couvrir la [&hellip;]","og_url":"https:\/\/taosangha-na.com\/fr\/earth-caravan-mideast-pilgrimage-peace-2017\/","og_site_name":"Tao Sangha North America","article_publisher":"https:\/\/www.facebook.com\/TaoSanghaGlobalCommunity\/","article_modified_time":"2017-04-27T03:21:33+00:00","og_image":[{"width":766,"height":548,"url":"https:\/\/taosangha-na.com\/wp-content\/uploads\/2017\/04\/bild1-original.jpg","type":"image\/jpeg"}],"twitter_card":"summary_large_image","twitter_misc":{"Dur\u00e9e de lecture estim\u00e9e":"5 minutes"},"schema":{"@context":"https:\/\/schema.org","@graph":[{"@type":"WebPage","@id":"https:\/\/taosangha-na.com\/fr\/earth-caravan-mideast-pilgrimage-peace-2017\/","url":"https:\/\/taosangha-na.com\/fr\/earth-caravan-mideast-pilgrimage-peace-2017\/","name":"Le p\u00e8lerinage pour la paix de la \"Earth Caravan\" du moyen-orient 2017 - Tao Sangha North America","isPartOf":{"@id":"https:\/\/taosangha-na.com\/fr\/#website"},"primaryImageOfPage":{"@id":"https:\/\/taosangha-na.com\/fr\/earth-caravan-mideast-pilgrimage-peace-2017\/#primaryimage"},"image":{"@id":"https:\/\/taosangha-na.com\/fr\/earth-caravan-mideast-pilgrimage-peace-2017\/#primaryimage"},"thumbnailUrl":"https:\/\/taosangha-na.com\/wp-content\/uploads\/2017\/04\/bild1-original.jpg","datePublished":"2017-04-09T03:25:57+00:00","dateModified":"2017-04-27T03:21:33+00:00","breadcrumb":{"@id":"https:\/\/taosangha-na.com\/fr\/earth-caravan-mideast-pilgrimage-peace-2017\/#breadcrumb"},"inLanguage":"fr-FR","potentialAction":[{"@type":"ReadAction","target":["https:\/\/taosangha-na.com\/fr\/earth-caravan-mideast-pilgrimage-peace-2017\/"]}]},{"@type":"ImageObject","inLanguage":"fr-FR","@id":"https:\/\/taosangha-na.com\/fr\/earth-caravan-mideast-pilgrimage-peace-2017\/#primaryimage","url":"https:\/\/taosangha-na.com\/wp-content\/uploads\/2017\/04\/bild1-original.jpg","contentUrl":"https:\/\/taosangha-na.com\/wp-content\/uploads\/2017\/04\/bild1-original.jpg","width":766,"height":548,"caption":"Earth Caravan Middle East Pilgrimmage"},{"@type":"BreadcrumbList","@id":"https:\/\/taosangha-na.com\/fr\/earth-caravan-mideast-pilgrimage-peace-2017\/#breadcrumb","itemListElement":[{"@type":"ListItem","position":1,"name":"Home","item":"https:\/\/taosangha-na.com\/fr\/home-tao-sangha-north-america\/"},{"@type":"ListItem","position":2,"name":"Le p\u00e8lerinage pour la paix de la &#8220;Earth Caravan&#8221; du moyen-orient 2017"}]},{"@type":"WebSite","@id":"https:\/\/taosangha-na.com\/fr\/#website","url":"https:\/\/taosangha-na.com\/fr\/","name":"Tao Sangha North America","description":"Make Your Life an Art","publisher":{"@id":"https:\/\/taosangha-na.com\/fr\/#organization"},"potentialAction":[{"@type":"SearchAction","target":{"@type":"EntryPoint","urlTemplate":"https:\/\/taosangha-na.com\/fr\/?s={search_term_string}"},"query-input":{"@type":"PropertyValueSpecification","valueRequired":true,"valueName":"search_term_string"}}],"inLanguage":"fr-FR"},{"@type":"Organization","@id":"https:\/\/taosangha-na.com\/fr\/#organization","name":"Tao Sangha","url":"https:\/\/taosangha-na.com\/fr\/","logo":{"@type":"ImageObject","inLanguage":"fr-FR","@id":"https:\/\/taosangha-na.com\/fr\/#\/schema\/logo\/image\/","url":"https:\/\/taosangha-na.com\/wp-content\/uploads\/2016\/01\/Tao-Sangha.jpg","contentUrl":"https:\/\/taosangha-na.com\/wp-content\/uploads\/2016\/01\/Tao-Sangha.jpg","width":169,"height":170,"caption":"Tao Sangha"},"image":{"@id":"https:\/\/taosangha-na.com\/fr\/#\/schema\/logo\/image\/"},"sameAs":["https:\/\/www.facebook.com\/TaoSanghaGlobalCommunity\/","https:\/\/www.youtube.com\/channel\/UC1iy2h4WhzFOikj6UKHC5aw"]}]}},"_links":{"self":[{"href":"https:\/\/taosangha-na.com\/fr\/wp-json\/wp\/v2\/pages\/2015","targetHints":{"allow":["GET"]}}],"collection":[{"href":"https:\/\/taosangha-na.com\/fr\/wp-json\/wp\/v2\/pages"}],"about":[{"href":"https:\/\/taosangha-na.com\/fr\/wp-json\/wp\/v2\/types\/page"}],"author":[{"embeddable":true,"href":"https:\/\/taosangha-na.com\/fr\/wp-json\/wp\/v2\/users\/7"}],"replies":[{"embeddable":true,"href":"https:\/\/taosangha-na.com\/fr\/wp-json\/wp\/v2\/comments?post=2015"}],"version-history":[{"count":5,"href":"https:\/\/taosangha-na.com\/fr\/wp-json\/wp\/v2\/pages\/2015\/revisions"}],"predecessor-version":[{"id":2039,"href":"https:\/\/taosangha-na.com\/fr\/wp-json\/wp\/v2\/pages\/2015\/revisions\/2039"}],"wp:featuredmedia":[{"embeddable":true,"href":"https:\/\/taosangha-na.com\/fr\/wp-json\/wp\/v2\/media\/1978"}],"wp:attachment":[{"href":"https:\/\/taosangha-na.com\/fr\/wp-json\/wp\/v2\/media?parent=2015"}],"curies":[{"name":"wp","href":"https:\/\/api.w.org\/{rel}","templated":true}]}}