{"id":2020,"date":"2017-04-09T11:50:41","date_gmt":"2017-04-09T16:50:41","guid":{"rendered":"http:\/\/earthcaravan.sakura.ne.jp\/taosangha-na\/earth-caravan-mideast-pilgrimage-peace-2017\/earth-caravan-mideast-lottery-win-spot-voyage\/"},"modified":"2018-04-13T04:37:48","modified_gmt":"2018-04-13T09:37:48","slug":"earth-caravan-mideast-lottery-win-spot-voyage","status":"publish","type":"page","link":"https:\/\/taosangha-na.com\/fr\/earth-caravan-mideast-pilgrimage-peace-2017\/earth-caravan-mideast-lottery-win-spot-voyage\/","title":{"rendered":"Le tirage de charit\u00e9 de la \u00ab\u00a0Earth Caravan\u00a0\u00bb au Moyen-Orient : joignez-vous au p\u00e8lerinage !"},"content":{"rendered":"<p><b>Si vous aimeriez participer\u00a0\u00e0 la \u00ab\u00a0Earth Caravan\u00a0\u00bb au Moyen-Orient 2018 mais\u00a0vous manquez\u00a0les sous, la loterie\u00a0de la \u00ab\u00a0Earth Caravan\u00a0\u00bb peut\u00a0vous transporter l\u00e0 bas !<\/b><\/p>\n<p><span style=\"font-weight: 400;\">Une entr\u00e9e co\u00fbt US 10$ et vous\u00a0pouvez\u00a0acheter autant que vous voulez.\u00a0<\/span><\/p>\n<p><strong>1er prix :<\/strong>\u00a0Couverture des frais de participation au programme de la Earth Caravan P\u00e8lerinage au Moyen-Orient &#8211; une personne<\/p>\n<p><strong>Tous les\u00a0profits iront vers:<\/strong><\/p>\n<p id=\"yui_3_16_0_ym19_1_1492949833848_59112\" class=\"yiv6645837272MsoNormal\">*La Caravan de la Terre V\u00e9lo pour la paix de Nagasaki \u00e0 Hiroshima (http:\/\/www.earthcaravan.jp\/)<\/p>\n<p><strong>Achetez vos entr\u00e9es<\/strong><strong>\u00a0<\/strong>ici<strong>:<\/strong><\/p>\n<form action=\"https:\/\/www.paypal.com\/cgi-bin\/webscr\" method=\"post\" target=\"_top\"><input name=\"hosted_button_id\" type=\"hidden\" value=\"Y3CBXZQ9Q6H4U\" \/><\/p>\n<table>\n<tbody>\n<tr>\n<td>Tirage de charit\u00e9 de la Earth Caravan 2018<\/td>\n<\/tr>\n<tr>\n<td><select name=\"os0\"><option value=\"1\">1 $10.00 USD<\/option><option value=\"2\">2 $20.00 USD<\/option><option value=\"5\">5 $50.00 USD<\/option><\/select><\/td>\n<\/tr>\n<\/tbody>\n<\/table>\n<p><input alt=\"PayPal - The safer, easier way to pay online!\" name=\"submit\" src=\"https:\/\/www.paypalobjects.com\/en_US\/JP\/i\/btn\/btn_buynowCC_LG.gif\" type=\"image\" \/><br \/>\n<img decoding=\"async\" src=\"https:\/\/www.paypalobjects.com\/ja_JP\/i\/scr\/pixel.gif\" alt=\"\" width=\"1\" height=\"1\" border=\"0\" \/><\/p>\n<\/form>\n<p id=\"yui_3_16_0_ym19_1_1492949833848_58917\" class=\"yiv6645837272MsoNormal\">1er prix: Couverture des frais de participation au programme de Earth Caravan P\u00e8lerinage au Moyen-Orient &#8211; une personne<\/p>\n<p id=\"yui_3_16_0_ym19_1_1492949833848_58919\" class=\"yiv6645837272MsoNormal\">2e prix:Un traitement en Tao Shiatsu, ou un livre \u00ab\u00a0Tao Shiatsu: R\u00e9volution en M\u00e9decine Orientale\u00a0\u00bb, ou un billet de traitement &#8211; deux personnes<\/p>\n<p id=\"yui_3_16_0_ym19_1_1492949833848_58988\" class=\"yiv6645837272MsoNormal\">*\u00c0 propos du Tao Shiatsu:<span id=\"yui_3_16_0_ym19_1_1492949833848_58987\"> <a id=\"yui_3_16_0_ym19_1_1492949833848_58986\" href=\"http:\/\/taoshiatsutherapy.com\/\" target=\"_blank\" rel=\"nofollow noopener\" shape=\"rect\">http:\/\/taoshiatsutherapy.com<\/a><\/span><\/p>\n<p id=\"yui_3_16_0_ym19_1_1492949833848_58990\" class=\"yiv6645837272MsoNormal\"><span id=\"yui_3_16_0_ym19_1_1492949833848_58998\">3e prix: DVD Documentaire \u00ab\u00a0BE FREE! &#8211; the Peace Flame Travels to the Middle East\u201d \u00ab\u00a0\u00caTRE LIBRE! &#8211; la Flamme de la Paix Voyage au Moyen-Orient\u00a0\u00bb &#8211; trois personnes<\/span><\/p>\n<p id=\"yui_3_16_0_ym19_1_1492949833848_58956\" class=\"yiv6645837272MsoNormal\"><span id=\"yui_3_16_0_ym19_1_1492949833848_58955\">4e prix: T-shirt Earth Caravan &#8211; quatre personnes<\/span><\/p>\n<p id=\"yui_3_16_0_ym19_1_1492949833848_58993\" class=\"yiv6645837272MsoNormal\"><span id=\"yui_3_16_0_ym19_1_1492949833848_58992\">5e prix: Serviette Japonnaise Sp\u00e9ciale Earth Caravan &#8211; deux personnes<\/span><\/p>\n<p><strong style=\"font-size: 16px;\">Date du tirage: <\/strong>Dimanche le 22 juillet 2018 \u00e0 16:00 (\u00e0 Earth Caravan, Hiroshima, au Parc Hannover)<\/p>\n<form action=\"https:\/\/www.paypal.com\/cgi-bin\/webscr\" method=\"post\" target=\"_top\"><strong>Apr\u00e8s le tirage nous contacterons les gagnants.<\/strong><\/p>\n<p><b><\/b><b>Date limite :\u00a0<\/b><span style=\"font-weight: 400;\">Samedi le 14 juillet\u00a0\u00e0 minuit<\/span><\/p>\n<p>Achetez vos entr\u00e9es ici:<\/p>\n<\/form>\n<form action=\"https:\/\/www.paypal.com\/cgi-bin\/webscr\" method=\"post\" target=\"_top\"><input name=\"hosted_button_id\" type=\"hidden\" value=\"Y3CBXZQ9Q6H4U\" \/><\/p>\n<table>\n<tbody>\n<tr>\n<td>Tirage de charit\u00e9 de la Earth Caravan 2018<\/td>\n<\/tr>\n<tr>\n<td><select name=\"os0\"><option value=\"1\">1 $10.00 USD<\/option><option value=\"2\">2 $20.00 USD<\/option><option value=\"3\">3 $30.00 USD<\/option><option value=\"4\">4 $40.00 USD<\/option><option value=\"5\">5 $50.00 USD<\/option><\/select><\/td>\n<\/tr>\n<\/tbody>\n<\/table>\n<p><input alt=\"PayPal - The safer, easier way to pay online!\" name=\"submit\" src=\"https:\/\/www.paypalobjects.com\/en_US\/JP\/i\/btn\/btn_buynowCC_LG.gif\" type=\"image\" \/><\/p>\n<\/form>\n<form action=\"https:\/\/www.paypal.com\/cgi-bin\/webscr\" method=\"post\" target=\"_top\">&nbsp;<\/p>\n<\/form>\n","protected":false},"excerpt":{"rendered":"<p>Si vous aimeriez participer\u00a0\u00e0 la \u00ab\u00a0Earth Caravan\u00a0\u00bb au Moyen-Orient 2018 mais\u00a0vous manquez\u00a0les sous, la loterie\u00a0de la \u00ab\u00a0Earth Caravan\u00a0\u00bb peut\u00a0vous transporter l\u00e0 bas ! Une entr\u00e9e co\u00fbt US 10$ et vous\u00a0pouvez\u00a0acheter autant que vous voulez.\u00a0 1er prix :\u00a0Couverture des frais de participation au programme de la Earth Caravan P\u00e8lerinage au Moyen-Orient &#8211; une personne Tous les\u00a0profits [&hellip;]<\/p>\n","protected":false},"author":7,"featured_media":0,"parent":2015,"menu_order":0,"comment_status":"closed","ping_status":"closed","template":"","meta":{"_monsterinsights_skip_tracking":false,"_monsterinsights_sitenote_active":false,"_monsterinsights_sitenote_note":"","_monsterinsights_sitenote_category":0,"footnotes":""},"class_list":["post-2020","page","type-page","status-publish","hentry"],"aioseo_notices":[],"yoast_head":"<!-- This site is optimized with the Yoast SEO plugin v26.8 - https:\/\/yoast.com\/product\/yoast-seo-wordpress\/ -->\n<title>Le tirage de charit\u00e9 de la &quot;Earth Caravan&quot; au Moyen-Orient : joignez-vous au p\u00e8lerinage ! - Tao Sangha North America<\/title>\n<meta name=\"robots\" content=\"index, follow, max-snippet:-1, max-image-preview:large, max-video-preview:-1\" \/>\n<link rel=\"canonical\" href=\"https:\/\/taosangha-na.com\/fr\/earth-caravan-mideast-pilgrimage-peace-2017\/earth-caravan-mideast-lottery-win-spot-voyage\/\" \/>\n<meta property=\"og:locale\" content=\"fr_FR\" \/>\n<meta property=\"og:type\" content=\"article\" \/>\n<meta property=\"og:title\" content=\"Le tirage de charit\u00e9 de la &quot;Earth Caravan&quot; au Moyen-Orient : joignez-vous au p\u00e8lerinage ! - Tao Sangha North America\" \/>\n<meta property=\"og:description\" content=\"Si vous aimeriez participer\u00a0\u00e0 la \u00ab\u00a0Earth Caravan\u00a0\u00bb au Moyen-Orient 2018 mais\u00a0vous manquez\u00a0les sous, la loterie\u00a0de la \u00ab\u00a0Earth Caravan\u00a0\u00bb peut\u00a0vous transporter l\u00e0 bas ! Une entr\u00e9e co\u00fbt US 10$ et vous\u00a0pouvez\u00a0acheter autant que vous voulez.\u00a0 1er prix :\u00a0Couverture des frais de participation au programme de la Earth Caravan P\u00e8lerinage au Moyen-Orient &#8211; une personne Tous les\u00a0profits [&hellip;]\" \/>\n<meta property=\"og:url\" content=\"https:\/\/taosangha-na.com\/fr\/earth-caravan-mideast-pilgrimage-peace-2017\/earth-caravan-mideast-lottery-win-spot-voyage\/\" \/>\n<meta property=\"og:site_name\" content=\"Tao Sangha North America\" \/>\n<meta property=\"article:publisher\" content=\"https:\/\/www.facebook.com\/TaoSanghaGlobalCommunity\/\" \/>\n<meta property=\"article:modified_time\" content=\"2018-04-13T09:37:48+00:00\" \/>\n<meta property=\"og:image\" content=\"https:\/\/www.paypalobjects.com\/ja_JP\/i\/scr\/pixel.gif\" \/>\n<meta name=\"twitter:card\" content=\"summary_large_image\" \/>\n<meta name=\"twitter:label1\" content=\"Dur\u00e9e de lecture estim\u00e9e\" \/>\n\t<meta name=\"twitter:data1\" content=\"1 minute\" \/>\n<script type=\"application\/ld+json\" class=\"yoast-schema-graph\">{\"@context\":\"https:\/\/schema.org\",\"@graph\":[{\"@type\":\"WebPage\",\"@id\":\"https:\/\/taosangha-na.com\/fr\/earth-caravan-mideast-pilgrimage-peace-2017\/earth-caravan-mideast-lottery-win-spot-voyage\/\",\"url\":\"https:\/\/taosangha-na.com\/fr\/earth-caravan-mideast-pilgrimage-peace-2017\/earth-caravan-mideast-lottery-win-spot-voyage\/\",\"name\":\"Le tirage de charit\u00e9 de la \\\"Earth Caravan\\\" au Moyen-Orient : joignez-vous au p\u00e8lerinage ! - Tao Sangha North America\",\"isPartOf\":{\"@id\":\"https:\/\/taosangha-na.com\/fr\/#website\"},\"primaryImageOfPage\":{\"@id\":\"https:\/\/taosangha-na.com\/fr\/earth-caravan-mideast-pilgrimage-peace-2017\/earth-caravan-mideast-lottery-win-spot-voyage\/#primaryimage\"},\"image\":{\"@id\":\"https:\/\/taosangha-na.com\/fr\/earth-caravan-mideast-pilgrimage-peace-2017\/earth-caravan-mideast-lottery-win-spot-voyage\/#primaryimage\"},\"thumbnailUrl\":\"https:\/\/www.paypalobjects.com\/ja_JP\/i\/scr\/pixel.gif\",\"datePublished\":\"2017-04-09T16:50:41+00:00\",\"dateModified\":\"2018-04-13T09:37:48+00:00\",\"breadcrumb\":{\"@id\":\"https:\/\/taosangha-na.com\/fr\/earth-caravan-mideast-pilgrimage-peace-2017\/earth-caravan-mideast-lottery-win-spot-voyage\/#breadcrumb\"},\"inLanguage\":\"fr-FR\",\"potentialAction\":[{\"@type\":\"ReadAction\",\"target\":[\"https:\/\/taosangha-na.com\/fr\/earth-caravan-mideast-pilgrimage-peace-2017\/earth-caravan-mideast-lottery-win-spot-voyage\/\"]}]},{\"@type\":\"ImageObject\",\"inLanguage\":\"fr-FR\",\"@id\":\"https:\/\/taosangha-na.com\/fr\/earth-caravan-mideast-pilgrimage-peace-2017\/earth-caravan-mideast-lottery-win-spot-voyage\/#primaryimage\",\"url\":\"https:\/\/www.paypalobjects.com\/ja_JP\/i\/scr\/pixel.gif\",\"contentUrl\":\"https:\/\/www.paypalobjects.com\/ja_JP\/i\/scr\/pixel.gif\"},{\"@type\":\"BreadcrumbList\",\"@id\":\"https:\/\/taosangha-na.com\/fr\/earth-caravan-mideast-pilgrimage-peace-2017\/earth-caravan-mideast-lottery-win-spot-voyage\/#breadcrumb\",\"itemListElement\":[{\"@type\":\"ListItem\",\"position\":1,\"name\":\"Home\",\"item\":\"https:\/\/taosangha-na.com\/fr\/home-tao-sangha-north-america\/\"},{\"@type\":\"ListItem\",\"position\":2,\"name\":\"Le p\u00e8lerinage pour la paix de la &#8220;Earth Caravan&#8221; du moyen-orient 2017\",\"item\":\"https:\/\/taosangha-na.com\/fr\/earth-caravan-mideast-pilgrimage-peace-2017\/\"},{\"@type\":\"ListItem\",\"position\":3,\"name\":\"Le tirage de charit\u00e9 de la &#8220;Earth Caravan&#8221; au Moyen-Orient : joignez-vous au p\u00e8lerinage !\"}]},{\"@type\":\"WebSite\",\"@id\":\"https:\/\/taosangha-na.com\/fr\/#website\",\"url\":\"https:\/\/taosangha-na.com\/fr\/\",\"name\":\"Tao Sangha North America\",\"description\":\"Make Your Life an Art\",\"publisher\":{\"@id\":\"https:\/\/taosangha-na.com\/fr\/#organization\"},\"potentialAction\":[{\"@type\":\"SearchAction\",\"target\":{\"@type\":\"EntryPoint\",\"urlTemplate\":\"https:\/\/taosangha-na.com\/fr\/?s={search_term_string}\"},\"query-input\":{\"@type\":\"PropertyValueSpecification\",\"valueRequired\":true,\"valueName\":\"search_term_string\"}}],\"inLanguage\":\"fr-FR\"},{\"@type\":\"Organization\",\"@id\":\"https:\/\/taosangha-na.com\/fr\/#organization\",\"name\":\"Tao Sangha\",\"url\":\"https:\/\/taosangha-na.com\/fr\/\",\"logo\":{\"@type\":\"ImageObject\",\"inLanguage\":\"fr-FR\",\"@id\":\"https:\/\/taosangha-na.com\/fr\/#\/schema\/logo\/image\/\",\"url\":\"https:\/\/taosangha-na.com\/wp-content\/uploads\/2016\/01\/Tao-Sangha.jpg\",\"contentUrl\":\"https:\/\/taosangha-na.com\/wp-content\/uploads\/2016\/01\/Tao-Sangha.jpg\",\"width\":169,\"height\":170,\"caption\":\"Tao Sangha\"},\"image\":{\"@id\":\"https:\/\/taosangha-na.com\/fr\/#\/schema\/logo\/image\/\"},\"sameAs\":[\"https:\/\/www.facebook.com\/TaoSanghaGlobalCommunity\/\",\"https:\/\/www.youtube.com\/channel\/UC1iy2h4WhzFOikj6UKHC5aw\"]}]}<\/script>\n<!-- \/ Yoast SEO plugin. -->","yoast_head_json":{"title":"Le tirage de charit\u00e9 de la \"Earth Caravan\" au Moyen-Orient : joignez-vous au p\u00e8lerinage ! - Tao Sangha North America","robots":{"index":"index","follow":"follow","max-snippet":"max-snippet:-1","max-image-preview":"max-image-preview:large","max-video-preview":"max-video-preview:-1"},"canonical":"https:\/\/taosangha-na.com\/fr\/earth-caravan-mideast-pilgrimage-peace-2017\/earth-caravan-mideast-lottery-win-spot-voyage\/","og_locale":"fr_FR","og_type":"article","og_title":"Le tirage de charit\u00e9 de la \"Earth Caravan\" au Moyen-Orient : joignez-vous au p\u00e8lerinage ! - Tao Sangha North America","og_description":"Si vous aimeriez participer\u00a0\u00e0 la \u00ab\u00a0Earth Caravan\u00a0\u00bb au Moyen-Orient 2018 mais\u00a0vous manquez\u00a0les sous, la loterie\u00a0de la \u00ab\u00a0Earth Caravan\u00a0\u00bb peut\u00a0vous transporter l\u00e0 bas ! Une entr\u00e9e co\u00fbt US 10$ et vous\u00a0pouvez\u00a0acheter autant que vous voulez.\u00a0 1er prix :\u00a0Couverture des frais de participation au programme de la Earth Caravan P\u00e8lerinage au Moyen-Orient &#8211; une personne Tous les\u00a0profits [&hellip;]","og_url":"https:\/\/taosangha-na.com\/fr\/earth-caravan-mideast-pilgrimage-peace-2017\/earth-caravan-mideast-lottery-win-spot-voyage\/","og_site_name":"Tao Sangha North America","article_publisher":"https:\/\/www.facebook.com\/TaoSanghaGlobalCommunity\/","article_modified_time":"2018-04-13T09:37:48+00:00","og_image":[{"url":"https:\/\/www.paypalobjects.com\/ja_JP\/i\/scr\/pixel.gif","type":"","width":"","height":""}],"twitter_card":"summary_large_image","twitter_misc":{"Dur\u00e9e de lecture estim\u00e9e":"1 minute"},"schema":{"@context":"https:\/\/schema.org","@graph":[{"@type":"WebPage","@id":"https:\/\/taosangha-na.com\/fr\/earth-caravan-mideast-pilgrimage-peace-2017\/earth-caravan-mideast-lottery-win-spot-voyage\/","url":"https:\/\/taosangha-na.com\/fr\/earth-caravan-mideast-pilgrimage-peace-2017\/earth-caravan-mideast-lottery-win-spot-voyage\/","name":"Le tirage de charit\u00e9 de la \"Earth Caravan\" au Moyen-Orient : joignez-vous au p\u00e8lerinage ! - Tao Sangha North America","isPartOf":{"@id":"https:\/\/taosangha-na.com\/fr\/#website"},"primaryImageOfPage":{"@id":"https:\/\/taosangha-na.com\/fr\/earth-caravan-mideast-pilgrimage-peace-2017\/earth-caravan-mideast-lottery-win-spot-voyage\/#primaryimage"},"image":{"@id":"https:\/\/taosangha-na.com\/fr\/earth-caravan-mideast-pilgrimage-peace-2017\/earth-caravan-mideast-lottery-win-spot-voyage\/#primaryimage"},"thumbnailUrl":"https:\/\/www.paypalobjects.com\/ja_JP\/i\/scr\/pixel.gif","datePublished":"2017-04-09T16:50:41+00:00","dateModified":"2018-04-13T09:37:48+00:00","breadcrumb":{"@id":"https:\/\/taosangha-na.com\/fr\/earth-caravan-mideast-pilgrimage-peace-2017\/earth-caravan-mideast-lottery-win-spot-voyage\/#breadcrumb"},"inLanguage":"fr-FR","potentialAction":[{"@type":"ReadAction","target":["https:\/\/taosangha-na.com\/fr\/earth-caravan-mideast-pilgrimage-peace-2017\/earth-caravan-mideast-lottery-win-spot-voyage\/"]}]},{"@type":"ImageObject","inLanguage":"fr-FR","@id":"https:\/\/taosangha-na.com\/fr\/earth-caravan-mideast-pilgrimage-peace-2017\/earth-caravan-mideast-lottery-win-spot-voyage\/#primaryimage","url":"https:\/\/www.paypalobjects.com\/ja_JP\/i\/scr\/pixel.gif","contentUrl":"https:\/\/www.paypalobjects.com\/ja_JP\/i\/scr\/pixel.gif"},{"@type":"BreadcrumbList","@id":"https:\/\/taosangha-na.com\/fr\/earth-caravan-mideast-pilgrimage-peace-2017\/earth-caravan-mideast-lottery-win-spot-voyage\/#breadcrumb","itemListElement":[{"@type":"ListItem","position":1,"name":"Home","item":"https:\/\/taosangha-na.com\/fr\/home-tao-sangha-north-america\/"},{"@type":"ListItem","position":2,"name":"Le p\u00e8lerinage pour la paix de la &#8220;Earth Caravan&#8221; du moyen-orient 2017","item":"https:\/\/taosangha-na.com\/fr\/earth-caravan-mideast-pilgrimage-peace-2017\/"},{"@type":"ListItem","position":3,"name":"Le tirage de charit\u00e9 de la &#8220;Earth Caravan&#8221; au Moyen-Orient : joignez-vous au p\u00e8lerinage !"}]},{"@type":"WebSite","@id":"https:\/\/taosangha-na.com\/fr\/#website","url":"https:\/\/taosangha-na.com\/fr\/","name":"Tao Sangha North America","description":"Make Your Life an Art","publisher":{"@id":"https:\/\/taosangha-na.com\/fr\/#organization"},"potentialAction":[{"@type":"SearchAction","target":{"@type":"EntryPoint","urlTemplate":"https:\/\/taosangha-na.com\/fr\/?s={search_term_string}"},"query-input":{"@type":"PropertyValueSpecification","valueRequired":true,"valueName":"search_term_string"}}],"inLanguage":"fr-FR"},{"@type":"Organization","@id":"https:\/\/taosangha-na.com\/fr\/#organization","name":"Tao Sangha","url":"https:\/\/taosangha-na.com\/fr\/","logo":{"@type":"ImageObject","inLanguage":"fr-FR","@id":"https:\/\/taosangha-na.com\/fr\/#\/schema\/logo\/image\/","url":"https:\/\/taosangha-na.com\/wp-content\/uploads\/2016\/01\/Tao-Sangha.jpg","contentUrl":"https:\/\/taosangha-na.com\/wp-content\/uploads\/2016\/01\/Tao-Sangha.jpg","width":169,"height":170,"caption":"Tao Sangha"},"image":{"@id":"https:\/\/taosangha-na.com\/fr\/#\/schema\/logo\/image\/"},"sameAs":["https:\/\/www.facebook.com\/TaoSanghaGlobalCommunity\/","https:\/\/www.youtube.com\/channel\/UC1iy2h4WhzFOikj6UKHC5aw"]}]}},"_links":{"self":[{"href":"https:\/\/taosangha-na.com\/fr\/wp-json\/wp\/v2\/pages\/2020","targetHints":{"allow":["GET"]}}],"collection":[{"href":"https:\/\/taosangha-na.com\/fr\/wp-json\/wp\/v2\/pages"}],"about":[{"href":"https:\/\/taosangha-na.com\/fr\/wp-json\/wp\/v2\/types\/page"}],"author":[{"embeddable":true,"href":"https:\/\/taosangha-na.com\/fr\/wp-json\/wp\/v2\/users\/7"}],"replies":[{"embeddable":true,"href":"https:\/\/taosangha-na.com\/fr\/wp-json\/wp\/v2\/comments?post=2020"}],"version-history":[{"count":5,"href":"https:\/\/taosangha-na.com\/fr\/wp-json\/wp\/v2\/pages\/2020\/revisions"}],"predecessor-version":[{"id":2640,"href":"https:\/\/taosangha-na.com\/fr\/wp-json\/wp\/v2\/pages\/2020\/revisions\/2640"}],"up":[{"embeddable":true,"href":"https:\/\/taosangha-na.com\/fr\/wp-json\/wp\/v2\/pages\/2015"}],"wp:attachment":[{"href":"https:\/\/taosangha-na.com\/fr\/wp-json\/wp\/v2\/media?parent=2020"}],"curies":[{"name":"wp","href":"https:\/\/api.w.org\/{rel}","templated":true}]}}