{"id":719,"date":"2015-12-27T16:57:13","date_gmt":"2015-12-27T21:57:13","guid":{"rendered":"http:\/\/tsna.taoshiatsuvancouver.com\/fr\/?page_id=719"},"modified":"2016-01-28T14:53:59","modified_gmt":"2016-01-28T19:53:59","slug":"haute-retraite-nembutsu","status":"publish","type":"page","link":"https:\/\/taosangha-na.com\/fr\/chant\/haute-retraite-nembutsu\/","title":{"rendered":"Haute retraite Nembutsu"},"content":{"rendered":"<p><span style=\"font-weight: 400;\">Tao Sangha a cr\u00e9\u00e9 les hautes retraites NEMBUTSU, qui sont plusieurs journ\u00e9es concentr\u00e9e en ateliers, en souhaitant que les gens aient une exp\u00e9rience spirituelle et joyeuse. Les gens qui assistent \u00e0 la retraite peuvent \u00e9prouver le lien mystique profond pour Amida Bouddha et tous les \u00eatres. <\/span><\/p>\n","protected":false},"excerpt":{"rendered":"<p>Tao Sangha a cr\u00e9\u00e9 les hautes retraites NEMBUTSU, qui sont plusieurs journ\u00e9es concentr\u00e9e en ateliers, en souhaitant que les gens aient une exp\u00e9rience spirituelle et joyeuse. Les gens qui assistent \u00e0 la retraite peuvent \u00e9prouver le lien mystique profond pour Amida Bouddha et tous les \u00eatres.<\/p>\n","protected":false},"author":1,"featured_media":0,"parent":941,"menu_order":9,"comment_status":"closed","ping_status":"closed","template":"","meta":{"_monsterinsights_skip_tracking":false,"_monsterinsights_sitenote_active":false,"_monsterinsights_sitenote_note":"","_monsterinsights_sitenote_category":0,"footnotes":""},"class_list":["post-719","page","type-page","status-publish","hentry"],"aioseo_notices":[],"yoast_head":"<!-- This site is optimized with the Yoast SEO plugin v26.8 - https:\/\/yoast.com\/product\/yoast-seo-wordpress\/ -->\n<title>Haute retraite Nembutsu - Tao Sangha North America<\/title>\n<meta name=\"robots\" content=\"index, follow, max-snippet:-1, max-image-preview:large, max-video-preview:-1\" \/>\n<link rel=\"canonical\" href=\"https:\/\/taosangha-na.com\/fr\/chant\/haute-retraite-nembutsu\/\" \/>\n<meta property=\"og:locale\" content=\"fr_FR\" \/>\n<meta property=\"og:type\" content=\"article\" \/>\n<meta property=\"og:title\" content=\"Haute retraite Nembutsu - Tao Sangha North America\" \/>\n<meta property=\"og:description\" content=\"Tao Sangha a cr\u00e9\u00e9 les hautes retraites NEMBUTSU, qui sont plusieurs journ\u00e9es concentr\u00e9e en ateliers, en souhaitant que les gens aient une exp\u00e9rience spirituelle et joyeuse. Les gens qui assistent \u00e0 la retraite peuvent \u00e9prouver le lien mystique profond pour Amida Bouddha et tous les \u00eatres.\" \/>\n<meta property=\"og:url\" content=\"https:\/\/taosangha-na.com\/fr\/chant\/haute-retraite-nembutsu\/\" \/>\n<meta property=\"og:site_name\" content=\"Tao Sangha North America\" \/>\n<meta property=\"article:publisher\" content=\"https:\/\/www.facebook.com\/TaoSanghaGlobalCommunity\/\" \/>\n<meta property=\"article:modified_time\" content=\"2016-01-28T19:53:59+00:00\" \/>\n<meta name=\"twitter:card\" content=\"summary_large_image\" \/>\n<script type=\"application\/ld+json\" class=\"yoast-schema-graph\">{\"@context\":\"https:\/\/schema.org\",\"@graph\":[{\"@type\":\"WebPage\",\"@id\":\"https:\/\/taosangha-na.com\/fr\/chant\/haute-retraite-nembutsu\/\",\"url\":\"https:\/\/taosangha-na.com\/fr\/chant\/haute-retraite-nembutsu\/\",\"name\":\"Haute retraite Nembutsu - Tao Sangha North America\",\"isPartOf\":{\"@id\":\"https:\/\/taosangha-na.com\/fr\/#website\"},\"datePublished\":\"2015-12-27T21:57:13+00:00\",\"dateModified\":\"2016-01-28T19:53:59+00:00\",\"breadcrumb\":{\"@id\":\"https:\/\/taosangha-na.com\/fr\/chant\/haute-retraite-nembutsu\/#breadcrumb\"},\"inLanguage\":\"fr-FR\",\"potentialAction\":[{\"@type\":\"ReadAction\",\"target\":[\"https:\/\/taosangha-na.com\/fr\/chant\/haute-retraite-nembutsu\/\"]}]},{\"@type\":\"BreadcrumbList\",\"@id\":\"https:\/\/taosangha-na.com\/fr\/chant\/haute-retraite-nembutsu\/#breadcrumb\",\"itemListElement\":[{\"@type\":\"ListItem\",\"position\":1,\"name\":\"Home\",\"item\":\"https:\/\/taosangha-na.com\/fr\/home-tao-sangha-north-america\/\"},{\"@type\":\"ListItem\",\"position\":2,\"name\":\"Chant\",\"item\":\"https:\/\/taosangha-na.com\/fr\/chant\/\"},{\"@type\":\"ListItem\",\"position\":3,\"name\":\"Haute retraite Nembutsu\"}]},{\"@type\":\"WebSite\",\"@id\":\"https:\/\/taosangha-na.com\/fr\/#website\",\"url\":\"https:\/\/taosangha-na.com\/fr\/\",\"name\":\"Tao Sangha North America\",\"description\":\"Make Your Life an Art\",\"publisher\":{\"@id\":\"https:\/\/taosangha-na.com\/fr\/#organization\"},\"potentialAction\":[{\"@type\":\"SearchAction\",\"target\":{\"@type\":\"EntryPoint\",\"urlTemplate\":\"https:\/\/taosangha-na.com\/fr\/?s={search_term_string}\"},\"query-input\":{\"@type\":\"PropertyValueSpecification\",\"valueRequired\":true,\"valueName\":\"search_term_string\"}}],\"inLanguage\":\"fr-FR\"},{\"@type\":\"Organization\",\"@id\":\"https:\/\/taosangha-na.com\/fr\/#organization\",\"name\":\"Tao Sangha\",\"url\":\"https:\/\/taosangha-na.com\/fr\/\",\"logo\":{\"@type\":\"ImageObject\",\"inLanguage\":\"fr-FR\",\"@id\":\"https:\/\/taosangha-na.com\/fr\/#\/schema\/logo\/image\/\",\"url\":\"https:\/\/taosangha-na.com\/wp-content\/uploads\/2016\/01\/Tao-Sangha.jpg\",\"contentUrl\":\"https:\/\/taosangha-na.com\/wp-content\/uploads\/2016\/01\/Tao-Sangha.jpg\",\"width\":169,\"height\":170,\"caption\":\"Tao Sangha\"},\"image\":{\"@id\":\"https:\/\/taosangha-na.com\/fr\/#\/schema\/logo\/image\/\"},\"sameAs\":[\"https:\/\/www.facebook.com\/TaoSanghaGlobalCommunity\/\",\"https:\/\/www.youtube.com\/channel\/UC1iy2h4WhzFOikj6UKHC5aw\"]}]}<\/script>\n<!-- \/ Yoast SEO plugin. -->","yoast_head_json":{"title":"Haute retraite Nembutsu - Tao Sangha North America","robots":{"index":"index","follow":"follow","max-snippet":"max-snippet:-1","max-image-preview":"max-image-preview:large","max-video-preview":"max-video-preview:-1"},"canonical":"https:\/\/taosangha-na.com\/fr\/chant\/haute-retraite-nembutsu\/","og_locale":"fr_FR","og_type":"article","og_title":"Haute retraite Nembutsu - Tao Sangha North America","og_description":"Tao Sangha a cr\u00e9\u00e9 les hautes retraites NEMBUTSU, qui sont plusieurs journ\u00e9es concentr\u00e9e en ateliers, en souhaitant que les gens aient une exp\u00e9rience spirituelle et joyeuse. Les gens qui assistent \u00e0 la retraite peuvent \u00e9prouver le lien mystique profond pour Amida Bouddha et tous les \u00eatres.","og_url":"https:\/\/taosangha-na.com\/fr\/chant\/haute-retraite-nembutsu\/","og_site_name":"Tao Sangha North America","article_publisher":"https:\/\/www.facebook.com\/TaoSanghaGlobalCommunity\/","article_modified_time":"2016-01-28T19:53:59+00:00","twitter_card":"summary_large_image","schema":{"@context":"https:\/\/schema.org","@graph":[{"@type":"WebPage","@id":"https:\/\/taosangha-na.com\/fr\/chant\/haute-retraite-nembutsu\/","url":"https:\/\/taosangha-na.com\/fr\/chant\/haute-retraite-nembutsu\/","name":"Haute retraite Nembutsu - Tao Sangha North America","isPartOf":{"@id":"https:\/\/taosangha-na.com\/fr\/#website"},"datePublished":"2015-12-27T21:57:13+00:00","dateModified":"2016-01-28T19:53:59+00:00","breadcrumb":{"@id":"https:\/\/taosangha-na.com\/fr\/chant\/haute-retraite-nembutsu\/#breadcrumb"},"inLanguage":"fr-FR","potentialAction":[{"@type":"ReadAction","target":["https:\/\/taosangha-na.com\/fr\/chant\/haute-retraite-nembutsu\/"]}]},{"@type":"BreadcrumbList","@id":"https:\/\/taosangha-na.com\/fr\/chant\/haute-retraite-nembutsu\/#breadcrumb","itemListElement":[{"@type":"ListItem","position":1,"name":"Home","item":"https:\/\/taosangha-na.com\/fr\/home-tao-sangha-north-america\/"},{"@type":"ListItem","position":2,"name":"Chant","item":"https:\/\/taosangha-na.com\/fr\/chant\/"},{"@type":"ListItem","position":3,"name":"Haute retraite Nembutsu"}]},{"@type":"WebSite","@id":"https:\/\/taosangha-na.com\/fr\/#website","url":"https:\/\/taosangha-na.com\/fr\/","name":"Tao Sangha North America","description":"Make Your Life an Art","publisher":{"@id":"https:\/\/taosangha-na.com\/fr\/#organization"},"potentialAction":[{"@type":"SearchAction","target":{"@type":"EntryPoint","urlTemplate":"https:\/\/taosangha-na.com\/fr\/?s={search_term_string}"},"query-input":{"@type":"PropertyValueSpecification","valueRequired":true,"valueName":"search_term_string"}}],"inLanguage":"fr-FR"},{"@type":"Organization","@id":"https:\/\/taosangha-na.com\/fr\/#organization","name":"Tao Sangha","url":"https:\/\/taosangha-na.com\/fr\/","logo":{"@type":"ImageObject","inLanguage":"fr-FR","@id":"https:\/\/taosangha-na.com\/fr\/#\/schema\/logo\/image\/","url":"https:\/\/taosangha-na.com\/wp-content\/uploads\/2016\/01\/Tao-Sangha.jpg","contentUrl":"https:\/\/taosangha-na.com\/wp-content\/uploads\/2016\/01\/Tao-Sangha.jpg","width":169,"height":170,"caption":"Tao Sangha"},"image":{"@id":"https:\/\/taosangha-na.com\/fr\/#\/schema\/logo\/image\/"},"sameAs":["https:\/\/www.facebook.com\/TaoSanghaGlobalCommunity\/","https:\/\/www.youtube.com\/channel\/UC1iy2h4WhzFOikj6UKHC5aw"]}]}},"_links":{"self":[{"href":"https:\/\/taosangha-na.com\/fr\/wp-json\/wp\/v2\/pages\/719","targetHints":{"allow":["GET"]}}],"collection":[{"href":"https:\/\/taosangha-na.com\/fr\/wp-json\/wp\/v2\/pages"}],"about":[{"href":"https:\/\/taosangha-na.com\/fr\/wp-json\/wp\/v2\/types\/page"}],"author":[{"embeddable":true,"href":"https:\/\/taosangha-na.com\/fr\/wp-json\/wp\/v2\/users\/1"}],"replies":[{"embeddable":true,"href":"https:\/\/taosangha-na.com\/fr\/wp-json\/wp\/v2\/comments?post=719"}],"version-history":[{"count":1,"href":"https:\/\/taosangha-na.com\/fr\/wp-json\/wp\/v2\/pages\/719\/revisions"}],"predecessor-version":[{"id":720,"href":"https:\/\/taosangha-na.com\/fr\/wp-json\/wp\/v2\/pages\/719\/revisions\/720"}],"up":[{"embeddable":true,"href":"https:\/\/taosangha-na.com\/fr\/wp-json\/wp\/v2\/pages\/941"}],"wp:attachment":[{"href":"https:\/\/taosangha-na.com\/fr\/wp-json\/wp\/v2\/media?parent=719"}],"curies":[{"name":"wp","href":"https:\/\/api.w.org\/{rel}","templated":true}]}}