{"id":724,"date":"2015-12-28T01:04:56","date_gmt":"2015-12-28T06:04:56","guid":{"rendered":"http:\/\/tsna.taoshiatsuvancouver.com\/fr\/?page_id=724"},"modified":"2016-01-28T14:57:36","modified_gmt":"2016-01-28T19:57:36","slug":"les-pratiques-du-nembutsu","status":"publish","type":"page","link":"https:\/\/taosangha-na.com\/fr\/chant\/les-pratiques-du-nembutsu\/","title":{"rendered":"Les pratiques du Nembutsu"},"content":{"rendered":"<p>Il y a plusieurs fa\u00e7ons de faire l&rsquo;exp\u00e9rience du chant Nembutsu. Ce qui est commun \u00e0 toute, c&rsquo;est l&rsquo;attention que le pratiquant donne a son \u00ab\u00a0\u00e9tat d&rsquo;\u00e2me\u00a0\u00bb ou \u00ab\u00a0\u00e9tat de coeur\u00a0\u00bb, tout en chantant. En ce concentrant, instant par instant, pour vraiment souhaiter la joie et la croissance spirituel pour tous les \u00eatres (y compris soi-m\u00eame), nous pouvons aller au del\u00e0 de notre r\u00e9alit\u00e9 tridimensionnelle et faire l&rsquo;exp\u00e9rience d&rsquo;une unit\u00e9 pacifique avec la vie.<br \/>\nL&rsquo;unicit\u00e9 du chant Nembutsu Bouddhiste comprend \u00e9galement des m\u00e9lodies vocales et instrumentales, percussion et archet. La musique unifie tous le monde \u00e0 un niveau profond, au del\u00e0 des fronti\u00e8res et au del\u00e0 du temps. Les mantras et les pri\u00e8res musicales, les sons de la cloche et de la percussion, p\u00e9n\u00e8tre dans notre nature de Bouddha et unifie tous les \u00eatres.<br \/>\nS&rsquo;il vous plait, contacter le Temple ou le centre le plus proche pour apprendre de ces pratiques qui y sont offertes, et comment vous pouvez vous y joindre.<\/p>\n","protected":false},"excerpt":{"rendered":"<p>Il y a plusieurs fa\u00e7ons de faire l&rsquo;exp\u00e9rience du chant Nembutsu. Ce qui est commun \u00e0 toute, c&rsquo;est l&rsquo;attention que le pratiquant donne a son \u00ab\u00a0\u00e9tat d&rsquo;\u00e2me\u00a0\u00bb ou \u00ab\u00a0\u00e9tat de coeur\u00a0\u00bb, tout en chantant. En ce concentrant, instant par instant, pour vraiment souhaiter la joie et la croissance spirituel pour tous les \u00eatres (y compris [&hellip;]<\/p>\n","protected":false},"author":1,"featured_media":0,"parent":941,"menu_order":2,"comment_status":"closed","ping_status":"closed","template":"","meta":{"_monsterinsights_skip_tracking":false,"_monsterinsights_sitenote_active":false,"_monsterinsights_sitenote_note":"","_monsterinsights_sitenote_category":0,"footnotes":""},"class_list":["post-724","page","type-page","status-publish","hentry"],"aioseo_notices":[],"yoast_head":"<!-- This site is optimized with the Yoast SEO plugin v26.8 - https:\/\/yoast.com\/product\/yoast-seo-wordpress\/ -->\n<title>Les pratiques du Nembutsu - Tao Sangha North America<\/title>\n<meta name=\"robots\" content=\"index, follow, max-snippet:-1, max-image-preview:large, max-video-preview:-1\" \/>\n<link rel=\"canonical\" href=\"https:\/\/taosangha-na.com\/fr\/chant\/les-pratiques-du-nembutsu\/\" \/>\n<meta property=\"og:locale\" content=\"fr_FR\" \/>\n<meta property=\"og:type\" content=\"article\" \/>\n<meta property=\"og:title\" content=\"Les pratiques du Nembutsu - Tao Sangha North America\" \/>\n<meta property=\"og:description\" content=\"Il y a plusieurs fa\u00e7ons de faire l&rsquo;exp\u00e9rience du chant Nembutsu. Ce qui est commun \u00e0 toute, c&rsquo;est l&rsquo;attention que le pratiquant donne a son \u00ab\u00a0\u00e9tat d&rsquo;\u00e2me\u00a0\u00bb ou \u00ab\u00a0\u00e9tat de coeur\u00a0\u00bb, tout en chantant. En ce concentrant, instant par instant, pour vraiment souhaiter la joie et la croissance spirituel pour tous les \u00eatres (y compris [&hellip;]\" \/>\n<meta property=\"og:url\" content=\"https:\/\/taosangha-na.com\/fr\/chant\/les-pratiques-du-nembutsu\/\" \/>\n<meta property=\"og:site_name\" content=\"Tao Sangha North America\" \/>\n<meta property=\"article:publisher\" content=\"https:\/\/www.facebook.com\/TaoSanghaGlobalCommunity\/\" \/>\n<meta property=\"article:modified_time\" content=\"2016-01-28T19:57:36+00:00\" \/>\n<meta name=\"twitter:card\" content=\"summary_large_image\" \/>\n<meta name=\"twitter:label1\" content=\"Dur\u00e9e de lecture estim\u00e9e\" \/>\n\t<meta name=\"twitter:data1\" content=\"1 minute\" \/>\n<script type=\"application\/ld+json\" class=\"yoast-schema-graph\">{\"@context\":\"https:\/\/schema.org\",\"@graph\":[{\"@type\":\"WebPage\",\"@id\":\"https:\/\/taosangha-na.com\/fr\/chant\/les-pratiques-du-nembutsu\/\",\"url\":\"https:\/\/taosangha-na.com\/fr\/chant\/les-pratiques-du-nembutsu\/\",\"name\":\"Les pratiques du Nembutsu - Tao Sangha North America\",\"isPartOf\":{\"@id\":\"https:\/\/taosangha-na.com\/fr\/#website\"},\"datePublished\":\"2015-12-28T06:04:56+00:00\",\"dateModified\":\"2016-01-28T19:57:36+00:00\",\"breadcrumb\":{\"@id\":\"https:\/\/taosangha-na.com\/fr\/chant\/les-pratiques-du-nembutsu\/#breadcrumb\"},\"inLanguage\":\"fr-FR\",\"potentialAction\":[{\"@type\":\"ReadAction\",\"target\":[\"https:\/\/taosangha-na.com\/fr\/chant\/les-pratiques-du-nembutsu\/\"]}]},{\"@type\":\"BreadcrumbList\",\"@id\":\"https:\/\/taosangha-na.com\/fr\/chant\/les-pratiques-du-nembutsu\/#breadcrumb\",\"itemListElement\":[{\"@type\":\"ListItem\",\"position\":1,\"name\":\"Home\",\"item\":\"https:\/\/taosangha-na.com\/fr\/home-tao-sangha-north-america\/\"},{\"@type\":\"ListItem\",\"position\":2,\"name\":\"Chant\",\"item\":\"https:\/\/taosangha-na.com\/fr\/chant\/\"},{\"@type\":\"ListItem\",\"position\":3,\"name\":\"Les pratiques du Nembutsu\"}]},{\"@type\":\"WebSite\",\"@id\":\"https:\/\/taosangha-na.com\/fr\/#website\",\"url\":\"https:\/\/taosangha-na.com\/fr\/\",\"name\":\"Tao Sangha North America\",\"description\":\"Make Your Life an Art\",\"publisher\":{\"@id\":\"https:\/\/taosangha-na.com\/fr\/#organization\"},\"potentialAction\":[{\"@type\":\"SearchAction\",\"target\":{\"@type\":\"EntryPoint\",\"urlTemplate\":\"https:\/\/taosangha-na.com\/fr\/?s={search_term_string}\"},\"query-input\":{\"@type\":\"PropertyValueSpecification\",\"valueRequired\":true,\"valueName\":\"search_term_string\"}}],\"inLanguage\":\"fr-FR\"},{\"@type\":\"Organization\",\"@id\":\"https:\/\/taosangha-na.com\/fr\/#organization\",\"name\":\"Tao Sangha\",\"url\":\"https:\/\/taosangha-na.com\/fr\/\",\"logo\":{\"@type\":\"ImageObject\",\"inLanguage\":\"fr-FR\",\"@id\":\"https:\/\/taosangha-na.com\/fr\/#\/schema\/logo\/image\/\",\"url\":\"https:\/\/taosangha-na.com\/wp-content\/uploads\/2016\/01\/Tao-Sangha.jpg\",\"contentUrl\":\"https:\/\/taosangha-na.com\/wp-content\/uploads\/2016\/01\/Tao-Sangha.jpg\",\"width\":169,\"height\":170,\"caption\":\"Tao Sangha\"},\"image\":{\"@id\":\"https:\/\/taosangha-na.com\/fr\/#\/schema\/logo\/image\/\"},\"sameAs\":[\"https:\/\/www.facebook.com\/TaoSanghaGlobalCommunity\/\",\"https:\/\/www.youtube.com\/channel\/UC1iy2h4WhzFOikj6UKHC5aw\"]}]}<\/script>\n<!-- \/ Yoast SEO plugin. -->","yoast_head_json":{"title":"Les pratiques du Nembutsu - Tao Sangha North America","robots":{"index":"index","follow":"follow","max-snippet":"max-snippet:-1","max-image-preview":"max-image-preview:large","max-video-preview":"max-video-preview:-1"},"canonical":"https:\/\/taosangha-na.com\/fr\/chant\/les-pratiques-du-nembutsu\/","og_locale":"fr_FR","og_type":"article","og_title":"Les pratiques du Nembutsu - Tao Sangha North America","og_description":"Il y a plusieurs fa\u00e7ons de faire l&rsquo;exp\u00e9rience du chant Nembutsu. Ce qui est commun \u00e0 toute, c&rsquo;est l&rsquo;attention que le pratiquant donne a son \u00ab\u00a0\u00e9tat d&rsquo;\u00e2me\u00a0\u00bb ou \u00ab\u00a0\u00e9tat de coeur\u00a0\u00bb, tout en chantant. En ce concentrant, instant par instant, pour vraiment souhaiter la joie et la croissance spirituel pour tous les \u00eatres (y compris [&hellip;]","og_url":"https:\/\/taosangha-na.com\/fr\/chant\/les-pratiques-du-nembutsu\/","og_site_name":"Tao Sangha North America","article_publisher":"https:\/\/www.facebook.com\/TaoSanghaGlobalCommunity\/","article_modified_time":"2016-01-28T19:57:36+00:00","twitter_card":"summary_large_image","twitter_misc":{"Dur\u00e9e de lecture estim\u00e9e":"1 minute"},"schema":{"@context":"https:\/\/schema.org","@graph":[{"@type":"WebPage","@id":"https:\/\/taosangha-na.com\/fr\/chant\/les-pratiques-du-nembutsu\/","url":"https:\/\/taosangha-na.com\/fr\/chant\/les-pratiques-du-nembutsu\/","name":"Les pratiques du Nembutsu - Tao Sangha North America","isPartOf":{"@id":"https:\/\/taosangha-na.com\/fr\/#website"},"datePublished":"2015-12-28T06:04:56+00:00","dateModified":"2016-01-28T19:57:36+00:00","breadcrumb":{"@id":"https:\/\/taosangha-na.com\/fr\/chant\/les-pratiques-du-nembutsu\/#breadcrumb"},"inLanguage":"fr-FR","potentialAction":[{"@type":"ReadAction","target":["https:\/\/taosangha-na.com\/fr\/chant\/les-pratiques-du-nembutsu\/"]}]},{"@type":"BreadcrumbList","@id":"https:\/\/taosangha-na.com\/fr\/chant\/les-pratiques-du-nembutsu\/#breadcrumb","itemListElement":[{"@type":"ListItem","position":1,"name":"Home","item":"https:\/\/taosangha-na.com\/fr\/home-tao-sangha-north-america\/"},{"@type":"ListItem","position":2,"name":"Chant","item":"https:\/\/taosangha-na.com\/fr\/chant\/"},{"@type":"ListItem","position":3,"name":"Les pratiques du Nembutsu"}]},{"@type":"WebSite","@id":"https:\/\/taosangha-na.com\/fr\/#website","url":"https:\/\/taosangha-na.com\/fr\/","name":"Tao Sangha North America","description":"Make Your Life an Art","publisher":{"@id":"https:\/\/taosangha-na.com\/fr\/#organization"},"potentialAction":[{"@type":"SearchAction","target":{"@type":"EntryPoint","urlTemplate":"https:\/\/taosangha-na.com\/fr\/?s={search_term_string}"},"query-input":{"@type":"PropertyValueSpecification","valueRequired":true,"valueName":"search_term_string"}}],"inLanguage":"fr-FR"},{"@type":"Organization","@id":"https:\/\/taosangha-na.com\/fr\/#organization","name":"Tao Sangha","url":"https:\/\/taosangha-na.com\/fr\/","logo":{"@type":"ImageObject","inLanguage":"fr-FR","@id":"https:\/\/taosangha-na.com\/fr\/#\/schema\/logo\/image\/","url":"https:\/\/taosangha-na.com\/wp-content\/uploads\/2016\/01\/Tao-Sangha.jpg","contentUrl":"https:\/\/taosangha-na.com\/wp-content\/uploads\/2016\/01\/Tao-Sangha.jpg","width":169,"height":170,"caption":"Tao Sangha"},"image":{"@id":"https:\/\/taosangha-na.com\/fr\/#\/schema\/logo\/image\/"},"sameAs":["https:\/\/www.facebook.com\/TaoSanghaGlobalCommunity\/","https:\/\/www.youtube.com\/channel\/UC1iy2h4WhzFOikj6UKHC5aw"]}]}},"_links":{"self":[{"href":"https:\/\/taosangha-na.com\/fr\/wp-json\/wp\/v2\/pages\/724","targetHints":{"allow":["GET"]}}],"collection":[{"href":"https:\/\/taosangha-na.com\/fr\/wp-json\/wp\/v2\/pages"}],"about":[{"href":"https:\/\/taosangha-na.com\/fr\/wp-json\/wp\/v2\/types\/page"}],"author":[{"embeddable":true,"href":"https:\/\/taosangha-na.com\/fr\/wp-json\/wp\/v2\/users\/1"}],"replies":[{"embeddable":true,"href":"https:\/\/taosangha-na.com\/fr\/wp-json\/wp\/v2\/comments?post=724"}],"version-history":[{"count":1,"href":"https:\/\/taosangha-na.com\/fr\/wp-json\/wp\/v2\/pages\/724\/revisions"}],"predecessor-version":[{"id":725,"href":"https:\/\/taosangha-na.com\/fr\/wp-json\/wp\/v2\/pages\/724\/revisions\/725"}],"up":[{"embeddable":true,"href":"https:\/\/taosangha-na.com\/fr\/wp-json\/wp\/v2\/pages\/941"}],"wp:attachment":[{"href":"https:\/\/taosangha-na.com\/fr\/wp-json\/wp\/v2\/media?parent=724"}],"curies":[{"name":"wp","href":"https:\/\/api.w.org\/{rel}","templated":true}]}}