{"id":730,"date":"2016-01-02T16:00:39","date_gmt":"2016-01-02T21:00:39","guid":{"rendered":"http:\/\/tsna.taoshiatsuvancouver.com\/fr\/?page_id=730"},"modified":"2016-01-28T15:14:28","modified_gmt":"2016-01-28T20:14:28","slug":"support-apporte-a-la-minorite-bouddhiste-rakhaing-du-bangladesh","status":"publish","type":"page","link":"https:\/\/taosangha-na.com\/fr\/donnant\/projets-daide-internationaux\/support-apporte-a-la-minorite-bouddhiste-rakhaing-du-bangladesh\/","title":{"rendered":"Support apport\u00e9 \u00e0 la Minorit\u00e9 Bouddhiste Rakhaing du Bangladesh"},"content":{"rendered":"<p>Au temps du Bouddha Shakyamuni, une Nation Bouddhiste appel\u00e9 Rakhaing \u00e9tait install\u00e9e \u00e0 la fronti\u00e8re entre le Bangladesh et le Burma. Ils contr\u00f4laient tout le commerce de traite sur la Mer Indienne. Apr\u00e8s la deuxi\u00e8me guerre Mondiale, le Bangladesh et le Burma sont devenu des pays ind\u00e9pendants. La communaut\u00e9 Rakhaing fut divis\u00e9 et laisser sans nation.<\/p>\n<p><span style=\"font-weight: 400;\">Depuis l\u2019ind\u00e9pendance du Bangladesh, les minorit\u00e9s Bouddhistes sont pers\u00e9cut\u00e9es. Ayant \u00e0 faire face \u00e0 la discrimination politique et \u00e9conomique, la minorit\u00e9 Rakhaing demeure une des communaut\u00e9s les plus n\u00e9glig\u00e9e et d\u00e9munie du Bangladesh. Selon certaines informations, 80% du peuple Rakhaing vit dans l\u2019extr\u00e8me pauvret\u00e9, 70% des enfants souffrent de mal nutrition au 3 i\u00e8me degr\u00e9 et 80% des jeunes sont sans emploi. Ils sont en train de perdre leur h\u00e9ritage culturel et leur langue maternelle. Les enfants de la communaut\u00e9 Rakhaing ont des r\u00eaves tout comme nos enfants. S\u2019ils re\u00e7oivent une bonne \u00e9ducation\u2026 le futur du peuple Rakhaing pourrait \u00eatre meilleure.<\/span><\/p>\n<p><span style=\"font-weight: 400;\">Afin d\u2019aider la communaut\u00e9 Rakhaing, la Tao Sangha \u00e0 mis sur pieds un fond de charit\u00e9, Communaut\u00e9 UNI Globale, et apporte son support \u00e0 trois villages. Au village de Chowdhury Para, pr\u00e8s de la fronti\u00e8re du Burma, une \u00e9cole pr\u00e9paratoire s\u2019assure que les enfants Rakhaing re\u00e7oivent l\u2019\u00e9ducation n\u00e9cessaire pour passer les examens d\u2019admission pour les \u00e9tudes \u00e0 l\u2019\u00e9cole secondaire. Pr\u00e9sentement seulement 20% des enfants peuvent entrer au secondaire. Sous la tutelle de trois professeurs, l\u2019enseignement de la langue Rakhing est aussi assur\u00e9.<\/span><\/p>\n<p><span style=\"font-weight: 400;\">Au village de Khurushkui pr\u00e8s du Bazar Cox, cinq professeurs ont \u00e9t\u00e9 engag\u00e9s et plus de 100 \u00e9tudiants pourront aller \u00e0 l\u2019\u00e9cole primaire. Pour le village d\u2019Alikadam, CUG offre son support \u00e0 l\u2019orphelinat o\u00f9 20 enfants sont pris en charge par trois professeurs et un cuisinier. Un syst\u00e8me de parrainage a \u00e9t\u00e9 mis sur pied afin d\u2019offrir plus de support aux orphelins. Si vous d\u00e9sirer parrainer un enfant ou donner \u00e0 la CUG, cliquer ici.<\/span><\/p>\n<p><span style=\"font-weight: 400;\">Le principe est simple : apr\u00e8s que la communaut\u00e9 ait re\u00e7u l\u2019aide financi\u00e8re, les membres de la communaut\u00e9 donneront 10% de leur revenu futur pour aider d\u2019autres membres \u00e0 d\u00e9marrer leur entreprise. De cette fa\u00e7on, la communaut\u00e9 Rakhaing apprends \u00e0 devenir autonome et n\u2019a plus besoin de d\u00e9pendre de l\u2019aide ext\u00e9rieur.<\/span><\/p>\n<p><span style=\"font-weight: 400;\">Dans le Sutra D\u2019Amitayus, un des v\u0153ux du Bodhisattva est de \u00ab d\u00e9livrer la souffrance caus\u00e9 par la pauvret\u00e9 \u00bb. Avec ce projet, la Tao Sangha vise \u00e0 offrir l\u2019\u00e9ducation n\u00e9cessaire \u00e0 la communaut\u00e9 Rakhaing afin de les rendres autonomes. Une chose merveilleuse pour leur esprit et leur futur.<\/span><\/p>\n","protected":false},"excerpt":{"rendered":"<p>Au temps du Bouddha Shakyamuni, une Nation Bouddhiste appel\u00e9 Rakhaing \u00e9tait install\u00e9e \u00e0 la fronti\u00e8re entre le Bangladesh et le Burma. Ils contr\u00f4laient tout le commerce de traite sur la Mer Indienne. Apr\u00e8s la deuxi\u00e8me guerre Mondiale, le Bangladesh et le Burma sont devenu des pays ind\u00e9pendants. La communaut\u00e9 Rakhaing fut divis\u00e9 et laisser sans [&hellip;]<\/p>\n","protected":false},"author":1,"featured_media":0,"parent":728,"menu_order":2,"comment_status":"closed","ping_status":"closed","template":"","meta":{"_monsterinsights_skip_tracking":false,"_monsterinsights_sitenote_active":false,"_monsterinsights_sitenote_note":"","_monsterinsights_sitenote_category":0,"footnotes":""},"class_list":["post-730","page","type-page","status-publish","hentry"],"aioseo_notices":[],"yoast_head":"<!-- This site is optimized with the Yoast SEO plugin v26.8 - https:\/\/yoast.com\/product\/yoast-seo-wordpress\/ -->\n<title>Support apport\u00e9 \u00e0 la Minorit\u00e9 Bouddhiste Rakhaing du Bangladesh - Tao Sangha North America<\/title>\n<meta name=\"robots\" content=\"index, follow, max-snippet:-1, max-image-preview:large, max-video-preview:-1\" \/>\n<link rel=\"canonical\" href=\"https:\/\/taosangha-na.com\/fr\/donnant\/projets-daide-internationaux\/support-apporte-a-la-minorite-bouddhiste-rakhaing-du-bangladesh\/\" \/>\n<meta property=\"og:locale\" content=\"fr_FR\" \/>\n<meta property=\"og:type\" content=\"article\" \/>\n<meta property=\"og:title\" content=\"Support apport\u00e9 \u00e0 la Minorit\u00e9 Bouddhiste Rakhaing du Bangladesh - Tao Sangha North America\" \/>\n<meta property=\"og:description\" content=\"Au temps du Bouddha Shakyamuni, une Nation Bouddhiste appel\u00e9 Rakhaing \u00e9tait install\u00e9e \u00e0 la fronti\u00e8re entre le Bangladesh et le Burma. Ils contr\u00f4laient tout le commerce de traite sur la Mer Indienne. Apr\u00e8s la deuxi\u00e8me guerre Mondiale, le Bangladesh et le Burma sont devenu des pays ind\u00e9pendants. La communaut\u00e9 Rakhaing fut divis\u00e9 et laisser sans [&hellip;]\" \/>\n<meta property=\"og:url\" content=\"https:\/\/taosangha-na.com\/fr\/donnant\/projets-daide-internationaux\/support-apporte-a-la-minorite-bouddhiste-rakhaing-du-bangladesh\/\" \/>\n<meta property=\"og:site_name\" content=\"Tao Sangha North America\" \/>\n<meta property=\"article:publisher\" content=\"https:\/\/www.facebook.com\/TaoSanghaGlobalCommunity\/\" \/>\n<meta property=\"article:modified_time\" content=\"2016-01-28T20:14:28+00:00\" \/>\n<meta name=\"twitter:card\" content=\"summary_large_image\" \/>\n<meta name=\"twitter:label1\" content=\"Dur\u00e9e de lecture estim\u00e9e\" \/>\n\t<meta name=\"twitter:data1\" content=\"2 minutes\" \/>\n<script type=\"application\/ld+json\" class=\"yoast-schema-graph\">{\"@context\":\"https:\/\/schema.org\",\"@graph\":[{\"@type\":\"WebPage\",\"@id\":\"https:\/\/taosangha-na.com\/fr\/donnant\/projets-daide-internationaux\/support-apporte-a-la-minorite-bouddhiste-rakhaing-du-bangladesh\/\",\"url\":\"https:\/\/taosangha-na.com\/fr\/donnant\/projets-daide-internationaux\/support-apporte-a-la-minorite-bouddhiste-rakhaing-du-bangladesh\/\",\"name\":\"Support apport\u00e9 \u00e0 la Minorit\u00e9 Bouddhiste Rakhaing du Bangladesh - Tao Sangha North America\",\"isPartOf\":{\"@id\":\"https:\/\/taosangha-na.com\/fr\/#website\"},\"datePublished\":\"2016-01-02T21:00:39+00:00\",\"dateModified\":\"2016-01-28T20:14:28+00:00\",\"breadcrumb\":{\"@id\":\"https:\/\/taosangha-na.com\/fr\/donnant\/projets-daide-internationaux\/support-apporte-a-la-minorite-bouddhiste-rakhaing-du-bangladesh\/#breadcrumb\"},\"inLanguage\":\"fr-FR\",\"potentialAction\":[{\"@type\":\"ReadAction\",\"target\":[\"https:\/\/taosangha-na.com\/fr\/donnant\/projets-daide-internationaux\/support-apporte-a-la-minorite-bouddhiste-rakhaing-du-bangladesh\/\"]}]},{\"@type\":\"BreadcrumbList\",\"@id\":\"https:\/\/taosangha-na.com\/fr\/donnant\/projets-daide-internationaux\/support-apporte-a-la-minorite-bouddhiste-rakhaing-du-bangladesh\/#breadcrumb\",\"itemListElement\":[{\"@type\":\"ListItem\",\"position\":1,\"name\":\"Home\",\"item\":\"https:\/\/taosangha-na.com\/fr\/home-tao-sangha-north-america\/\"},{\"@type\":\"ListItem\",\"position\":2,\"name\":\"Donnant\",\"item\":\"https:\/\/taosangha-na.com\/fr\/donnant\/\"},{\"@type\":\"ListItem\",\"position\":3,\"name\":\"Projets d&#8217;aide internationaux\",\"item\":\"https:\/\/taosangha-na.com\/fr\/donnant\/projets-daide-internationaux\/\"},{\"@type\":\"ListItem\",\"position\":4,\"name\":\"Support apport\u00e9 \u00e0 la Minorit\u00e9 Bouddhiste Rakhaing du Bangladesh\"}]},{\"@type\":\"WebSite\",\"@id\":\"https:\/\/taosangha-na.com\/fr\/#website\",\"url\":\"https:\/\/taosangha-na.com\/fr\/\",\"name\":\"Tao Sangha North America\",\"description\":\"Make Your Life an Art\",\"publisher\":{\"@id\":\"https:\/\/taosangha-na.com\/fr\/#organization\"},\"potentialAction\":[{\"@type\":\"SearchAction\",\"target\":{\"@type\":\"EntryPoint\",\"urlTemplate\":\"https:\/\/taosangha-na.com\/fr\/?s={search_term_string}\"},\"query-input\":{\"@type\":\"PropertyValueSpecification\",\"valueRequired\":true,\"valueName\":\"search_term_string\"}}],\"inLanguage\":\"fr-FR\"},{\"@type\":\"Organization\",\"@id\":\"https:\/\/taosangha-na.com\/fr\/#organization\",\"name\":\"Tao Sangha\",\"url\":\"https:\/\/taosangha-na.com\/fr\/\",\"logo\":{\"@type\":\"ImageObject\",\"inLanguage\":\"fr-FR\",\"@id\":\"https:\/\/taosangha-na.com\/fr\/#\/schema\/logo\/image\/\",\"url\":\"https:\/\/taosangha-na.com\/wp-content\/uploads\/2016\/01\/Tao-Sangha.jpg\",\"contentUrl\":\"https:\/\/taosangha-na.com\/wp-content\/uploads\/2016\/01\/Tao-Sangha.jpg\",\"width\":169,\"height\":170,\"caption\":\"Tao Sangha\"},\"image\":{\"@id\":\"https:\/\/taosangha-na.com\/fr\/#\/schema\/logo\/image\/\"},\"sameAs\":[\"https:\/\/www.facebook.com\/TaoSanghaGlobalCommunity\/\",\"https:\/\/www.youtube.com\/channel\/UC1iy2h4WhzFOikj6UKHC5aw\"]}]}<\/script>\n<!-- \/ Yoast SEO plugin. -->","yoast_head_json":{"title":"Support apport\u00e9 \u00e0 la Minorit\u00e9 Bouddhiste Rakhaing du Bangladesh - Tao Sangha North America","robots":{"index":"index","follow":"follow","max-snippet":"max-snippet:-1","max-image-preview":"max-image-preview:large","max-video-preview":"max-video-preview:-1"},"canonical":"https:\/\/taosangha-na.com\/fr\/donnant\/projets-daide-internationaux\/support-apporte-a-la-minorite-bouddhiste-rakhaing-du-bangladesh\/","og_locale":"fr_FR","og_type":"article","og_title":"Support apport\u00e9 \u00e0 la Minorit\u00e9 Bouddhiste Rakhaing du Bangladesh - Tao Sangha North America","og_description":"Au temps du Bouddha Shakyamuni, une Nation Bouddhiste appel\u00e9 Rakhaing \u00e9tait install\u00e9e \u00e0 la fronti\u00e8re entre le Bangladesh et le Burma. Ils contr\u00f4laient tout le commerce de traite sur la Mer Indienne. Apr\u00e8s la deuxi\u00e8me guerre Mondiale, le Bangladesh et le Burma sont devenu des pays ind\u00e9pendants. La communaut\u00e9 Rakhaing fut divis\u00e9 et laisser sans [&hellip;]","og_url":"https:\/\/taosangha-na.com\/fr\/donnant\/projets-daide-internationaux\/support-apporte-a-la-minorite-bouddhiste-rakhaing-du-bangladesh\/","og_site_name":"Tao Sangha North America","article_publisher":"https:\/\/www.facebook.com\/TaoSanghaGlobalCommunity\/","article_modified_time":"2016-01-28T20:14:28+00:00","twitter_card":"summary_large_image","twitter_misc":{"Dur\u00e9e de lecture estim\u00e9e":"2 minutes"},"schema":{"@context":"https:\/\/schema.org","@graph":[{"@type":"WebPage","@id":"https:\/\/taosangha-na.com\/fr\/donnant\/projets-daide-internationaux\/support-apporte-a-la-minorite-bouddhiste-rakhaing-du-bangladesh\/","url":"https:\/\/taosangha-na.com\/fr\/donnant\/projets-daide-internationaux\/support-apporte-a-la-minorite-bouddhiste-rakhaing-du-bangladesh\/","name":"Support apport\u00e9 \u00e0 la Minorit\u00e9 Bouddhiste Rakhaing du Bangladesh - Tao Sangha North America","isPartOf":{"@id":"https:\/\/taosangha-na.com\/fr\/#website"},"datePublished":"2016-01-02T21:00:39+00:00","dateModified":"2016-01-28T20:14:28+00:00","breadcrumb":{"@id":"https:\/\/taosangha-na.com\/fr\/donnant\/projets-daide-internationaux\/support-apporte-a-la-minorite-bouddhiste-rakhaing-du-bangladesh\/#breadcrumb"},"inLanguage":"fr-FR","potentialAction":[{"@type":"ReadAction","target":["https:\/\/taosangha-na.com\/fr\/donnant\/projets-daide-internationaux\/support-apporte-a-la-minorite-bouddhiste-rakhaing-du-bangladesh\/"]}]},{"@type":"BreadcrumbList","@id":"https:\/\/taosangha-na.com\/fr\/donnant\/projets-daide-internationaux\/support-apporte-a-la-minorite-bouddhiste-rakhaing-du-bangladesh\/#breadcrumb","itemListElement":[{"@type":"ListItem","position":1,"name":"Home","item":"https:\/\/taosangha-na.com\/fr\/home-tao-sangha-north-america\/"},{"@type":"ListItem","position":2,"name":"Donnant","item":"https:\/\/taosangha-na.com\/fr\/donnant\/"},{"@type":"ListItem","position":3,"name":"Projets d&#8217;aide internationaux","item":"https:\/\/taosangha-na.com\/fr\/donnant\/projets-daide-internationaux\/"},{"@type":"ListItem","position":4,"name":"Support apport\u00e9 \u00e0 la Minorit\u00e9 Bouddhiste Rakhaing du Bangladesh"}]},{"@type":"WebSite","@id":"https:\/\/taosangha-na.com\/fr\/#website","url":"https:\/\/taosangha-na.com\/fr\/","name":"Tao Sangha North America","description":"Make Your Life an Art","publisher":{"@id":"https:\/\/taosangha-na.com\/fr\/#organization"},"potentialAction":[{"@type":"SearchAction","target":{"@type":"EntryPoint","urlTemplate":"https:\/\/taosangha-na.com\/fr\/?s={search_term_string}"},"query-input":{"@type":"PropertyValueSpecification","valueRequired":true,"valueName":"search_term_string"}}],"inLanguage":"fr-FR"},{"@type":"Organization","@id":"https:\/\/taosangha-na.com\/fr\/#organization","name":"Tao Sangha","url":"https:\/\/taosangha-na.com\/fr\/","logo":{"@type":"ImageObject","inLanguage":"fr-FR","@id":"https:\/\/taosangha-na.com\/fr\/#\/schema\/logo\/image\/","url":"https:\/\/taosangha-na.com\/wp-content\/uploads\/2016\/01\/Tao-Sangha.jpg","contentUrl":"https:\/\/taosangha-na.com\/wp-content\/uploads\/2016\/01\/Tao-Sangha.jpg","width":169,"height":170,"caption":"Tao Sangha"},"image":{"@id":"https:\/\/taosangha-na.com\/fr\/#\/schema\/logo\/image\/"},"sameAs":["https:\/\/www.facebook.com\/TaoSanghaGlobalCommunity\/","https:\/\/www.youtube.com\/channel\/UC1iy2h4WhzFOikj6UKHC5aw"]}]}},"_links":{"self":[{"href":"https:\/\/taosangha-na.com\/fr\/wp-json\/wp\/v2\/pages\/730","targetHints":{"allow":["GET"]}}],"collection":[{"href":"https:\/\/taosangha-na.com\/fr\/wp-json\/wp\/v2\/pages"}],"about":[{"href":"https:\/\/taosangha-na.com\/fr\/wp-json\/wp\/v2\/types\/page"}],"author":[{"embeddable":true,"href":"https:\/\/taosangha-na.com\/fr\/wp-json\/wp\/v2\/users\/1"}],"replies":[{"embeddable":true,"href":"https:\/\/taosangha-na.com\/fr\/wp-json\/wp\/v2\/comments?post=730"}],"version-history":[{"count":1,"href":"https:\/\/taosangha-na.com\/fr\/wp-json\/wp\/v2\/pages\/730\/revisions"}],"predecessor-version":[{"id":731,"href":"https:\/\/taosangha-na.com\/fr\/wp-json\/wp\/v2\/pages\/730\/revisions\/731"}],"up":[{"embeddable":true,"href":"https:\/\/taosangha-na.com\/fr\/wp-json\/wp\/v2\/pages\/728"}],"wp:attachment":[{"href":"https:\/\/taosangha-na.com\/fr\/wp-json\/wp\/v2\/media?parent=730"}],"curies":[{"name":"wp","href":"https:\/\/api.w.org\/{rel}","templated":true}]}}