{"id":734,"date":"2015-12-27T17:46:17","date_gmt":"2015-12-27T22:46:17","guid":{"rendered":"http:\/\/tsna.taoshiatsuvancouver.com\/fr\/?page_id=734"},"modified":"2016-01-28T15:17:41","modified_gmt":"2016-01-28T20:17:41","slug":"cest-quoi-le-tao-shiatsu","status":"publish","type":"page","link":"https:\/\/taosangha-na.com\/fr\/guerison\/cest-quoi-le-tao-shiatsu\/","title":{"rendered":"C\u2019est quoi le Tao Shiatsu?"},"content":{"rendered":"<p><span style=\"font-weight: 400;\">On retrouve des praticiens et centres de Tao Shiatsu dans plus de dix pays. Les standards d\u2019\u00e9tude de La Soci\u00e9t\u00e9 Internationale de Tao Shiatsu comptent parmi les plus \u00e9lev\u00e9s et les plus exigeants au monde. Pour devenir praticien en Tao Shiatsu, il faut avoir compl\u00e9t\u00e9 au moins trois ans d\u2019\u00e9tude sous la supervision d\u2019enseignants seniors. Les examens doivent \u00eatre par ailleurs r\u00e9ussis sous la supervision d\u2019un enseignant accr\u00e9dit\u00e9 du Japon, incluant le Ma\u00eetre Ryokyu Endo, fondateur du Tao Shiatsu. Ensuite, les praticiens doivent poursuivre leurs \u00e9tudes afin de garder leur certification valide.<\/span><\/p>\n<p><b>Dans quelle mesure le Tao Shiatsu est\u2013il b\u00e9n\u00e9fique?<\/b><\/p>\n<p><span style=\"font-weight: 400;\">Les probl\u00e8mes de sant\u00e9 des quatre derni\u00e8res d\u00e9cennies sont de nature chronique: maux de cou et de dos, maladies cardiaques, cancer, allergies, manque d\u2019\u00e9nergie et d\u00e9pression, pour ne nommer que ceux-ci. Les changements rapides reli\u00e9s \u00e0 notre environnement social et naturel sont \u00e0 la source des troubles physiques et mentaux chez l\u2019\u00eatre humain. Le surmenage et le manque de sommeil sont notamment des facteurs qui s\u2019ajoutent au stress de la vie moderne. Dans ces conditions, traiter les sympt\u00f4mes ne suffit pas en soi: ainsi le Tao Shiatsu traite les niveaux physique, \u00e9motionnel et spirituel du patient, ce qui en fait une m\u00e9thode efficace pour am\u00e9liorer la qualit\u00e9 de vie, la sant\u00e9 et pour acc\u00e9der \u00e0 un \u00e9tat d\u2019\u00e9quilibre et de bonheur.<\/span><\/p>\n<p><b>Pour quelles conditions particuli\u00e8res le Tao Shiatsu est-il b\u00e9n\u00e9fique?<\/b><\/p>\n<ul>\n<li><span style=\"font-weight: 400;\"> Douleurs au dos, au cou, aux \u00e9paules, aux articulations<\/span><\/li>\n<li><span style=\"font-weight: 400;\"> Tensions reli\u00e9es au stress<\/span><\/li>\n<li><span style=\"font-weight: 400;\"> Maux de t\u00eate et migraines<\/span><\/li>\n<li><span style=\"font-weight: 400;\"> D\u00e9sordres digestifs<\/span><\/li>\n<li><span style=\"font-weight: 400;\"> D\u00e9pression et troubles \u00e9motionnels<\/span><\/li>\n<li><span style=\"font-weight: 400;\"> Fatigue chronique<\/span><\/li>\n<li><span style=\"font-weight: 400;\"> Troubles menstruels<\/span><\/li>\n<li><span style=\"font-weight: 400;\"> Insomnie<\/span><\/li>\n<li><span style=\"font-weight: 400;\"> Blessures sportives, syndrome de tensions r\u00e9p\u00e9t\u00e9es,<\/span><\/li>\n<li><span style=\"font-weight: 400;\"> Arthrite<\/span><\/li>\n<li><span style=\"font-weight: 400;\"> Fibromyalgie<\/span><\/li>\n<li><span style=\"font-weight: 400;\"> Sciatique<\/span><\/li>\n<\/ul>\n<p><span style=\"font-weight: 400;\">Les traitements de Tao Shiatsu sont aussi efficaces pour vous apporter un support durant la grossesse et s&rsquo;adressent \u00e9galement aux enfants. Consultez votre praticien pour en discuter.<\/span><\/p>\n<p><b>Comment le traitement de Tao Shiatsu r\u00e9duit-il la douleur et am\u00e9liore-t-il la sant\u00e9?<\/b><\/p>\n<p><span style=\"font-weight: 400;\">Durant la session, des pressions sont exerc\u00e9es sur le corps avec les pouces, les paumes de mains, les avant bras, les genoux et les pieds afin de faire circuler l\u2019\u00e9nergie vitale, le Ki. L\u2019\u00e9nergie stagnante dans le corps (jaki) est la cause principale de toute maladie. Par l\u2019action exerc\u00e9e sur les m\u00e9ridiens, des \u00e9tirements et des pressions sur des points sp\u00e9cifiques, l\u2019\u00e9nergie stagnante est lib\u00e9r\u00e9e et le corps retrouve son \u00e9quilibre naturel. Le Tao Shiatsu ne se concentre pas uniquement sur les sympt\u00f4mes: il favorise l\u2019\u00e9quilibre et l\u2019harmonie du corps, de la pens\u00e9e et de l\u2019esprit, il stimule la vitalit\u00e9 du patient et l\u2019auto gu\u00e9rison intrins\u00e8que au corps humain.<\/span><\/p>\n<p><span style=\"font-weight: 400;\">Les bienfaits d&rsquo;un traitement:<\/span><\/p>\n<ul>\n<li><span style=\"font-weight: 400;\"> Am\u00e9liore la sant\u00e9 et le bien-\u00eatre dans son ensemble<\/span><\/li>\n<li><span style=\"font-weight: 400;\"> R\u00e9duit le stress et procure une d\u00e9tente profonde<\/span><\/li>\n<li><span style=\"font-weight: 400;\"> Augmente la vitalit\u00e9 en faisant circuler l\u2019\u00e9nergie stagnante<\/span><\/li>\n<li><span style=\"font-weight: 400;\"> Pr\u00e9vient la maladie en harmonisant l\u2019\u00e9nergie<\/span><\/li>\n<\/ul>\n<p><b>Comment re\u00e7oit-on le traitement ?<\/b><\/p>\n<p><span style=\"font-weight: 400;\">Lors du traitement, le patient est allong\u00e9 ou assis sur un matelas de coton Japonais d\u00e9pos\u00e9 \u00e0 m\u00eame le sol. Il est conseill\u00e9 de porter des v\u00eatements amples et confortables. Le traitement dure environ une heure, sauf pour la premi\u00e8re rencontre, o\u00f9 l&rsquo;on prend le temps de discuter de l&rsquo;\u00e9tat de sant\u00e9 g\u00e9n\u00e9ral du patient.<\/span><\/p>\n<p><b>Comment se sent-on apr\u00e8s le traitement ?<\/b><\/p>\n<p><span style=\"font-weight: 400;\">Apr\u00e8s le traitement, le patient est plus conscient de son corps, se sent plus calme et ressent une certaine l\u00e9g\u00e8ret\u00e9. Une am\u00e9lioration, voire la disparition des sympt\u00f4mes et de la douleur peuvent \u00eatre exp\u00e9riment\u00e9s imm\u00e9diatement, apr\u00e8s quelques jours ou quelques traitements. Parfois, la r\u00e9action positive, appel\u00e9e Menken, appara\u00eet apr\u00e8s un seul traitement. Ceci se produit lorsque la th\u00e9rapie intensifie la force vitale du patient et \u00e9limine les toxines du corps. Elle permet l\u2019\u00e9mergence d&rsquo;\u00e9motions et d&rsquo;indispositions qui ont jusque-l\u00e0 \u00e9t\u00e9 r\u00e9prim\u00e9es, se manifestant \u00e9ventuellement sous la forme de fatigue, de somnolence, de diarrh\u00e9e, de fi\u00e8vre ou toute autre r\u00e9action symptomatique. La r\u00e9action Menken est associ\u00e9e \u00e0 la gu\u00e9rison.<\/span><\/p>\n<p>&nbsp;<\/p>\n","protected":false},"excerpt":{"rendered":"<p>On retrouve des praticiens et centres de Tao Shiatsu dans plus de dix pays. Les standards d\u2019\u00e9tude de La Soci\u00e9t\u00e9 Internationale de Tao Shiatsu comptent parmi les plus \u00e9lev\u00e9s et les plus exigeants au monde. Pour devenir praticien en Tao Shiatsu, il faut avoir compl\u00e9t\u00e9 au moins trois ans d\u2019\u00e9tude sous la supervision d\u2019enseignants seniors. [&hellip;]<\/p>\n","protected":false},"author":1,"featured_media":0,"parent":948,"menu_order":1,"comment_status":"closed","ping_status":"closed","template":"","meta":{"_monsterinsights_skip_tracking":false,"_monsterinsights_sitenote_active":false,"_monsterinsights_sitenote_note":"","_monsterinsights_sitenote_category":0,"footnotes":""},"class_list":["post-734","page","type-page","status-publish","hentry"],"aioseo_notices":[],"yoast_head":"<!-- This site is optimized with the Yoast SEO plugin v26.8 - https:\/\/yoast.com\/product\/yoast-seo-wordpress\/ -->\n<title>C\u2019est quoi le Tao Shiatsu? - Tao Sangha North America<\/title>\n<meta name=\"robots\" content=\"index, follow, max-snippet:-1, max-image-preview:large, max-video-preview:-1\" \/>\n<link rel=\"canonical\" href=\"https:\/\/taosangha-na.com\/fr\/guerison\/cest-quoi-le-tao-shiatsu\/\" \/>\n<meta property=\"og:locale\" content=\"fr_FR\" \/>\n<meta property=\"og:type\" content=\"article\" \/>\n<meta property=\"og:title\" content=\"C\u2019est quoi le Tao Shiatsu? - Tao Sangha North America\" \/>\n<meta property=\"og:description\" content=\"On retrouve des praticiens et centres de Tao Shiatsu dans plus de dix pays. Les standards d\u2019\u00e9tude de La Soci\u00e9t\u00e9 Internationale de Tao Shiatsu comptent parmi les plus \u00e9lev\u00e9s et les plus exigeants au monde. Pour devenir praticien en Tao Shiatsu, il faut avoir compl\u00e9t\u00e9 au moins trois ans d\u2019\u00e9tude sous la supervision d\u2019enseignants seniors. [&hellip;]\" \/>\n<meta property=\"og:url\" content=\"https:\/\/taosangha-na.com\/fr\/guerison\/cest-quoi-le-tao-shiatsu\/\" \/>\n<meta property=\"og:site_name\" content=\"Tao Sangha North America\" \/>\n<meta property=\"article:publisher\" content=\"https:\/\/www.facebook.com\/TaoSanghaGlobalCommunity\/\" \/>\n<meta property=\"article:modified_time\" content=\"2016-01-28T20:17:41+00:00\" \/>\n<meta name=\"twitter:card\" content=\"summary_large_image\" \/>\n<meta name=\"twitter:label1\" content=\"Dur\u00e9e de lecture estim\u00e9e\" \/>\n\t<meta name=\"twitter:data1\" content=\"4 minutes\" \/>\n<script type=\"application\/ld+json\" class=\"yoast-schema-graph\">{\"@context\":\"https:\/\/schema.org\",\"@graph\":[{\"@type\":\"WebPage\",\"@id\":\"https:\/\/taosangha-na.com\/fr\/guerison\/cest-quoi-le-tao-shiatsu\/\",\"url\":\"https:\/\/taosangha-na.com\/fr\/guerison\/cest-quoi-le-tao-shiatsu\/\",\"name\":\"C\u2019est quoi le Tao Shiatsu? - Tao Sangha North America\",\"isPartOf\":{\"@id\":\"https:\/\/taosangha-na.com\/fr\/#website\"},\"datePublished\":\"2015-12-27T22:46:17+00:00\",\"dateModified\":\"2016-01-28T20:17:41+00:00\",\"breadcrumb\":{\"@id\":\"https:\/\/taosangha-na.com\/fr\/guerison\/cest-quoi-le-tao-shiatsu\/#breadcrumb\"},\"inLanguage\":\"fr-FR\",\"potentialAction\":[{\"@type\":\"ReadAction\",\"target\":[\"https:\/\/taosangha-na.com\/fr\/guerison\/cest-quoi-le-tao-shiatsu\/\"]}]},{\"@type\":\"BreadcrumbList\",\"@id\":\"https:\/\/taosangha-na.com\/fr\/guerison\/cest-quoi-le-tao-shiatsu\/#breadcrumb\",\"itemListElement\":[{\"@type\":\"ListItem\",\"position\":1,\"name\":\"Home\",\"item\":\"https:\/\/taosangha-na.com\/fr\/home-tao-sangha-north-america\/\"},{\"@type\":\"ListItem\",\"position\":2,\"name\":\"Gu\u00e9rison\",\"item\":\"https:\/\/taosangha-na.com\/fr\/guerison\/\"},{\"@type\":\"ListItem\",\"position\":3,\"name\":\"C\u2019est quoi le Tao Shiatsu?\"}]},{\"@type\":\"WebSite\",\"@id\":\"https:\/\/taosangha-na.com\/fr\/#website\",\"url\":\"https:\/\/taosangha-na.com\/fr\/\",\"name\":\"Tao Sangha North America\",\"description\":\"Make Your Life an Art\",\"publisher\":{\"@id\":\"https:\/\/taosangha-na.com\/fr\/#organization\"},\"potentialAction\":[{\"@type\":\"SearchAction\",\"target\":{\"@type\":\"EntryPoint\",\"urlTemplate\":\"https:\/\/taosangha-na.com\/fr\/?s={search_term_string}\"},\"query-input\":{\"@type\":\"PropertyValueSpecification\",\"valueRequired\":true,\"valueName\":\"search_term_string\"}}],\"inLanguage\":\"fr-FR\"},{\"@type\":\"Organization\",\"@id\":\"https:\/\/taosangha-na.com\/fr\/#organization\",\"name\":\"Tao Sangha\",\"url\":\"https:\/\/taosangha-na.com\/fr\/\",\"logo\":{\"@type\":\"ImageObject\",\"inLanguage\":\"fr-FR\",\"@id\":\"https:\/\/taosangha-na.com\/fr\/#\/schema\/logo\/image\/\",\"url\":\"https:\/\/taosangha-na.com\/wp-content\/uploads\/2016\/01\/Tao-Sangha.jpg\",\"contentUrl\":\"https:\/\/taosangha-na.com\/wp-content\/uploads\/2016\/01\/Tao-Sangha.jpg\",\"width\":169,\"height\":170,\"caption\":\"Tao Sangha\"},\"image\":{\"@id\":\"https:\/\/taosangha-na.com\/fr\/#\/schema\/logo\/image\/\"},\"sameAs\":[\"https:\/\/www.facebook.com\/TaoSanghaGlobalCommunity\/\",\"https:\/\/www.youtube.com\/channel\/UC1iy2h4WhzFOikj6UKHC5aw\"]}]}<\/script>\n<!-- \/ Yoast SEO plugin. -->","yoast_head_json":{"title":"C\u2019est quoi le Tao Shiatsu? - Tao Sangha North America","robots":{"index":"index","follow":"follow","max-snippet":"max-snippet:-1","max-image-preview":"max-image-preview:large","max-video-preview":"max-video-preview:-1"},"canonical":"https:\/\/taosangha-na.com\/fr\/guerison\/cest-quoi-le-tao-shiatsu\/","og_locale":"fr_FR","og_type":"article","og_title":"C\u2019est quoi le Tao Shiatsu? - Tao Sangha North America","og_description":"On retrouve des praticiens et centres de Tao Shiatsu dans plus de dix pays. Les standards d\u2019\u00e9tude de La Soci\u00e9t\u00e9 Internationale de Tao Shiatsu comptent parmi les plus \u00e9lev\u00e9s et les plus exigeants au monde. Pour devenir praticien en Tao Shiatsu, il faut avoir compl\u00e9t\u00e9 au moins trois ans d\u2019\u00e9tude sous la supervision d\u2019enseignants seniors. [&hellip;]","og_url":"https:\/\/taosangha-na.com\/fr\/guerison\/cest-quoi-le-tao-shiatsu\/","og_site_name":"Tao Sangha North America","article_publisher":"https:\/\/www.facebook.com\/TaoSanghaGlobalCommunity\/","article_modified_time":"2016-01-28T20:17:41+00:00","twitter_card":"summary_large_image","twitter_misc":{"Dur\u00e9e de lecture estim\u00e9e":"4 minutes"},"schema":{"@context":"https:\/\/schema.org","@graph":[{"@type":"WebPage","@id":"https:\/\/taosangha-na.com\/fr\/guerison\/cest-quoi-le-tao-shiatsu\/","url":"https:\/\/taosangha-na.com\/fr\/guerison\/cest-quoi-le-tao-shiatsu\/","name":"C\u2019est quoi le Tao Shiatsu? - Tao Sangha North America","isPartOf":{"@id":"https:\/\/taosangha-na.com\/fr\/#website"},"datePublished":"2015-12-27T22:46:17+00:00","dateModified":"2016-01-28T20:17:41+00:00","breadcrumb":{"@id":"https:\/\/taosangha-na.com\/fr\/guerison\/cest-quoi-le-tao-shiatsu\/#breadcrumb"},"inLanguage":"fr-FR","potentialAction":[{"@type":"ReadAction","target":["https:\/\/taosangha-na.com\/fr\/guerison\/cest-quoi-le-tao-shiatsu\/"]}]},{"@type":"BreadcrumbList","@id":"https:\/\/taosangha-na.com\/fr\/guerison\/cest-quoi-le-tao-shiatsu\/#breadcrumb","itemListElement":[{"@type":"ListItem","position":1,"name":"Home","item":"https:\/\/taosangha-na.com\/fr\/home-tao-sangha-north-america\/"},{"@type":"ListItem","position":2,"name":"Gu\u00e9rison","item":"https:\/\/taosangha-na.com\/fr\/guerison\/"},{"@type":"ListItem","position":3,"name":"C\u2019est quoi le Tao Shiatsu?"}]},{"@type":"WebSite","@id":"https:\/\/taosangha-na.com\/fr\/#website","url":"https:\/\/taosangha-na.com\/fr\/","name":"Tao Sangha North America","description":"Make Your Life an Art","publisher":{"@id":"https:\/\/taosangha-na.com\/fr\/#organization"},"potentialAction":[{"@type":"SearchAction","target":{"@type":"EntryPoint","urlTemplate":"https:\/\/taosangha-na.com\/fr\/?s={search_term_string}"},"query-input":{"@type":"PropertyValueSpecification","valueRequired":true,"valueName":"search_term_string"}}],"inLanguage":"fr-FR"},{"@type":"Organization","@id":"https:\/\/taosangha-na.com\/fr\/#organization","name":"Tao Sangha","url":"https:\/\/taosangha-na.com\/fr\/","logo":{"@type":"ImageObject","inLanguage":"fr-FR","@id":"https:\/\/taosangha-na.com\/fr\/#\/schema\/logo\/image\/","url":"https:\/\/taosangha-na.com\/wp-content\/uploads\/2016\/01\/Tao-Sangha.jpg","contentUrl":"https:\/\/taosangha-na.com\/wp-content\/uploads\/2016\/01\/Tao-Sangha.jpg","width":169,"height":170,"caption":"Tao Sangha"},"image":{"@id":"https:\/\/taosangha-na.com\/fr\/#\/schema\/logo\/image\/"},"sameAs":["https:\/\/www.facebook.com\/TaoSanghaGlobalCommunity\/","https:\/\/www.youtube.com\/channel\/UC1iy2h4WhzFOikj6UKHC5aw"]}]}},"_links":{"self":[{"href":"https:\/\/taosangha-na.com\/fr\/wp-json\/wp\/v2\/pages\/734","targetHints":{"allow":["GET"]}}],"collection":[{"href":"https:\/\/taosangha-na.com\/fr\/wp-json\/wp\/v2\/pages"}],"about":[{"href":"https:\/\/taosangha-na.com\/fr\/wp-json\/wp\/v2\/types\/page"}],"author":[{"embeddable":true,"href":"https:\/\/taosangha-na.com\/fr\/wp-json\/wp\/v2\/users\/1"}],"replies":[{"embeddable":true,"href":"https:\/\/taosangha-na.com\/fr\/wp-json\/wp\/v2\/comments?post=734"}],"version-history":[{"count":1,"href":"https:\/\/taosangha-na.com\/fr\/wp-json\/wp\/v2\/pages\/734\/revisions"}],"predecessor-version":[{"id":735,"href":"https:\/\/taosangha-na.com\/fr\/wp-json\/wp\/v2\/pages\/734\/revisions\/735"}],"up":[{"embeddable":true,"href":"https:\/\/taosangha-na.com\/fr\/wp-json\/wp\/v2\/pages\/948"}],"wp:attachment":[{"href":"https:\/\/taosangha-na.com\/fr\/wp-json\/wp\/v2\/media?parent=734"}],"curies":[{"name":"wp","href":"https:\/\/api.w.org\/{rel}","templated":true}]}}