{"id":736,"date":"2015-12-27T18:05:47","date_gmt":"2015-12-27T23:05:47","guid":{"rendered":"http:\/\/tsna.taoshiatsuvancouver.com\/fr\/?page_id=736"},"modified":"2017-01-07T17:08:37","modified_gmt":"2017-01-07T22:08:37","slug":"questions-et-reponses-introduction","status":"publish","type":"page","link":"https:\/\/taosangha-na.com\/fr\/guerison\/questions-et-reponses-introduction\/","title":{"rendered":"Questions et R\u00e9ponses &#8211; Introduction"},"content":{"rendered":"<h2>Introduction du Tao Shiatsu pour les nouveaux venus<\/h2>\n<p>Beaucoup de personnes \u00e9prouvent a r\u00e9p\u00e9tition un sentiment de d\u00e9courageant vis a vis du soulagements temporaires de leur douleur apr\u00e8s des traitements de massoth\u00e9rapie ou de travail corporel.<br \/>\nLe fond de votre c\u0153ur ne veut plus de soulagement temporaire! Le Tao Shiatsu procure un soulagement permanent de vos sympt\u00f4mes. M\u00eame vos sympt\u00f4mes chroniques peuvent \u00eatre \u00e9limin\u00e9s par Tao Shiatsu, un traitement que vous pouvez accepter et comprendre du fond de votre c\u0153ur.<\/p>\n<p>Q: Qu\u2019est ce que le Tao Shiatsu ?<br \/>\nR : Le Jaki (de l\u2019\u00e9nergie stagnante ou non n\u00e9cessaire) est la cause de maladie. Quand des points (\u00ab Tsubo \u00bb) le long des m\u00e9ridiens sont stimul\u00e9s (par pression), le Jaki est lib\u00e9r\u00e9 et le corps peut ensuite gu\u00e9rir.<\/p>\n<p>Q: Qu\u2019est ce que les m\u00e9ridiens ?<br \/>\nR : Les m\u00e9ridiens sont \u00ab les Voies de la vie \u00bb ! L\u2019\u00e9nergie vitale (Ki en Japonnais ou Chi en Chinois) circule le long des m\u00e9ridiens et permet \u00e0 toutes les parties de notre corps, y compris les organes, les articulations et le syst\u00e8me musculaire, de fonctionner.<\/p>\n<p>Q: Qu\u2019est ce que le \u00ab Ki\u00bb et comment le \u00ab Ki\u00bb et reli\u00e9 \u00e0 la vie ?<br \/>\nR : Le KI est notre \u00e9nergie vitale. Une t\u00e9l\u00e9vision est juste une bo\u00eete s&rsquo;il n&rsquo;y a pas de signaux qui le traversent. Il en va de m\u00eame pour notre corps, il prend vie quand il y a l&rsquo;existence du Ki. Ensuite, il est possible pour lui de fonctionner.<\/p>\n<p>Q : Est ce que le m\u00e9ridien existe, m\u00eame si ce n&rsquo;est pas visible \u00e0 l&rsquo;oeil ?<br \/>\nR: Oui, les m\u00e9ridiens existent, m\u00eame si nous ne pouvons pas les voir. Ils coulent comme le courant d&rsquo;une rivi\u00e8re, mais ne peuvent \u00eatre per\u00e7u comme le signal qui anime une t\u00e9l\u00e9vision.<\/p>\n<p>Q : Qu\u2019est ce que le \u00ab Ja-Ki \u00bb et pourquoi provoque t\u2019il nos maladies ?<br \/>\nR : \u00ab\u00a0Ja\u00a0\u00bb signifie \u00ab pas en harmonie \u00bb, ou de l&rsquo;\u00e9nergie n\u00e9gative. Lorsque le d\u00e9bit d&rsquo;une rivi\u00e8re devient stagnant, la rivi\u00e8re devient pollu\u00e9e. C\u2019est lorsque le flux de Ki dans notre corps n\u2019est plus en harmonie et devient stagnant, que r\u00e9sulte la maladie. Le traitement lib\u00e8re le \u00ab\u00a0Jaki\u00a0\u00bb et restaure votre \u00e9tat pour un retour \u00e0 la sant\u00e9.<\/p>\n<p>Q : Est ce que le \u00ab Jaki \u00bb se trouve dans notre corps<br \/>\nR : Profond\u00e9ment \u00e0 l&rsquo;int\u00e9rieur de notre corps, il y a des points d&rsquo;acc\u00e8s qui relie le monde subconscient. C&rsquo;est ce qu&rsquo;on appelle les \u00ab Tsubo \u00bb. C&rsquo;est de l\u00e0 que nous avons acc\u00e8s pour la lib\u00e9ration du \u00ab\u00a0Jaki\u00a0\u00bb. La cause initiale de votre \u00e9tat de sant\u00e9 est dans votre subconscient.<br \/>\nCela est vrai pour tout sympt\u00f4me physique, mental ou \u00e9motionnel. Lorsque le \u00ab Jaki \u00bb est lib\u00e9r\u00e9, le blocage dans votre subconscient est parti, et l&rsquo;\u00e9nergie positive (Seiki) est r\u00e9tablie. De ce fait, non seulement les sympt\u00f4mes disparaissent, mais une transition vers une nouvelle attitude de vie est assur\u00e9e. C&rsquo;est le moment ou \u00ab votre bonne fortune \u00bb commence \u00e0 s&rsquo;am\u00e9liorer. Nos th\u00e9rapeutes vous souhaitent une vie meilleur et heureuse, en plus d&rsquo;une bonne sant\u00e9.<\/p>\n<p>Q : Quand le \u00ab Jaki \u00bb est lib\u00e9r\u00e9, le sentons nous ?<br \/>\nR : Oui, tout le monde peut clairement le sentir. Par exemple, lorsque la pression est appliqu\u00e9e sur un \u00ab Tsubo \u00bb, sur votre cou par exemple, vous ressentez une sensation comme si de l&rsquo;\u00e9lectricit\u00e9 court vers la main et les doigts. Nous appelons cette sensation un \u00ab\u00a0\u00e9cho\u00a0\u00bb. C&rsquo;est un sentiment unique qui arrive quand le \u00ab Jaki \u00bb quitte le corps. Lorsque \u00ab l\u2019\u00e9cho \u00bb est parti, les sympt\u00f4mes s\u2019am\u00e9liorent.<\/p>\n<p>Q: Est ce qu\u2019il y a d\u2019autres informations ailleurs que sur le site web ?<br \/>\nR : Oui, il y a le livre \u00ab Tao Shiatsu \u2013 M\u00e9decine vivante pour le 21\u00e8me si\u00e8cle \u00bb. Vous pouvez l\u2019acheter sur Amazon ou dans plusieurs librairie.<\/p>\n<p>Q : Je vois plusieurs livres publi\u00e9s par Endo Ryokyu. Est ce que cette personne est le fondateur du Tao Shiatsu ?<br \/>\nR : Oui, vous pouvez lire la biographie de Endo Ryokyu ici et visiter son blog ici. (En japonais uniquement).<\/p>\n","protected":false},"excerpt":{"rendered":"<p>Introduction du Tao Shiatsu pour les nouveaux venus Beaucoup de personnes \u00e9prouvent a r\u00e9p\u00e9tition un sentiment de d\u00e9courageant vis a vis du soulagements temporaires de leur douleur apr\u00e8s des traitements de massoth\u00e9rapie ou de travail corporel. Le fond de votre c\u0153ur ne veut plus de soulagement temporaire! Le Tao Shiatsu procure un soulagement permanent de [&hellip;]<\/p>\n","protected":false},"author":1,"featured_media":0,"parent":948,"menu_order":3,"comment_status":"closed","ping_status":"closed","template":"","meta":{"_monsterinsights_skip_tracking":false,"_monsterinsights_sitenote_active":false,"_monsterinsights_sitenote_note":"","_monsterinsights_sitenote_category":0,"footnotes":""},"class_list":["post-736","page","type-page","status-publish","hentry"],"aioseo_notices":[],"yoast_head":"<!-- This site is optimized with the Yoast SEO plugin v26.8 - https:\/\/yoast.com\/product\/yoast-seo-wordpress\/ -->\n<title>Questions et R\u00e9ponses - Introduction - Tao Sangha North America<\/title>\n<meta name=\"robots\" content=\"index, follow, max-snippet:-1, max-image-preview:large, max-video-preview:-1\" \/>\n<link rel=\"canonical\" href=\"https:\/\/taosangha-na.com\/fr\/guerison\/questions-et-reponses-introduction\/\" \/>\n<meta property=\"og:locale\" content=\"fr_FR\" \/>\n<meta property=\"og:type\" content=\"article\" \/>\n<meta property=\"og:title\" content=\"Questions et R\u00e9ponses - Introduction - Tao Sangha North America\" \/>\n<meta property=\"og:description\" content=\"Introduction du Tao Shiatsu pour les nouveaux venus Beaucoup de personnes \u00e9prouvent a r\u00e9p\u00e9tition un sentiment de d\u00e9courageant vis a vis du soulagements temporaires de leur douleur apr\u00e8s des traitements de massoth\u00e9rapie ou de travail corporel. Le fond de votre c\u0153ur ne veut plus de soulagement temporaire! Le Tao Shiatsu procure un soulagement permanent de [&hellip;]\" \/>\n<meta property=\"og:url\" content=\"https:\/\/taosangha-na.com\/fr\/guerison\/questions-et-reponses-introduction\/\" \/>\n<meta property=\"og:site_name\" content=\"Tao Sangha North America\" \/>\n<meta property=\"article:publisher\" content=\"https:\/\/www.facebook.com\/TaoSanghaGlobalCommunity\/\" \/>\n<meta property=\"article:modified_time\" content=\"2017-01-07T22:08:37+00:00\" \/>\n<meta name=\"twitter:card\" content=\"summary_large_image\" \/>\n<meta name=\"twitter:label1\" content=\"Dur\u00e9e de lecture estim\u00e9e\" \/>\n\t<meta name=\"twitter:data1\" content=\"4 minutes\" \/>\n<script type=\"application\/ld+json\" class=\"yoast-schema-graph\">{\"@context\":\"https:\/\/schema.org\",\"@graph\":[{\"@type\":\"WebPage\",\"@id\":\"https:\/\/taosangha-na.com\/fr\/guerison\/questions-et-reponses-introduction\/\",\"url\":\"https:\/\/taosangha-na.com\/fr\/guerison\/questions-et-reponses-introduction\/\",\"name\":\"Questions et R\u00e9ponses - Introduction - Tao Sangha North America\",\"isPartOf\":{\"@id\":\"https:\/\/taosangha-na.com\/fr\/#website\"},\"datePublished\":\"2015-12-27T23:05:47+00:00\",\"dateModified\":\"2017-01-07T22:08:37+00:00\",\"breadcrumb\":{\"@id\":\"https:\/\/taosangha-na.com\/fr\/guerison\/questions-et-reponses-introduction\/#breadcrumb\"},\"inLanguage\":\"fr-FR\",\"potentialAction\":[{\"@type\":\"ReadAction\",\"target\":[\"https:\/\/taosangha-na.com\/fr\/guerison\/questions-et-reponses-introduction\/\"]}]},{\"@type\":\"BreadcrumbList\",\"@id\":\"https:\/\/taosangha-na.com\/fr\/guerison\/questions-et-reponses-introduction\/#breadcrumb\",\"itemListElement\":[{\"@type\":\"ListItem\",\"position\":1,\"name\":\"Home\",\"item\":\"https:\/\/taosangha-na.com\/fr\/home-tao-sangha-north-america\/\"},{\"@type\":\"ListItem\",\"position\":2,\"name\":\"Gu\u00e9rison\",\"item\":\"https:\/\/taosangha-na.com\/fr\/guerison\/\"},{\"@type\":\"ListItem\",\"position\":3,\"name\":\"Questions et R\u00e9ponses &#8211; Introduction\"}]},{\"@type\":\"WebSite\",\"@id\":\"https:\/\/taosangha-na.com\/fr\/#website\",\"url\":\"https:\/\/taosangha-na.com\/fr\/\",\"name\":\"Tao Sangha North America\",\"description\":\"Make Your Life an Art\",\"publisher\":{\"@id\":\"https:\/\/taosangha-na.com\/fr\/#organization\"},\"potentialAction\":[{\"@type\":\"SearchAction\",\"target\":{\"@type\":\"EntryPoint\",\"urlTemplate\":\"https:\/\/taosangha-na.com\/fr\/?s={search_term_string}\"},\"query-input\":{\"@type\":\"PropertyValueSpecification\",\"valueRequired\":true,\"valueName\":\"search_term_string\"}}],\"inLanguage\":\"fr-FR\"},{\"@type\":\"Organization\",\"@id\":\"https:\/\/taosangha-na.com\/fr\/#organization\",\"name\":\"Tao Sangha\",\"url\":\"https:\/\/taosangha-na.com\/fr\/\",\"logo\":{\"@type\":\"ImageObject\",\"inLanguage\":\"fr-FR\",\"@id\":\"https:\/\/taosangha-na.com\/fr\/#\/schema\/logo\/image\/\",\"url\":\"https:\/\/taosangha-na.com\/wp-content\/uploads\/2016\/01\/Tao-Sangha.jpg\",\"contentUrl\":\"https:\/\/taosangha-na.com\/wp-content\/uploads\/2016\/01\/Tao-Sangha.jpg\",\"width\":169,\"height\":170,\"caption\":\"Tao Sangha\"},\"image\":{\"@id\":\"https:\/\/taosangha-na.com\/fr\/#\/schema\/logo\/image\/\"},\"sameAs\":[\"https:\/\/www.facebook.com\/TaoSanghaGlobalCommunity\/\",\"https:\/\/www.youtube.com\/channel\/UC1iy2h4WhzFOikj6UKHC5aw\"]}]}<\/script>\n<!-- \/ Yoast SEO plugin. -->","yoast_head_json":{"title":"Questions et R\u00e9ponses - Introduction - Tao Sangha North America","robots":{"index":"index","follow":"follow","max-snippet":"max-snippet:-1","max-image-preview":"max-image-preview:large","max-video-preview":"max-video-preview:-1"},"canonical":"https:\/\/taosangha-na.com\/fr\/guerison\/questions-et-reponses-introduction\/","og_locale":"fr_FR","og_type":"article","og_title":"Questions et R\u00e9ponses - Introduction - Tao Sangha North America","og_description":"Introduction du Tao Shiatsu pour les nouveaux venus Beaucoup de personnes \u00e9prouvent a r\u00e9p\u00e9tition un sentiment de d\u00e9courageant vis a vis du soulagements temporaires de leur douleur apr\u00e8s des traitements de massoth\u00e9rapie ou de travail corporel. Le fond de votre c\u0153ur ne veut plus de soulagement temporaire! Le Tao Shiatsu procure un soulagement permanent de [&hellip;]","og_url":"https:\/\/taosangha-na.com\/fr\/guerison\/questions-et-reponses-introduction\/","og_site_name":"Tao Sangha North America","article_publisher":"https:\/\/www.facebook.com\/TaoSanghaGlobalCommunity\/","article_modified_time":"2017-01-07T22:08:37+00:00","twitter_card":"summary_large_image","twitter_misc":{"Dur\u00e9e de lecture estim\u00e9e":"4 minutes"},"schema":{"@context":"https:\/\/schema.org","@graph":[{"@type":"WebPage","@id":"https:\/\/taosangha-na.com\/fr\/guerison\/questions-et-reponses-introduction\/","url":"https:\/\/taosangha-na.com\/fr\/guerison\/questions-et-reponses-introduction\/","name":"Questions et R\u00e9ponses - Introduction - Tao Sangha North America","isPartOf":{"@id":"https:\/\/taosangha-na.com\/fr\/#website"},"datePublished":"2015-12-27T23:05:47+00:00","dateModified":"2017-01-07T22:08:37+00:00","breadcrumb":{"@id":"https:\/\/taosangha-na.com\/fr\/guerison\/questions-et-reponses-introduction\/#breadcrumb"},"inLanguage":"fr-FR","potentialAction":[{"@type":"ReadAction","target":["https:\/\/taosangha-na.com\/fr\/guerison\/questions-et-reponses-introduction\/"]}]},{"@type":"BreadcrumbList","@id":"https:\/\/taosangha-na.com\/fr\/guerison\/questions-et-reponses-introduction\/#breadcrumb","itemListElement":[{"@type":"ListItem","position":1,"name":"Home","item":"https:\/\/taosangha-na.com\/fr\/home-tao-sangha-north-america\/"},{"@type":"ListItem","position":2,"name":"Gu\u00e9rison","item":"https:\/\/taosangha-na.com\/fr\/guerison\/"},{"@type":"ListItem","position":3,"name":"Questions et R\u00e9ponses &#8211; Introduction"}]},{"@type":"WebSite","@id":"https:\/\/taosangha-na.com\/fr\/#website","url":"https:\/\/taosangha-na.com\/fr\/","name":"Tao Sangha North America","description":"Make Your Life an Art","publisher":{"@id":"https:\/\/taosangha-na.com\/fr\/#organization"},"potentialAction":[{"@type":"SearchAction","target":{"@type":"EntryPoint","urlTemplate":"https:\/\/taosangha-na.com\/fr\/?s={search_term_string}"},"query-input":{"@type":"PropertyValueSpecification","valueRequired":true,"valueName":"search_term_string"}}],"inLanguage":"fr-FR"},{"@type":"Organization","@id":"https:\/\/taosangha-na.com\/fr\/#organization","name":"Tao Sangha","url":"https:\/\/taosangha-na.com\/fr\/","logo":{"@type":"ImageObject","inLanguage":"fr-FR","@id":"https:\/\/taosangha-na.com\/fr\/#\/schema\/logo\/image\/","url":"https:\/\/taosangha-na.com\/wp-content\/uploads\/2016\/01\/Tao-Sangha.jpg","contentUrl":"https:\/\/taosangha-na.com\/wp-content\/uploads\/2016\/01\/Tao-Sangha.jpg","width":169,"height":170,"caption":"Tao Sangha"},"image":{"@id":"https:\/\/taosangha-na.com\/fr\/#\/schema\/logo\/image\/"},"sameAs":["https:\/\/www.facebook.com\/TaoSanghaGlobalCommunity\/","https:\/\/www.youtube.com\/channel\/UC1iy2h4WhzFOikj6UKHC5aw"]}]}},"_links":{"self":[{"href":"https:\/\/taosangha-na.com\/fr\/wp-json\/wp\/v2\/pages\/736","targetHints":{"allow":["GET"]}}],"collection":[{"href":"https:\/\/taosangha-na.com\/fr\/wp-json\/wp\/v2\/pages"}],"about":[{"href":"https:\/\/taosangha-na.com\/fr\/wp-json\/wp\/v2\/types\/page"}],"author":[{"embeddable":true,"href":"https:\/\/taosangha-na.com\/fr\/wp-json\/wp\/v2\/users\/1"}],"replies":[{"embeddable":true,"href":"https:\/\/taosangha-na.com\/fr\/wp-json\/wp\/v2\/comments?post=736"}],"version-history":[{"count":2,"href":"https:\/\/taosangha-na.com\/fr\/wp-json\/wp\/v2\/pages\/736\/revisions"}],"predecessor-version":[{"id":1797,"href":"https:\/\/taosangha-na.com\/fr\/wp-json\/wp\/v2\/pages\/736\/revisions\/1797"}],"up":[{"embeddable":true,"href":"https:\/\/taosangha-na.com\/fr\/wp-json\/wp\/v2\/pages\/948"}],"wp:attachment":[{"href":"https:\/\/taosangha-na.com\/fr\/wp-json\/wp\/v2\/media?parent=736"}],"curies":[{"name":"wp","href":"https:\/\/api.w.org\/{rel}","templated":true}]}}