{"id":770,"date":"2015-12-30T15:52:24","date_gmt":"2015-12-30T20:52:24","guid":{"rendered":"http:\/\/tsna.taoshiatsuvancouver.com\/fr\/?page_id=770"},"modified":"2016-01-29T13:22:48","modified_gmt":"2016-01-29T18:22:48","slug":"commentaires-des-participants","status":"publish","type":"page","link":"https:\/\/taosangha-na.com\/fr\/apprendre\/atelier-la-puissance-du-ki\/commentaires-des-participants\/","title":{"rendered":"Commentaires des participants"},"content":{"rendered":"<h2>Commentaires des participants \u00e0 l\u2019atelier: La Puissance du Ki<\/h2>\n<p>Je suis venu \u00e0 l\u2019atelier avec l\u2019espoir d\u2019apprendre \u00e0 contr\u00f4ler mes pens\u00e9es et arr\u00eater de vivre dans ma propre t\u00eate plus que dans le monde autour de moi. L\u2019atelier m\u2019a appris que l\u2019\u00e9nergie avec laquelle je vis et que je proj\u00e8te dans ce monde ne rel\u00e8ve pas de l\u2019analyse mais pl\u00fbtot de ma connection avec les gens autour de moi et d\u2019un sens consistant d\u2019amour et de bonheur. Je trouve que cet atelier m\u2019a apport\u00e9 de la lumi\u00e8re et me laisse avec un sentiment de paix et de calme. Cette exp\u00e9rience a transform\u00e9 ma vie de tous les jours.<br \/>\nC.M.<\/p>\n<p>G\u00e9nial! Cet atelier m\u2019a remplie de bonheur et laiss\u00e9e avec le sentiment que tout ira bien.<br \/>\nUn moment dans ma vie o\u00f9 j\u2019avais besoin de me sentir guid\u00e9e de cette fa\u00e7on.<br \/>\nUn gros merci, une exp\u00e9rience tr\u00e8s amusante, mais aussi tr\u00e8s profonde.<br \/>\nJ\u2019ai le sentiment que mon coeur est l\u00e9ger et que ma foi est in\u00e9branlable.<br \/>\nK.D.<\/p>\n<p>Un atelier tr\u00e8s \u00e9mouvant qui m\u2019a aid\u00e9 \u00e0 prendre conscience de mon environnement.<br \/>\nJe me sentais vraiment d\u00e9tendu apr\u00e8s l\u2019atelier et d\u00e9finitivement, je reviendrai.<br \/>\nanonyme<\/p>\n<p>Je suis venu \u00e0 l\u2019atelier pour apprendre sur le \u201cKi\u201d, mais je ne l\u2019ai pas ressenti autant que j\u2019aurais voulu, je crois que c\u2019est tr\u00e8s profond et difficile la premi\u00e8re fois. Je n\u2019ai pas ressenti beaucoup l\u2019\u00e9nergie durant le Chant Nembutsu, ce fut pour moi une tr\u00e8s bonne exp\u00e9rience.<br \/>\nanonyme<\/p>\n<p>J\u2019adore rire et partager le Ki.<br \/>\nLa Tao Sangha me rappelle que nous sommes tous faits et n\u00e9s pour nous aimer les uns les autres.<br \/>\nMerci pour tout.<br \/>\nanonyme<\/p>\n<p>Comme toujours, instructif et illuminant.Tous les jours, je porte ces lessons dans mon coeur.<br \/>\nCet atelier est excellent!<br \/>\nI.B.<\/p>\n<p>C\u2019\u00e9tait<br \/>\n&#8211; Positif<br \/>\n&#8211; Amusant<br \/>\n&#8211; L\u00e9ger<br \/>\n&#8211; Et beaucoup de rire<br \/>\nA.S.<\/p>\n<p>Cet atelier a le pouvoir de changer le monde!<br \/>\nUne exp\u00e9rience qui a transform\u00e9 mon existence et qui a le pouvoir de transformer celle de tous les \u00eatres. Mon voeu est que cet atelier soit pr\u00e9sent\u00e9 partout, surtout aux enfants.<br \/>\nanonyme<\/p>\n<p>Un atelier qui donne chaud au coeur, agr\u00e9able et relaxant. Mogi est un tr\u00e8s bon animateur.<br \/>\nTous les participants \u00e9taient positifs.<br \/>\nTr\u00e8s belle \u00e9nergie.<br \/>\nS.R.<\/p>\n<p>Surprenant de voir que m\u00eame sans aucune exp\u00e9rience, les gens peuvent ainsi ressentir le \u201cKi\u201d.<br \/>\nParfois on a l\u2019impression que cette personne est n\u00e9gative, lourde&#8230;, etc. Cette personne n\u2019a, tout simplement, pas les outils pour changer d\u2019attitude. Pour certains(es), ils ont r\u00e9alis\u00e9 pour la premi\u00e8re fois, comment le \u201cKi\u201d influence notre attitude.<br \/>\nanonyme<\/p>\n<p>Un gros merci pour l\u2019atelier.<br \/>\nJe ne ressentais pas le Ki quand j\u2019essayais trop, la prochaine fois, je resterai plus neutre.<br \/>\nJe vais essayer de pas \u00eatre aussi centr\u00e9 sur moi-m\u00eame et faire l\u2019effort de projeter une image plus positive.<br \/>\nSi je comprends bien, le Ki est la cl\u00e9?<br \/>\nMerci<br \/>\nS.<\/p>\n<p>C\u2019est la deuxi\u00e8me fois que je participe \u00e0 l\u2019atelier, toujours aussi amusant, beaucoup de bonheur et de joie. Si je peux cultiver ce m\u00eame \u201cKi\u201d dans ma vie de tous les jours, elle serait d\u2019autant plus riche et plus heureuse.<br \/>\nMerci<br \/>\nanonyme<\/p>\n","protected":false},"excerpt":{"rendered":"<p>Commentaires des participants \u00e0 l\u2019atelier: La Puissance du Ki Je suis venu \u00e0 l\u2019atelier avec l\u2019espoir d\u2019apprendre \u00e0 contr\u00f4ler mes pens\u00e9es et arr\u00eater de vivre dans ma propre t\u00eate plus que dans le monde autour de moi. L\u2019atelier m\u2019a appris que l\u2019\u00e9nergie avec laquelle je vis et que je proj\u00e8te dans ce monde ne rel\u00e8ve [&hellip;]<\/p>\n","protected":false},"author":1,"featured_media":0,"parent":768,"menu_order":0,"comment_status":"closed","ping_status":"closed","template":"","meta":{"_monsterinsights_skip_tracking":false,"_monsterinsights_sitenote_active":false,"_monsterinsights_sitenote_note":"","_monsterinsights_sitenote_category":0,"footnotes":""},"class_list":["post-770","page","type-page","status-publish","hentry"],"aioseo_notices":[],"yoast_head":"<!-- This site is optimized with the Yoast SEO plugin v26.8 - https:\/\/yoast.com\/product\/yoast-seo-wordpress\/ -->\n<title>Commentaires des participants - Tao Sangha North America<\/title>\n<meta name=\"robots\" content=\"index, follow, max-snippet:-1, max-image-preview:large, max-video-preview:-1\" \/>\n<link rel=\"canonical\" href=\"https:\/\/taosangha-na.com\/fr\/apprendre\/atelier-la-puissance-du-ki\/commentaires-des-participants\/\" \/>\n<meta property=\"og:locale\" content=\"fr_FR\" \/>\n<meta property=\"og:type\" content=\"article\" \/>\n<meta property=\"og:title\" content=\"Commentaires des participants - Tao Sangha North America\" \/>\n<meta property=\"og:description\" content=\"Commentaires des participants \u00e0 l\u2019atelier: La Puissance du Ki Je suis venu \u00e0 l\u2019atelier avec l\u2019espoir d\u2019apprendre \u00e0 contr\u00f4ler mes pens\u00e9es et arr\u00eater de vivre dans ma propre t\u00eate plus que dans le monde autour de moi. L\u2019atelier m\u2019a appris que l\u2019\u00e9nergie avec laquelle je vis et que je proj\u00e8te dans ce monde ne rel\u00e8ve [&hellip;]\" \/>\n<meta property=\"og:url\" content=\"https:\/\/taosangha-na.com\/fr\/apprendre\/atelier-la-puissance-du-ki\/commentaires-des-participants\/\" \/>\n<meta property=\"og:site_name\" content=\"Tao Sangha North America\" \/>\n<meta property=\"article:publisher\" content=\"https:\/\/www.facebook.com\/TaoSanghaGlobalCommunity\/\" \/>\n<meta property=\"article:modified_time\" content=\"2016-01-29T18:22:48+00:00\" \/>\n<meta name=\"twitter:card\" content=\"summary_large_image\" \/>\n<meta name=\"twitter:label1\" content=\"Dur\u00e9e de lecture estim\u00e9e\" \/>\n\t<meta name=\"twitter:data1\" content=\"3 minutes\" \/>\n<script type=\"application\/ld+json\" class=\"yoast-schema-graph\">{\"@context\":\"https:\/\/schema.org\",\"@graph\":[{\"@type\":\"WebPage\",\"@id\":\"https:\/\/taosangha-na.com\/fr\/apprendre\/atelier-la-puissance-du-ki\/commentaires-des-participants\/\",\"url\":\"https:\/\/taosangha-na.com\/fr\/apprendre\/atelier-la-puissance-du-ki\/commentaires-des-participants\/\",\"name\":\"Commentaires des participants - Tao Sangha North America\",\"isPartOf\":{\"@id\":\"https:\/\/taosangha-na.com\/fr\/#website\"},\"datePublished\":\"2015-12-30T20:52:24+00:00\",\"dateModified\":\"2016-01-29T18:22:48+00:00\",\"breadcrumb\":{\"@id\":\"https:\/\/taosangha-na.com\/fr\/apprendre\/atelier-la-puissance-du-ki\/commentaires-des-participants\/#breadcrumb\"},\"inLanguage\":\"fr-FR\",\"potentialAction\":[{\"@type\":\"ReadAction\",\"target\":[\"https:\/\/taosangha-na.com\/fr\/apprendre\/atelier-la-puissance-du-ki\/commentaires-des-participants\/\"]}]},{\"@type\":\"BreadcrumbList\",\"@id\":\"https:\/\/taosangha-na.com\/fr\/apprendre\/atelier-la-puissance-du-ki\/commentaires-des-participants\/#breadcrumb\",\"itemListElement\":[{\"@type\":\"ListItem\",\"position\":1,\"name\":\"Home\",\"item\":\"https:\/\/taosangha-na.com\/fr\/home-tao-sangha-north-america\/\"},{\"@type\":\"ListItem\",\"position\":2,\"name\":\"Apprendre\",\"item\":\"https:\/\/taosangha-na.com\/fr\/apprendre\/\"},{\"@type\":\"ListItem\",\"position\":3,\"name\":\"Atelier: La puissance du Ki\",\"item\":\"https:\/\/taosangha-na.com\/fr\/apprendre\/atelier-la-puissance-du-ki\/\"},{\"@type\":\"ListItem\",\"position\":4,\"name\":\"Commentaires des participants\"}]},{\"@type\":\"WebSite\",\"@id\":\"https:\/\/taosangha-na.com\/fr\/#website\",\"url\":\"https:\/\/taosangha-na.com\/fr\/\",\"name\":\"Tao Sangha North America\",\"description\":\"Make Your Life an Art\",\"publisher\":{\"@id\":\"https:\/\/taosangha-na.com\/fr\/#organization\"},\"potentialAction\":[{\"@type\":\"SearchAction\",\"target\":{\"@type\":\"EntryPoint\",\"urlTemplate\":\"https:\/\/taosangha-na.com\/fr\/?s={search_term_string}\"},\"query-input\":{\"@type\":\"PropertyValueSpecification\",\"valueRequired\":true,\"valueName\":\"search_term_string\"}}],\"inLanguage\":\"fr-FR\"},{\"@type\":\"Organization\",\"@id\":\"https:\/\/taosangha-na.com\/fr\/#organization\",\"name\":\"Tao Sangha\",\"url\":\"https:\/\/taosangha-na.com\/fr\/\",\"logo\":{\"@type\":\"ImageObject\",\"inLanguage\":\"fr-FR\",\"@id\":\"https:\/\/taosangha-na.com\/fr\/#\/schema\/logo\/image\/\",\"url\":\"https:\/\/taosangha-na.com\/wp-content\/uploads\/2016\/01\/Tao-Sangha.jpg\",\"contentUrl\":\"https:\/\/taosangha-na.com\/wp-content\/uploads\/2016\/01\/Tao-Sangha.jpg\",\"width\":169,\"height\":170,\"caption\":\"Tao Sangha\"},\"image\":{\"@id\":\"https:\/\/taosangha-na.com\/fr\/#\/schema\/logo\/image\/\"},\"sameAs\":[\"https:\/\/www.facebook.com\/TaoSanghaGlobalCommunity\/\",\"https:\/\/www.youtube.com\/channel\/UC1iy2h4WhzFOikj6UKHC5aw\"]}]}<\/script>\n<!-- \/ Yoast SEO plugin. -->","yoast_head_json":{"title":"Commentaires des participants - Tao Sangha North America","robots":{"index":"index","follow":"follow","max-snippet":"max-snippet:-1","max-image-preview":"max-image-preview:large","max-video-preview":"max-video-preview:-1"},"canonical":"https:\/\/taosangha-na.com\/fr\/apprendre\/atelier-la-puissance-du-ki\/commentaires-des-participants\/","og_locale":"fr_FR","og_type":"article","og_title":"Commentaires des participants - Tao Sangha North America","og_description":"Commentaires des participants \u00e0 l\u2019atelier: La Puissance du Ki Je suis venu \u00e0 l\u2019atelier avec l\u2019espoir d\u2019apprendre \u00e0 contr\u00f4ler mes pens\u00e9es et arr\u00eater de vivre dans ma propre t\u00eate plus que dans le monde autour de moi. L\u2019atelier m\u2019a appris que l\u2019\u00e9nergie avec laquelle je vis et que je proj\u00e8te dans ce monde ne rel\u00e8ve [&hellip;]","og_url":"https:\/\/taosangha-na.com\/fr\/apprendre\/atelier-la-puissance-du-ki\/commentaires-des-participants\/","og_site_name":"Tao Sangha North America","article_publisher":"https:\/\/www.facebook.com\/TaoSanghaGlobalCommunity\/","article_modified_time":"2016-01-29T18:22:48+00:00","twitter_card":"summary_large_image","twitter_misc":{"Dur\u00e9e de lecture estim\u00e9e":"3 minutes"},"schema":{"@context":"https:\/\/schema.org","@graph":[{"@type":"WebPage","@id":"https:\/\/taosangha-na.com\/fr\/apprendre\/atelier-la-puissance-du-ki\/commentaires-des-participants\/","url":"https:\/\/taosangha-na.com\/fr\/apprendre\/atelier-la-puissance-du-ki\/commentaires-des-participants\/","name":"Commentaires des participants - Tao Sangha North America","isPartOf":{"@id":"https:\/\/taosangha-na.com\/fr\/#website"},"datePublished":"2015-12-30T20:52:24+00:00","dateModified":"2016-01-29T18:22:48+00:00","breadcrumb":{"@id":"https:\/\/taosangha-na.com\/fr\/apprendre\/atelier-la-puissance-du-ki\/commentaires-des-participants\/#breadcrumb"},"inLanguage":"fr-FR","potentialAction":[{"@type":"ReadAction","target":["https:\/\/taosangha-na.com\/fr\/apprendre\/atelier-la-puissance-du-ki\/commentaires-des-participants\/"]}]},{"@type":"BreadcrumbList","@id":"https:\/\/taosangha-na.com\/fr\/apprendre\/atelier-la-puissance-du-ki\/commentaires-des-participants\/#breadcrumb","itemListElement":[{"@type":"ListItem","position":1,"name":"Home","item":"https:\/\/taosangha-na.com\/fr\/home-tao-sangha-north-america\/"},{"@type":"ListItem","position":2,"name":"Apprendre","item":"https:\/\/taosangha-na.com\/fr\/apprendre\/"},{"@type":"ListItem","position":3,"name":"Atelier: La puissance du Ki","item":"https:\/\/taosangha-na.com\/fr\/apprendre\/atelier-la-puissance-du-ki\/"},{"@type":"ListItem","position":4,"name":"Commentaires des participants"}]},{"@type":"WebSite","@id":"https:\/\/taosangha-na.com\/fr\/#website","url":"https:\/\/taosangha-na.com\/fr\/","name":"Tao Sangha North America","description":"Make Your Life an Art","publisher":{"@id":"https:\/\/taosangha-na.com\/fr\/#organization"},"potentialAction":[{"@type":"SearchAction","target":{"@type":"EntryPoint","urlTemplate":"https:\/\/taosangha-na.com\/fr\/?s={search_term_string}"},"query-input":{"@type":"PropertyValueSpecification","valueRequired":true,"valueName":"search_term_string"}}],"inLanguage":"fr-FR"},{"@type":"Organization","@id":"https:\/\/taosangha-na.com\/fr\/#organization","name":"Tao Sangha","url":"https:\/\/taosangha-na.com\/fr\/","logo":{"@type":"ImageObject","inLanguage":"fr-FR","@id":"https:\/\/taosangha-na.com\/fr\/#\/schema\/logo\/image\/","url":"https:\/\/taosangha-na.com\/wp-content\/uploads\/2016\/01\/Tao-Sangha.jpg","contentUrl":"https:\/\/taosangha-na.com\/wp-content\/uploads\/2016\/01\/Tao-Sangha.jpg","width":169,"height":170,"caption":"Tao Sangha"},"image":{"@id":"https:\/\/taosangha-na.com\/fr\/#\/schema\/logo\/image\/"},"sameAs":["https:\/\/www.facebook.com\/TaoSanghaGlobalCommunity\/","https:\/\/www.youtube.com\/channel\/UC1iy2h4WhzFOikj6UKHC5aw"]}]}},"_links":{"self":[{"href":"https:\/\/taosangha-na.com\/fr\/wp-json\/wp\/v2\/pages\/770","targetHints":{"allow":["GET"]}}],"collection":[{"href":"https:\/\/taosangha-na.com\/fr\/wp-json\/wp\/v2\/pages"}],"about":[{"href":"https:\/\/taosangha-na.com\/fr\/wp-json\/wp\/v2\/types\/page"}],"author":[{"embeddable":true,"href":"https:\/\/taosangha-na.com\/fr\/wp-json\/wp\/v2\/users\/1"}],"replies":[{"embeddable":true,"href":"https:\/\/taosangha-na.com\/fr\/wp-json\/wp\/v2\/comments?post=770"}],"version-history":[{"count":1,"href":"https:\/\/taosangha-na.com\/fr\/wp-json\/wp\/v2\/pages\/770\/revisions"}],"predecessor-version":[{"id":771,"href":"https:\/\/taosangha-na.com\/fr\/wp-json\/wp\/v2\/pages\/770\/revisions\/771"}],"up":[{"embeddable":true,"href":"https:\/\/taosangha-na.com\/fr\/wp-json\/wp\/v2\/pages\/768"}],"wp:attachment":[{"href":"https:\/\/taosangha-na.com\/fr\/wp-json\/wp\/v2\/media?parent=770"}],"curies":[{"name":"wp","href":"https:\/\/api.w.org\/{rel}","templated":true}]}}