{"id":772,"date":"2015-12-30T14:37:20","date_gmt":"2015-12-30T19:37:20","guid":{"rendered":"http:\/\/tsna.taoshiatsuvancouver.com\/fr\/?page_id=772"},"modified":"2016-01-29T13:27:02","modified_gmt":"2016-01-29T18:27:02","slug":"contenu-du-cours","status":"publish","type":"page","link":"https:\/\/taosangha-na.com\/fr\/apprendre\/letude-de-tao-shiatsu\/contenu-du-cours\/","title":{"rendered":"Curriculum Des Cinq \u00c9l\u00e9ments"},"content":{"rendered":"<h2><span style=\"font-weight: 400;\">Introduction \u00e0 tous les \u00e9l\u00e9ments de la formation en Tao Shiatsu.<\/span><\/h2>\n<ul>\n<li style=\"font-weight: 400;\"><span style=\"font-weight: 400;\">Forme de base, utilisation des super vaisseaux (m\u00e9ridiens) : position sur le ventre.<\/span><\/li>\n<li style=\"font-weight: 400;\"><span style=\"font-weight: 400;\">M\u00e9thode des Tsubo : Introduction au traitement al\u00e9atoire des Tsubo<\/span><\/li>\n<li style=\"font-weight: 400;\"><span style=\"font-weight: 400;\">Introduction au Tsubo des super vaisseaux sp\u00e9cifiques : 18 SVS<\/span><\/li>\n<\/ul>\n<p>&nbsp;<\/p>\n<p><span style=\"font-weight: 400;\">KI DO-IN<\/span><\/p>\n<ol>\n<li><span style=\"font-weight: 400;\"> Exercices de \u00ab RENKI \u00bb pour faire grandir le Ki, le rendre plus fort et l\u2019enrichir. Ces exercices sont enseign\u00e9s avec les principes du Ki. (Ren = circulation, Ki= \u00e9nergie de vie).<\/span><\/li>\n<li><span style=\"font-weight: 400;\"> Aiki est une forme d\u2019art martial qui consiste a apprendre a sentir et guider le Ki.<\/span><\/li>\n<\/ol>\n<p><span style=\"font-weight: 400;\">KI ET TRAVAIL DU C\u0152UR<\/span><\/p>\n<ol>\n<li><span style=\"font-weight: 400;\"> Apprendre \u00e0 voir et sentir son propre c\u0153ur en apprenant a d\u00e9velopp\u00e9 sa sensibilit\u00e9 au Ki. Toutes les classes se concentrent sur les 56 philosophies de Tao Sangha.<\/span><\/li>\n<\/ol>\n<p><span style=\"font-weight: 400;\">LE C\u0152UR DU TRAITEMENT PAR LES TSUBO (TSUBO = POINT)<\/span><\/p>\n<ul>\n<li style=\"font-weight: 400;\"><span style=\"font-weight: 400;\">Le Ki ; la vraie voie de la vie n\u2019a pas de location sp\u00e9cifique. Et donc le Ki des Tsubo n\u2019a pas d\u2019emplacement fixe. Il est trouv\u00e9 par la r\u00e9flexion d\u2019un c\u0153ur pure et reconnu par \u00ab les yeux du c\u0153ur \u00bb.<\/span><\/li>\n<\/ul>\n<p><span style=\"font-weight: 400;\">C\u2019est la base de la m\u00e9thode du Tao Shiatsu. Cette m\u00e9thode cr\u00e9e la gu\u00e9rison par l\u2019application du pouvoir du c\u0153ur par le traitement des Tsubo. <\/span><\/p>\n<p><span style=\"font-weight: 400;\">MERIDIENS : SUPER VAISSEAUX<\/span><\/p>\n<p><span style=\"font-weight: 400;\">Les super vaisseaux ont \u00e9t\u00e9 r\u00e9cemment d\u00e9couverts comme des super m\u00e9ridiens. Afin de prot\u00e9ger le receveur de douloureuses pressions dans les r\u00e9gions Kyo ainsi que le praticien des \u00e9nergies rel\u00e2ch\u00e9es durant le traitement, les super vaisseaux, \u00e9pais, moyen et mince, ont \u00e9t\u00e9 reconnus et utilis\u00e9 pour donner les traitement de base du Tao Shiatsu.<\/span><\/p>\n<p><span style=\"font-weight: 400;\">FORMES DE BASES<\/span><\/p>\n<p><span style=\"font-weight: 400;\">L\u2019utilisation des super vaisseaux et des Tsubo donne un traitement shiatsu du corps dans son int\u00e9gralit\u00e9. Sur le ventre, sur le dos, positions assises ainsi que les deux positions sur le coter sont \u00e9tudi\u00e9 en niveau 1. En cours d\u2019introduction, deux ou plusieurs de ses positions sont introduites. <\/span><\/p>\n<p>&nbsp;<\/p>\n","protected":false},"excerpt":{"rendered":"<p>Introduction \u00e0 tous les \u00e9l\u00e9ments de la formation en Tao Shiatsu. Forme de base, utilisation des super vaisseaux (m\u00e9ridiens) : position sur le ventre. M\u00e9thode des Tsubo : Introduction au traitement al\u00e9atoire des Tsubo Introduction au Tsubo des super vaisseaux sp\u00e9cifiques : 18 SVS &nbsp; KI DO-IN Exercices de \u00ab RENKI \u00bb pour faire grandir [&hellip;]<\/p>\n","protected":false},"author":1,"featured_media":0,"parent":781,"menu_order":3,"comment_status":"closed","ping_status":"closed","template":"","meta":{"_monsterinsights_skip_tracking":false,"_monsterinsights_sitenote_active":false,"_monsterinsights_sitenote_note":"","_monsterinsights_sitenote_category":0,"footnotes":""},"class_list":["post-772","page","type-page","status-publish","hentry"],"aioseo_notices":[],"yoast_head":"<!-- This site is optimized with the Yoast SEO plugin v26.8 - https:\/\/yoast.com\/product\/yoast-seo-wordpress\/ -->\n<title>Curriculum Des Cinq \u00c9l\u00e9ments - Tao Sangha North America<\/title>\n<meta name=\"robots\" content=\"index, follow, max-snippet:-1, max-image-preview:large, max-video-preview:-1\" \/>\n<link rel=\"canonical\" href=\"https:\/\/taosangha-na.com\/fr\/apprendre\/letude-de-tao-shiatsu\/contenu-du-cours\/\" \/>\n<meta property=\"og:locale\" content=\"fr_FR\" \/>\n<meta property=\"og:type\" content=\"article\" \/>\n<meta property=\"og:title\" content=\"Curriculum Des Cinq \u00c9l\u00e9ments - Tao Sangha North America\" \/>\n<meta property=\"og:description\" content=\"Introduction \u00e0 tous les \u00e9l\u00e9ments de la formation en Tao Shiatsu. Forme de base, utilisation des super vaisseaux (m\u00e9ridiens) : position sur le ventre. M\u00e9thode des Tsubo : Introduction au traitement al\u00e9atoire des Tsubo Introduction au Tsubo des super vaisseaux sp\u00e9cifiques : 18 SVS &nbsp; KI DO-IN Exercices de \u00ab RENKI \u00bb pour faire grandir [&hellip;]\" \/>\n<meta property=\"og:url\" content=\"https:\/\/taosangha-na.com\/fr\/apprendre\/letude-de-tao-shiatsu\/contenu-du-cours\/\" \/>\n<meta property=\"og:site_name\" content=\"Tao Sangha North America\" \/>\n<meta property=\"article:publisher\" content=\"https:\/\/www.facebook.com\/TaoSanghaGlobalCommunity\/\" \/>\n<meta property=\"article:modified_time\" content=\"2016-01-29T18:27:02+00:00\" \/>\n<meta name=\"twitter:card\" content=\"summary_large_image\" \/>\n<meta name=\"twitter:label1\" content=\"Dur\u00e9e de lecture estim\u00e9e\" \/>\n\t<meta name=\"twitter:data1\" content=\"2 minutes\" \/>\n<script type=\"application\/ld+json\" class=\"yoast-schema-graph\">{\"@context\":\"https:\/\/schema.org\",\"@graph\":[{\"@type\":\"WebPage\",\"@id\":\"https:\/\/taosangha-na.com\/fr\/apprendre\/letude-de-tao-shiatsu\/contenu-du-cours\/\",\"url\":\"https:\/\/taosangha-na.com\/fr\/apprendre\/letude-de-tao-shiatsu\/contenu-du-cours\/\",\"name\":\"Curriculum Des Cinq \u00c9l\u00e9ments - Tao Sangha North America\",\"isPartOf\":{\"@id\":\"https:\/\/taosangha-na.com\/fr\/#website\"},\"datePublished\":\"2015-12-30T19:37:20+00:00\",\"dateModified\":\"2016-01-29T18:27:02+00:00\",\"breadcrumb\":{\"@id\":\"https:\/\/taosangha-na.com\/fr\/apprendre\/letude-de-tao-shiatsu\/contenu-du-cours\/#breadcrumb\"},\"inLanguage\":\"fr-FR\",\"potentialAction\":[{\"@type\":\"ReadAction\",\"target\":[\"https:\/\/taosangha-na.com\/fr\/apprendre\/letude-de-tao-shiatsu\/contenu-du-cours\/\"]}]},{\"@type\":\"BreadcrumbList\",\"@id\":\"https:\/\/taosangha-na.com\/fr\/apprendre\/letude-de-tao-shiatsu\/contenu-du-cours\/#breadcrumb\",\"itemListElement\":[{\"@type\":\"ListItem\",\"position\":1,\"name\":\"Home\",\"item\":\"https:\/\/taosangha-na.com\/fr\/home-tao-sangha-north-america\/\"},{\"@type\":\"ListItem\",\"position\":2,\"name\":\"Apprendre\",\"item\":\"https:\/\/taosangha-na.com\/fr\/apprendre\/\"},{\"@type\":\"ListItem\",\"position\":3,\"name\":\"L&#8217;\u00c9tude de Tao Shiatsu\",\"item\":\"https:\/\/taosangha-na.com\/fr\/apprendre\/letude-de-tao-shiatsu\/\"},{\"@type\":\"ListItem\",\"position\":4,\"name\":\"Curriculum Des Cinq \u00c9l\u00e9ments\"}]},{\"@type\":\"WebSite\",\"@id\":\"https:\/\/taosangha-na.com\/fr\/#website\",\"url\":\"https:\/\/taosangha-na.com\/fr\/\",\"name\":\"Tao Sangha North America\",\"description\":\"Make Your Life an Art\",\"publisher\":{\"@id\":\"https:\/\/taosangha-na.com\/fr\/#organization\"},\"potentialAction\":[{\"@type\":\"SearchAction\",\"target\":{\"@type\":\"EntryPoint\",\"urlTemplate\":\"https:\/\/taosangha-na.com\/fr\/?s={search_term_string}\"},\"query-input\":{\"@type\":\"PropertyValueSpecification\",\"valueRequired\":true,\"valueName\":\"search_term_string\"}}],\"inLanguage\":\"fr-FR\"},{\"@type\":\"Organization\",\"@id\":\"https:\/\/taosangha-na.com\/fr\/#organization\",\"name\":\"Tao Sangha\",\"url\":\"https:\/\/taosangha-na.com\/fr\/\",\"logo\":{\"@type\":\"ImageObject\",\"inLanguage\":\"fr-FR\",\"@id\":\"https:\/\/taosangha-na.com\/fr\/#\/schema\/logo\/image\/\",\"url\":\"https:\/\/taosangha-na.com\/wp-content\/uploads\/2016\/01\/Tao-Sangha.jpg\",\"contentUrl\":\"https:\/\/taosangha-na.com\/wp-content\/uploads\/2016\/01\/Tao-Sangha.jpg\",\"width\":169,\"height\":170,\"caption\":\"Tao Sangha\"},\"image\":{\"@id\":\"https:\/\/taosangha-na.com\/fr\/#\/schema\/logo\/image\/\"},\"sameAs\":[\"https:\/\/www.facebook.com\/TaoSanghaGlobalCommunity\/\",\"https:\/\/www.youtube.com\/channel\/UC1iy2h4WhzFOikj6UKHC5aw\"]}]}<\/script>\n<!-- \/ Yoast SEO plugin. -->","yoast_head_json":{"title":"Curriculum Des Cinq \u00c9l\u00e9ments - Tao Sangha North America","robots":{"index":"index","follow":"follow","max-snippet":"max-snippet:-1","max-image-preview":"max-image-preview:large","max-video-preview":"max-video-preview:-1"},"canonical":"https:\/\/taosangha-na.com\/fr\/apprendre\/letude-de-tao-shiatsu\/contenu-du-cours\/","og_locale":"fr_FR","og_type":"article","og_title":"Curriculum Des Cinq \u00c9l\u00e9ments - Tao Sangha North America","og_description":"Introduction \u00e0 tous les \u00e9l\u00e9ments de la formation en Tao Shiatsu. Forme de base, utilisation des super vaisseaux (m\u00e9ridiens) : position sur le ventre. M\u00e9thode des Tsubo : Introduction au traitement al\u00e9atoire des Tsubo Introduction au Tsubo des super vaisseaux sp\u00e9cifiques : 18 SVS &nbsp; KI DO-IN Exercices de \u00ab RENKI \u00bb pour faire grandir [&hellip;]","og_url":"https:\/\/taosangha-na.com\/fr\/apprendre\/letude-de-tao-shiatsu\/contenu-du-cours\/","og_site_name":"Tao Sangha North America","article_publisher":"https:\/\/www.facebook.com\/TaoSanghaGlobalCommunity\/","article_modified_time":"2016-01-29T18:27:02+00:00","twitter_card":"summary_large_image","twitter_misc":{"Dur\u00e9e de lecture estim\u00e9e":"2 minutes"},"schema":{"@context":"https:\/\/schema.org","@graph":[{"@type":"WebPage","@id":"https:\/\/taosangha-na.com\/fr\/apprendre\/letude-de-tao-shiatsu\/contenu-du-cours\/","url":"https:\/\/taosangha-na.com\/fr\/apprendre\/letude-de-tao-shiatsu\/contenu-du-cours\/","name":"Curriculum Des Cinq \u00c9l\u00e9ments - Tao Sangha North America","isPartOf":{"@id":"https:\/\/taosangha-na.com\/fr\/#website"},"datePublished":"2015-12-30T19:37:20+00:00","dateModified":"2016-01-29T18:27:02+00:00","breadcrumb":{"@id":"https:\/\/taosangha-na.com\/fr\/apprendre\/letude-de-tao-shiatsu\/contenu-du-cours\/#breadcrumb"},"inLanguage":"fr-FR","potentialAction":[{"@type":"ReadAction","target":["https:\/\/taosangha-na.com\/fr\/apprendre\/letude-de-tao-shiatsu\/contenu-du-cours\/"]}]},{"@type":"BreadcrumbList","@id":"https:\/\/taosangha-na.com\/fr\/apprendre\/letude-de-tao-shiatsu\/contenu-du-cours\/#breadcrumb","itemListElement":[{"@type":"ListItem","position":1,"name":"Home","item":"https:\/\/taosangha-na.com\/fr\/home-tao-sangha-north-america\/"},{"@type":"ListItem","position":2,"name":"Apprendre","item":"https:\/\/taosangha-na.com\/fr\/apprendre\/"},{"@type":"ListItem","position":3,"name":"L&#8217;\u00c9tude de Tao Shiatsu","item":"https:\/\/taosangha-na.com\/fr\/apprendre\/letude-de-tao-shiatsu\/"},{"@type":"ListItem","position":4,"name":"Curriculum Des Cinq \u00c9l\u00e9ments"}]},{"@type":"WebSite","@id":"https:\/\/taosangha-na.com\/fr\/#website","url":"https:\/\/taosangha-na.com\/fr\/","name":"Tao Sangha North America","description":"Make Your Life an Art","publisher":{"@id":"https:\/\/taosangha-na.com\/fr\/#organization"},"potentialAction":[{"@type":"SearchAction","target":{"@type":"EntryPoint","urlTemplate":"https:\/\/taosangha-na.com\/fr\/?s={search_term_string}"},"query-input":{"@type":"PropertyValueSpecification","valueRequired":true,"valueName":"search_term_string"}}],"inLanguage":"fr-FR"},{"@type":"Organization","@id":"https:\/\/taosangha-na.com\/fr\/#organization","name":"Tao Sangha","url":"https:\/\/taosangha-na.com\/fr\/","logo":{"@type":"ImageObject","inLanguage":"fr-FR","@id":"https:\/\/taosangha-na.com\/fr\/#\/schema\/logo\/image\/","url":"https:\/\/taosangha-na.com\/wp-content\/uploads\/2016\/01\/Tao-Sangha.jpg","contentUrl":"https:\/\/taosangha-na.com\/wp-content\/uploads\/2016\/01\/Tao-Sangha.jpg","width":169,"height":170,"caption":"Tao Sangha"},"image":{"@id":"https:\/\/taosangha-na.com\/fr\/#\/schema\/logo\/image\/"},"sameAs":["https:\/\/www.facebook.com\/TaoSanghaGlobalCommunity\/","https:\/\/www.youtube.com\/channel\/UC1iy2h4WhzFOikj6UKHC5aw"]}]}},"_links":{"self":[{"href":"https:\/\/taosangha-na.com\/fr\/wp-json\/wp\/v2\/pages\/772","targetHints":{"allow":["GET"]}}],"collection":[{"href":"https:\/\/taosangha-na.com\/fr\/wp-json\/wp\/v2\/pages"}],"about":[{"href":"https:\/\/taosangha-na.com\/fr\/wp-json\/wp\/v2\/types\/page"}],"author":[{"embeddable":true,"href":"https:\/\/taosangha-na.com\/fr\/wp-json\/wp\/v2\/users\/1"}],"replies":[{"embeddable":true,"href":"https:\/\/taosangha-na.com\/fr\/wp-json\/wp\/v2\/comments?post=772"}],"version-history":[{"count":2,"href":"https:\/\/taosangha-na.com\/fr\/wp-json\/wp\/v2\/pages\/772\/revisions"}],"predecessor-version":[{"id":776,"href":"https:\/\/taosangha-na.com\/fr\/wp-json\/wp\/v2\/pages\/772\/revisions\/776"}],"up":[{"embeddable":true,"href":"https:\/\/taosangha-na.com\/fr\/wp-json\/wp\/v2\/pages\/781"}],"wp:attachment":[{"href":"https:\/\/taosangha-na.com\/fr\/wp-json\/wp\/v2\/media?parent=772"}],"curies":[{"name":"wp","href":"https:\/\/api.w.org\/{rel}","templated":true}]}}