{"id":781,"date":"2015-12-30T14:12:16","date_gmt":"2015-12-30T19:12:16","guid":{"rendered":"http:\/\/tsna.taoshiatsuvancouver.com\/fr\/?page_id=781"},"modified":"2016-01-29T13:32:11","modified_gmt":"2016-01-29T18:32:11","slug":"letude-de-tao-shiatsu","status":"publish","type":"page","link":"https:\/\/taosangha-na.com\/fr\/apprendre\/letude-de-tao-shiatsu\/","title":{"rendered":"L&rsquo;\u00c9tude de Tao Shiatsu"},"content":{"rendered":"<p><span style=\"font-weight: 400;\">Les probl\u00e8mes de sant\u00e9 des quatre derni\u00e8res d\u00e9cennies sont de nature chronique: maux de cou et de dos, maladies cardiaques, cancer, allergies, manque d\u2019\u00e9nergie et d\u00e9pression, pour ne nommer que ceux-ci. Les changements rapides reli\u00e9s \u00e0 notre environnement social et naturel sont \u00e0 la source des troubles physiques et mentaux chez l\u2019\u00eatre humain. Le surmenage et le manque de sommeil sont notamment des facteurs qui s\u2019ajoutent au stress de la vie moderne. Dans ces conditions, traiter les sympt\u00f4mes ne suffit pas en soi: ainsi le Tao Shiatsu traite les niveaux physique, \u00e9motionnel et spirituel du patient, ce qui en fait une m\u00e9thode efficace pour am\u00e9liorer la qualit\u00e9 de vie, la sant\u00e9 et pour acc\u00e9der \u00e0 un \u00e9tat d\u2019\u00e9quilibre et de bonheur.<\/span><\/p>\n<p><span style=\"font-weight: 400;\">Le Tao Shiatsu est une th\u00e9rapie du toucher puisant son origine dans la m\u00e9decine orientale il y a quelques 5 000 ans et dont les fondements sont bas\u00e9s sur la th\u00e9orie du \u00ab Ki \u00bb (qui signifie \u00e9nergie vitale en Japonais). Cette m\u00e9decine reconna\u00eet l\u2019aspect spirituel dans la maladie comme dans la sant\u00e9. Fondateur du Tao Shiatsu, le ma\u00eetre Ryokyu Endo a d\u00e9velopp\u00e9 ce syst\u00e8me de sant\u00e9 et de gu\u00e9rison tr\u00e8s efficace, qui favorise l\u2019harmonie entre individus, dans leur relation avec la soci\u00e9t\u00e9, et ultimement avec la source de la vie, le Tao.<\/span><\/p>\n<p><span style=\"font-weight: 400;\">Le Tao Shiatsu se pratique en appliquant des pressions soutenues sur diff\u00e9rents points le long des m\u00e9ridiens du corps. Alors que le receveur demeure v\u00eatu, le praticien applique des pressions avec les paumes des mains, les pouces, les avant-bras, les genoux, les pieds et, plus important encore, avec Ki et c\u0153ur. En stimulant le pouvoir de gu\u00e9rison intrins\u00e8que du receveur, le Tao Shiatsu fait circuler l\u2019\u00e9nergie stagnante dans le corps et la transforme en \u00e9nergie positive.<\/span><\/p>\n<p><span style=\"font-weight: 400;\">L\u2019intention premi\u00e8re du Shiatsu est de permettre au th\u00e9rapeute d\u2019\u00e9quilibrer et d\u2019harmoniser le corps avec la pens\u00e9e et l\u2019esprit. Demeurant profond\u00e9ment ancr\u00e9 dans la m\u00e9decine holistique orientale, le Tao Shiatsu est une m\u00e9thode r\u00e9volutionnaire, avec ses cinq nouveaux \u00e9l\u00e9ments et son d\u00e9veloppement sur les m\u00e9ridiens qui va au-del\u00e0 de la recherche entreprise par le Ma\u00eetre Shizuto Masunaga. L\u2019avancement dans la th\u00e9rapie Shiatsu offre une solution aux probl\u00e8mes de sant\u00e9 reli\u00e9s \u00e0 l\u2019\u00e8re technologique.<\/span><\/p>\n<p><span style=\"font-weight: 400;\">L\u2019\u00e9tude du Tao Shiatsu est une opportunit\u00e9 exceptionnelle non seulement pour ceux qui s\u2019int\u00e9ressent \u00e0 la m\u00e9decine orientale et au travail corporel, mais pour tous ceux qui sont \u00e0 la recherche de leur vraie nature et de leurs aptitudes m\u00e9connues. Le programme d\u2019\u00e9tude offre l\u2019opportunit\u00e9 d&rsquo;exp\u00e9rimenter le monde myst\u00e9rieux du Ki et la profondeur du c\u0153ur. Il s\u2019adresse \u00e0 quiconque se pr\u00e9occupe de la sant\u00e9, de la gu\u00e9rison et du d\u00e9veloppement spirituel de chacun. Les cours sont offerts \u00e0 Toronto, Montr\u00e9al et Madison.<\/span><\/p>\n<p><b>Le programme de formation en Tao Shiatsu<\/b><\/p>\n<p><span style=\"font-weight: 400;\">Le Tao Shiatsu est une m\u00e9thode de gu\u00e9rison qui a \u00e9t\u00e9 d\u00e9velopp\u00e9e par le ma\u00eetre Japonais Ryokyu Endo, et qui int\u00e8gre des d\u00e9veloppements th\u00e9oriques et pratiques qui vont au-del\u00e0 des m\u00e9thodes de shiatsu pr\u00e9c\u00e9dentes. Connect\u00e9 \u00e0 la source de la m\u00e9decine orientale, le Tao Shiatsu est un traitement tr\u00e8s efficace pour la vie d\u2019aujourd&rsquo;hui.<\/span><\/p>\n<p><span style=\"font-weight: 400;\">Ce site est une ressource destin\u00e9e aux professeurs, \u00e9tudiants ou tout autre personne int\u00e9ress\u00e9e par le Tao Shiatsu et la m\u00e9decine alternative.<\/span><\/p>\n","protected":false},"excerpt":{"rendered":"<p>Les probl\u00e8mes de sant\u00e9 des quatre derni\u00e8res d\u00e9cennies sont de nature chronique: maux de cou et de dos, maladies cardiaques, cancer, allergies, manque d\u2019\u00e9nergie et d\u00e9pression, pour ne nommer que ceux-ci. Les changements rapides reli\u00e9s \u00e0 notre environnement social et naturel sont \u00e0 la source des troubles physiques et mentaux chez l\u2019\u00eatre humain. Le surmenage [&hellip;]<\/p>\n","protected":false},"author":1,"featured_media":0,"parent":1647,"menu_order":4,"comment_status":"closed","ping_status":"closed","template":"","meta":{"_monsterinsights_skip_tracking":false,"_monsterinsights_sitenote_active":false,"_monsterinsights_sitenote_note":"","_monsterinsights_sitenote_category":0,"footnotes":""},"class_list":["post-781","page","type-page","status-publish","hentry"],"aioseo_notices":[],"yoast_head":"<!-- This site is optimized with the Yoast SEO plugin v26.8 - https:\/\/yoast.com\/product\/yoast-seo-wordpress\/ -->\n<title>L&#039;\u00c9tude de Tao Shiatsu - Tao Sangha North America<\/title>\n<meta name=\"robots\" content=\"index, follow, max-snippet:-1, max-image-preview:large, max-video-preview:-1\" \/>\n<link rel=\"canonical\" href=\"https:\/\/taosangha-na.com\/fr\/apprendre\/letude-de-tao-shiatsu\/\" \/>\n<meta property=\"og:locale\" content=\"fr_FR\" \/>\n<meta property=\"og:type\" content=\"article\" \/>\n<meta property=\"og:title\" content=\"L&#039;\u00c9tude de Tao Shiatsu - Tao Sangha North America\" \/>\n<meta property=\"og:description\" content=\"Les probl\u00e8mes de sant\u00e9 des quatre derni\u00e8res d\u00e9cennies sont de nature chronique: maux de cou et de dos, maladies cardiaques, cancer, allergies, manque d\u2019\u00e9nergie et d\u00e9pression, pour ne nommer que ceux-ci. Les changements rapides reli\u00e9s \u00e0 notre environnement social et naturel sont \u00e0 la source des troubles physiques et mentaux chez l\u2019\u00eatre humain. Le surmenage [&hellip;]\" \/>\n<meta property=\"og:url\" content=\"https:\/\/taosangha-na.com\/fr\/apprendre\/letude-de-tao-shiatsu\/\" \/>\n<meta property=\"og:site_name\" content=\"Tao Sangha North America\" \/>\n<meta property=\"article:publisher\" content=\"https:\/\/www.facebook.com\/TaoSanghaGlobalCommunity\/\" \/>\n<meta property=\"article:modified_time\" content=\"2016-01-29T18:32:11+00:00\" \/>\n<meta name=\"twitter:card\" content=\"summary_large_image\" \/>\n<meta name=\"twitter:label1\" content=\"Dur\u00e9e de lecture estim\u00e9e\" \/>\n\t<meta name=\"twitter:data1\" content=\"3 minutes\" \/>\n<script type=\"application\/ld+json\" class=\"yoast-schema-graph\">{\"@context\":\"https:\/\/schema.org\",\"@graph\":[{\"@type\":\"WebPage\",\"@id\":\"https:\/\/taosangha-na.com\/fr\/apprendre\/letude-de-tao-shiatsu\/\",\"url\":\"https:\/\/taosangha-na.com\/fr\/apprendre\/letude-de-tao-shiatsu\/\",\"name\":\"L'\u00c9tude de Tao Shiatsu - Tao Sangha North America\",\"isPartOf\":{\"@id\":\"https:\/\/taosangha-na.com\/fr\/#website\"},\"datePublished\":\"2015-12-30T19:12:16+00:00\",\"dateModified\":\"2016-01-29T18:32:11+00:00\",\"breadcrumb\":{\"@id\":\"https:\/\/taosangha-na.com\/fr\/apprendre\/letude-de-tao-shiatsu\/#breadcrumb\"},\"inLanguage\":\"fr-FR\",\"potentialAction\":[{\"@type\":\"ReadAction\",\"target\":[\"https:\/\/taosangha-na.com\/fr\/apprendre\/letude-de-tao-shiatsu\/\"]}]},{\"@type\":\"BreadcrumbList\",\"@id\":\"https:\/\/taosangha-na.com\/fr\/apprendre\/letude-de-tao-shiatsu\/#breadcrumb\",\"itemListElement\":[{\"@type\":\"ListItem\",\"position\":1,\"name\":\"Home\",\"item\":\"https:\/\/taosangha-na.com\/fr\/home-tao-sangha-north-america\/\"},{\"@type\":\"ListItem\",\"position\":2,\"name\":\"Apprendre\",\"item\":\"https:\/\/taosangha-na.com\/fr\/apprendre\/\"},{\"@type\":\"ListItem\",\"position\":3,\"name\":\"L&#8217;\u00c9tude de Tao Shiatsu\"}]},{\"@type\":\"WebSite\",\"@id\":\"https:\/\/taosangha-na.com\/fr\/#website\",\"url\":\"https:\/\/taosangha-na.com\/fr\/\",\"name\":\"Tao Sangha North America\",\"description\":\"Make Your Life an Art\",\"publisher\":{\"@id\":\"https:\/\/taosangha-na.com\/fr\/#organization\"},\"potentialAction\":[{\"@type\":\"SearchAction\",\"target\":{\"@type\":\"EntryPoint\",\"urlTemplate\":\"https:\/\/taosangha-na.com\/fr\/?s={search_term_string}\"},\"query-input\":{\"@type\":\"PropertyValueSpecification\",\"valueRequired\":true,\"valueName\":\"search_term_string\"}}],\"inLanguage\":\"fr-FR\"},{\"@type\":\"Organization\",\"@id\":\"https:\/\/taosangha-na.com\/fr\/#organization\",\"name\":\"Tao Sangha\",\"url\":\"https:\/\/taosangha-na.com\/fr\/\",\"logo\":{\"@type\":\"ImageObject\",\"inLanguage\":\"fr-FR\",\"@id\":\"https:\/\/taosangha-na.com\/fr\/#\/schema\/logo\/image\/\",\"url\":\"https:\/\/taosangha-na.com\/wp-content\/uploads\/2016\/01\/Tao-Sangha.jpg\",\"contentUrl\":\"https:\/\/taosangha-na.com\/wp-content\/uploads\/2016\/01\/Tao-Sangha.jpg\",\"width\":169,\"height\":170,\"caption\":\"Tao Sangha\"},\"image\":{\"@id\":\"https:\/\/taosangha-na.com\/fr\/#\/schema\/logo\/image\/\"},\"sameAs\":[\"https:\/\/www.facebook.com\/TaoSanghaGlobalCommunity\/\",\"https:\/\/www.youtube.com\/channel\/UC1iy2h4WhzFOikj6UKHC5aw\"]}]}<\/script>\n<!-- \/ Yoast SEO plugin. -->","yoast_head_json":{"title":"L'\u00c9tude de Tao Shiatsu - Tao Sangha North America","robots":{"index":"index","follow":"follow","max-snippet":"max-snippet:-1","max-image-preview":"max-image-preview:large","max-video-preview":"max-video-preview:-1"},"canonical":"https:\/\/taosangha-na.com\/fr\/apprendre\/letude-de-tao-shiatsu\/","og_locale":"fr_FR","og_type":"article","og_title":"L'\u00c9tude de Tao Shiatsu - Tao Sangha North America","og_description":"Les probl\u00e8mes de sant\u00e9 des quatre derni\u00e8res d\u00e9cennies sont de nature chronique: maux de cou et de dos, maladies cardiaques, cancer, allergies, manque d\u2019\u00e9nergie et d\u00e9pression, pour ne nommer que ceux-ci. Les changements rapides reli\u00e9s \u00e0 notre environnement social et naturel sont \u00e0 la source des troubles physiques et mentaux chez l\u2019\u00eatre humain. Le surmenage [&hellip;]","og_url":"https:\/\/taosangha-na.com\/fr\/apprendre\/letude-de-tao-shiatsu\/","og_site_name":"Tao Sangha North America","article_publisher":"https:\/\/www.facebook.com\/TaoSanghaGlobalCommunity\/","article_modified_time":"2016-01-29T18:32:11+00:00","twitter_card":"summary_large_image","twitter_misc":{"Dur\u00e9e de lecture estim\u00e9e":"3 minutes"},"schema":{"@context":"https:\/\/schema.org","@graph":[{"@type":"WebPage","@id":"https:\/\/taosangha-na.com\/fr\/apprendre\/letude-de-tao-shiatsu\/","url":"https:\/\/taosangha-na.com\/fr\/apprendre\/letude-de-tao-shiatsu\/","name":"L'\u00c9tude de Tao Shiatsu - Tao Sangha North America","isPartOf":{"@id":"https:\/\/taosangha-na.com\/fr\/#website"},"datePublished":"2015-12-30T19:12:16+00:00","dateModified":"2016-01-29T18:32:11+00:00","breadcrumb":{"@id":"https:\/\/taosangha-na.com\/fr\/apprendre\/letude-de-tao-shiatsu\/#breadcrumb"},"inLanguage":"fr-FR","potentialAction":[{"@type":"ReadAction","target":["https:\/\/taosangha-na.com\/fr\/apprendre\/letude-de-tao-shiatsu\/"]}]},{"@type":"BreadcrumbList","@id":"https:\/\/taosangha-na.com\/fr\/apprendre\/letude-de-tao-shiatsu\/#breadcrumb","itemListElement":[{"@type":"ListItem","position":1,"name":"Home","item":"https:\/\/taosangha-na.com\/fr\/home-tao-sangha-north-america\/"},{"@type":"ListItem","position":2,"name":"Apprendre","item":"https:\/\/taosangha-na.com\/fr\/apprendre\/"},{"@type":"ListItem","position":3,"name":"L&#8217;\u00c9tude de Tao Shiatsu"}]},{"@type":"WebSite","@id":"https:\/\/taosangha-na.com\/fr\/#website","url":"https:\/\/taosangha-na.com\/fr\/","name":"Tao Sangha North America","description":"Make Your Life an Art","publisher":{"@id":"https:\/\/taosangha-na.com\/fr\/#organization"},"potentialAction":[{"@type":"SearchAction","target":{"@type":"EntryPoint","urlTemplate":"https:\/\/taosangha-na.com\/fr\/?s={search_term_string}"},"query-input":{"@type":"PropertyValueSpecification","valueRequired":true,"valueName":"search_term_string"}}],"inLanguage":"fr-FR"},{"@type":"Organization","@id":"https:\/\/taosangha-na.com\/fr\/#organization","name":"Tao Sangha","url":"https:\/\/taosangha-na.com\/fr\/","logo":{"@type":"ImageObject","inLanguage":"fr-FR","@id":"https:\/\/taosangha-na.com\/fr\/#\/schema\/logo\/image\/","url":"https:\/\/taosangha-na.com\/wp-content\/uploads\/2016\/01\/Tao-Sangha.jpg","contentUrl":"https:\/\/taosangha-na.com\/wp-content\/uploads\/2016\/01\/Tao-Sangha.jpg","width":169,"height":170,"caption":"Tao Sangha"},"image":{"@id":"https:\/\/taosangha-na.com\/fr\/#\/schema\/logo\/image\/"},"sameAs":["https:\/\/www.facebook.com\/TaoSanghaGlobalCommunity\/","https:\/\/www.youtube.com\/channel\/UC1iy2h4WhzFOikj6UKHC5aw"]}]}},"_links":{"self":[{"href":"https:\/\/taosangha-na.com\/fr\/wp-json\/wp\/v2\/pages\/781","targetHints":{"allow":["GET"]}}],"collection":[{"href":"https:\/\/taosangha-na.com\/fr\/wp-json\/wp\/v2\/pages"}],"about":[{"href":"https:\/\/taosangha-na.com\/fr\/wp-json\/wp\/v2\/types\/page"}],"author":[{"embeddable":true,"href":"https:\/\/taosangha-na.com\/fr\/wp-json\/wp\/v2\/users\/1"}],"replies":[{"embeddable":true,"href":"https:\/\/taosangha-na.com\/fr\/wp-json\/wp\/v2\/comments?post=781"}],"version-history":[{"count":1,"href":"https:\/\/taosangha-na.com\/fr\/wp-json\/wp\/v2\/pages\/781\/revisions"}],"predecessor-version":[{"id":782,"href":"https:\/\/taosangha-na.com\/fr\/wp-json\/wp\/v2\/pages\/781\/revisions\/782"}],"up":[{"embeddable":true,"href":"https:\/\/taosangha-na.com\/fr\/wp-json\/wp\/v2\/pages\/1647"}],"wp:attachment":[{"href":"https:\/\/taosangha-na.com\/fr\/wp-json\/wp\/v2\/media?parent=781"}],"curies":[{"name":"wp","href":"https:\/\/api.w.org\/{rel}","templated":true}]}}