{"id":787,"date":"2015-12-30T14:34:33","date_gmt":"2015-12-30T19:34:33","guid":{"rendered":"http:\/\/tsna.taoshiatsuvancouver.com\/fr\/?page_id=787"},"modified":"2016-01-29T13:35:29","modified_gmt":"2016-01-29T18:35:29","slug":"niveaux-detudes","status":"publish","type":"page","link":"https:\/\/taosangha-na.com\/fr\/apprendre\/letude-de-tao-shiatsu\/niveaux-detudes\/","title":{"rendered":"Niveaux D\u2019\u00c9tudes"},"content":{"rendered":"<p><b>Formation Niveau 1 et Niveau 2<\/b><\/p>\n<p><span style=\"font-weight: 400;\">Le programme d\u2019\u00e9tudes offre l\u2019opportunit\u00e9 de vivre l\u2019exp\u00e9rience du monde myst\u00e9rieux du Ki et de la profondeur du c\u0153ur. Il s\u2019adresse \u00e0 quiconque se pr\u00e9occupe de la sant\u00e9, de la gu\u00e9rison et du d\u00e9veloppement spirituel de tous.<\/span><\/p>\n<p><b>Niveau 1<\/b><\/p>\n<p><b>. KI-Doin :<\/b><span style=\"font-weight: 400;\"> exercices de Renki 1, exercices d\u2019 Aiki 1, M\u00e9ditation Ki et \u00e9tirements des M\u00e9ridiens.<\/span><\/p>\n<p><b>. Forme de base 1 utilisant les Super Vaisseaux :<\/b><\/p>\n<p><b>.M\u00e9thode des Tsubo : <\/b><span style=\"font-weight: 400;\">Traitement al\u00e9atoire et intuitif<\/span><\/p>\n<p><b>.Le c\u0153ur de la Communication : <\/b><span style=\"font-weight: 400;\">Niveau 1<\/span><\/p>\n<p><b>Niveau 2<\/b><\/p>\n<p><b>. Ki-Doin :<\/b><span style=\"font-weight: 400;\"> exercices de Renki 1, exercices d\u2019 Aiki 1, M\u00e9ditation Ki et \u00e9tirements des M\u00e9ridiens.<\/span><\/p>\n<p><b>.Forme de Base 2 en utilisant la M\u00e9thode Ki :<\/b><\/p>\n<p><b>. Les M\u00e9ridiens :<\/b><span style=\"font-weight: 400;\"> Les 12 M\u00e9ridiens de base, la fa\u00e7on d\u2019acc\u00e9der aux m\u00e9ridiens et leur traitement.<\/span><\/p>\n<p><b>.Traitement des M\u00e9ridiens en utilisant les TSS :<\/b><span style=\"font-weight: 400;\">Traitement des M\u00e9ridiens Kyo et les Tsubo Sp\u00e9cifiques aux Super Vaisseaux : 18 TSS<\/span><\/p>\n<p><b>.Le C\u0153ur de la Communication : <\/b><span style=\"font-weight: 400;\">Niveau 2<\/span><\/p>\n<p><b>.Exp\u00e9riences avec le Ki et M\u00e9ditations :<\/b><span style=\"font-weight: 400;\">tirer des 56 philosophies de la Tao Sangha<\/span><\/p>\n<p><span style=\"font-weight: 400;\">En plus des deux Niveaux d\u2019\u00e9tudes les \u00e9tudiants doivent :<\/span><\/p>\n<p><span style=\"font-weight: 400;\">. Participer au groupe d\u2019\u00e9tudes 2 heures par mois.<\/span><\/p>\n<p><span style=\"font-weight: 400;\">. \u00c9changer des traitements entre eux et offrir des traitements sous supervision.<\/span><\/p>\n<p>&nbsp;<\/p>\n","protected":false},"excerpt":{"rendered":"<p>Formation Niveau 1 et Niveau 2 Le programme d\u2019\u00e9tudes offre l\u2019opportunit\u00e9 de vivre l\u2019exp\u00e9rience du monde myst\u00e9rieux du Ki et de la profondeur du c\u0153ur. Il s\u2019adresse \u00e0 quiconque se pr\u00e9occupe de la sant\u00e9, de la gu\u00e9rison et du d\u00e9veloppement spirituel de tous. Niveau 1 . KI-Doin : exercices de Renki 1, exercices d\u2019 Aiki [&hellip;]<\/p>\n","protected":false},"author":1,"featured_media":0,"parent":781,"menu_order":4,"comment_status":"closed","ping_status":"closed","template":"","meta":{"_monsterinsights_skip_tracking":false,"_monsterinsights_sitenote_active":false,"_monsterinsights_sitenote_note":"","_monsterinsights_sitenote_category":0,"footnotes":""},"class_list":["post-787","page","type-page","status-publish","hentry"],"aioseo_notices":[],"yoast_head":"<!-- This site is optimized with the Yoast SEO plugin v26.8 - https:\/\/yoast.com\/product\/yoast-seo-wordpress\/ -->\n<title>Niveaux D\u2019\u00c9tudes - Tao Sangha North America<\/title>\n<meta name=\"robots\" content=\"index, follow, max-snippet:-1, max-image-preview:large, max-video-preview:-1\" \/>\n<link rel=\"canonical\" href=\"https:\/\/taosangha-na.com\/fr\/apprendre\/letude-de-tao-shiatsu\/niveaux-detudes\/\" \/>\n<meta property=\"og:locale\" content=\"fr_FR\" \/>\n<meta property=\"og:type\" content=\"article\" \/>\n<meta property=\"og:title\" content=\"Niveaux D\u2019\u00c9tudes - Tao Sangha North America\" \/>\n<meta property=\"og:description\" content=\"Formation Niveau 1 et Niveau 2 Le programme d\u2019\u00e9tudes offre l\u2019opportunit\u00e9 de vivre l\u2019exp\u00e9rience du monde myst\u00e9rieux du Ki et de la profondeur du c\u0153ur. Il s\u2019adresse \u00e0 quiconque se pr\u00e9occupe de la sant\u00e9, de la gu\u00e9rison et du d\u00e9veloppement spirituel de tous. Niveau 1 . KI-Doin : exercices de Renki 1, exercices d\u2019 Aiki [&hellip;]\" \/>\n<meta property=\"og:url\" content=\"https:\/\/taosangha-na.com\/fr\/apprendre\/letude-de-tao-shiatsu\/niveaux-detudes\/\" \/>\n<meta property=\"og:site_name\" content=\"Tao Sangha North America\" \/>\n<meta property=\"article:publisher\" content=\"https:\/\/www.facebook.com\/TaoSanghaGlobalCommunity\/\" \/>\n<meta property=\"article:modified_time\" content=\"2016-01-29T18:35:29+00:00\" \/>\n<meta name=\"twitter:card\" content=\"summary_large_image\" \/>\n<meta name=\"twitter:label1\" content=\"Dur\u00e9e de lecture estim\u00e9e\" \/>\n\t<meta name=\"twitter:data1\" content=\"1 minute\" \/>\n<script type=\"application\/ld+json\" class=\"yoast-schema-graph\">{\"@context\":\"https:\/\/schema.org\",\"@graph\":[{\"@type\":\"WebPage\",\"@id\":\"https:\/\/taosangha-na.com\/fr\/apprendre\/letude-de-tao-shiatsu\/niveaux-detudes\/\",\"url\":\"https:\/\/taosangha-na.com\/fr\/apprendre\/letude-de-tao-shiatsu\/niveaux-detudes\/\",\"name\":\"Niveaux D\u2019\u00c9tudes - Tao Sangha North America\",\"isPartOf\":{\"@id\":\"https:\/\/taosangha-na.com\/fr\/#website\"},\"datePublished\":\"2015-12-30T19:34:33+00:00\",\"dateModified\":\"2016-01-29T18:35:29+00:00\",\"breadcrumb\":{\"@id\":\"https:\/\/taosangha-na.com\/fr\/apprendre\/letude-de-tao-shiatsu\/niveaux-detudes\/#breadcrumb\"},\"inLanguage\":\"fr-FR\",\"potentialAction\":[{\"@type\":\"ReadAction\",\"target\":[\"https:\/\/taosangha-na.com\/fr\/apprendre\/letude-de-tao-shiatsu\/niveaux-detudes\/\"]}]},{\"@type\":\"BreadcrumbList\",\"@id\":\"https:\/\/taosangha-na.com\/fr\/apprendre\/letude-de-tao-shiatsu\/niveaux-detudes\/#breadcrumb\",\"itemListElement\":[{\"@type\":\"ListItem\",\"position\":1,\"name\":\"Home\",\"item\":\"https:\/\/taosangha-na.com\/fr\/home-tao-sangha-north-america\/\"},{\"@type\":\"ListItem\",\"position\":2,\"name\":\"Apprendre\",\"item\":\"https:\/\/taosangha-na.com\/fr\/apprendre\/\"},{\"@type\":\"ListItem\",\"position\":3,\"name\":\"L&#8217;\u00c9tude de Tao Shiatsu\",\"item\":\"https:\/\/taosangha-na.com\/fr\/apprendre\/letude-de-tao-shiatsu\/\"},{\"@type\":\"ListItem\",\"position\":4,\"name\":\"Niveaux D\u2019\u00c9tudes\"}]},{\"@type\":\"WebSite\",\"@id\":\"https:\/\/taosangha-na.com\/fr\/#website\",\"url\":\"https:\/\/taosangha-na.com\/fr\/\",\"name\":\"Tao Sangha North America\",\"description\":\"Make Your Life an Art\",\"publisher\":{\"@id\":\"https:\/\/taosangha-na.com\/fr\/#organization\"},\"potentialAction\":[{\"@type\":\"SearchAction\",\"target\":{\"@type\":\"EntryPoint\",\"urlTemplate\":\"https:\/\/taosangha-na.com\/fr\/?s={search_term_string}\"},\"query-input\":{\"@type\":\"PropertyValueSpecification\",\"valueRequired\":true,\"valueName\":\"search_term_string\"}}],\"inLanguage\":\"fr-FR\"},{\"@type\":\"Organization\",\"@id\":\"https:\/\/taosangha-na.com\/fr\/#organization\",\"name\":\"Tao Sangha\",\"url\":\"https:\/\/taosangha-na.com\/fr\/\",\"logo\":{\"@type\":\"ImageObject\",\"inLanguage\":\"fr-FR\",\"@id\":\"https:\/\/taosangha-na.com\/fr\/#\/schema\/logo\/image\/\",\"url\":\"https:\/\/taosangha-na.com\/wp-content\/uploads\/2016\/01\/Tao-Sangha.jpg\",\"contentUrl\":\"https:\/\/taosangha-na.com\/wp-content\/uploads\/2016\/01\/Tao-Sangha.jpg\",\"width\":169,\"height\":170,\"caption\":\"Tao Sangha\"},\"image\":{\"@id\":\"https:\/\/taosangha-na.com\/fr\/#\/schema\/logo\/image\/\"},\"sameAs\":[\"https:\/\/www.facebook.com\/TaoSanghaGlobalCommunity\/\",\"https:\/\/www.youtube.com\/channel\/UC1iy2h4WhzFOikj6UKHC5aw\"]}]}<\/script>\n<!-- \/ Yoast SEO plugin. -->","yoast_head_json":{"title":"Niveaux D\u2019\u00c9tudes - Tao Sangha North America","robots":{"index":"index","follow":"follow","max-snippet":"max-snippet:-1","max-image-preview":"max-image-preview:large","max-video-preview":"max-video-preview:-1"},"canonical":"https:\/\/taosangha-na.com\/fr\/apprendre\/letude-de-tao-shiatsu\/niveaux-detudes\/","og_locale":"fr_FR","og_type":"article","og_title":"Niveaux D\u2019\u00c9tudes - Tao Sangha North America","og_description":"Formation Niveau 1 et Niveau 2 Le programme d\u2019\u00e9tudes offre l\u2019opportunit\u00e9 de vivre l\u2019exp\u00e9rience du monde myst\u00e9rieux du Ki et de la profondeur du c\u0153ur. Il s\u2019adresse \u00e0 quiconque se pr\u00e9occupe de la sant\u00e9, de la gu\u00e9rison et du d\u00e9veloppement spirituel de tous. Niveau 1 . KI-Doin : exercices de Renki 1, exercices d\u2019 Aiki [&hellip;]","og_url":"https:\/\/taosangha-na.com\/fr\/apprendre\/letude-de-tao-shiatsu\/niveaux-detudes\/","og_site_name":"Tao Sangha North America","article_publisher":"https:\/\/www.facebook.com\/TaoSanghaGlobalCommunity\/","article_modified_time":"2016-01-29T18:35:29+00:00","twitter_card":"summary_large_image","twitter_misc":{"Dur\u00e9e de lecture estim\u00e9e":"1 minute"},"schema":{"@context":"https:\/\/schema.org","@graph":[{"@type":"WebPage","@id":"https:\/\/taosangha-na.com\/fr\/apprendre\/letude-de-tao-shiatsu\/niveaux-detudes\/","url":"https:\/\/taosangha-na.com\/fr\/apprendre\/letude-de-tao-shiatsu\/niveaux-detudes\/","name":"Niveaux D\u2019\u00c9tudes - Tao Sangha North America","isPartOf":{"@id":"https:\/\/taosangha-na.com\/fr\/#website"},"datePublished":"2015-12-30T19:34:33+00:00","dateModified":"2016-01-29T18:35:29+00:00","breadcrumb":{"@id":"https:\/\/taosangha-na.com\/fr\/apprendre\/letude-de-tao-shiatsu\/niveaux-detudes\/#breadcrumb"},"inLanguage":"fr-FR","potentialAction":[{"@type":"ReadAction","target":["https:\/\/taosangha-na.com\/fr\/apprendre\/letude-de-tao-shiatsu\/niveaux-detudes\/"]}]},{"@type":"BreadcrumbList","@id":"https:\/\/taosangha-na.com\/fr\/apprendre\/letude-de-tao-shiatsu\/niveaux-detudes\/#breadcrumb","itemListElement":[{"@type":"ListItem","position":1,"name":"Home","item":"https:\/\/taosangha-na.com\/fr\/home-tao-sangha-north-america\/"},{"@type":"ListItem","position":2,"name":"Apprendre","item":"https:\/\/taosangha-na.com\/fr\/apprendre\/"},{"@type":"ListItem","position":3,"name":"L&#8217;\u00c9tude de Tao Shiatsu","item":"https:\/\/taosangha-na.com\/fr\/apprendre\/letude-de-tao-shiatsu\/"},{"@type":"ListItem","position":4,"name":"Niveaux D\u2019\u00c9tudes"}]},{"@type":"WebSite","@id":"https:\/\/taosangha-na.com\/fr\/#website","url":"https:\/\/taosangha-na.com\/fr\/","name":"Tao Sangha North America","description":"Make Your Life an Art","publisher":{"@id":"https:\/\/taosangha-na.com\/fr\/#organization"},"potentialAction":[{"@type":"SearchAction","target":{"@type":"EntryPoint","urlTemplate":"https:\/\/taosangha-na.com\/fr\/?s={search_term_string}"},"query-input":{"@type":"PropertyValueSpecification","valueRequired":true,"valueName":"search_term_string"}}],"inLanguage":"fr-FR"},{"@type":"Organization","@id":"https:\/\/taosangha-na.com\/fr\/#organization","name":"Tao Sangha","url":"https:\/\/taosangha-na.com\/fr\/","logo":{"@type":"ImageObject","inLanguage":"fr-FR","@id":"https:\/\/taosangha-na.com\/fr\/#\/schema\/logo\/image\/","url":"https:\/\/taosangha-na.com\/wp-content\/uploads\/2016\/01\/Tao-Sangha.jpg","contentUrl":"https:\/\/taosangha-na.com\/wp-content\/uploads\/2016\/01\/Tao-Sangha.jpg","width":169,"height":170,"caption":"Tao Sangha"},"image":{"@id":"https:\/\/taosangha-na.com\/fr\/#\/schema\/logo\/image\/"},"sameAs":["https:\/\/www.facebook.com\/TaoSanghaGlobalCommunity\/","https:\/\/www.youtube.com\/channel\/UC1iy2h4WhzFOikj6UKHC5aw"]}]}},"_links":{"self":[{"href":"https:\/\/taosangha-na.com\/fr\/wp-json\/wp\/v2\/pages\/787","targetHints":{"allow":["GET"]}}],"collection":[{"href":"https:\/\/taosangha-na.com\/fr\/wp-json\/wp\/v2\/pages"}],"about":[{"href":"https:\/\/taosangha-na.com\/fr\/wp-json\/wp\/v2\/types\/page"}],"author":[{"embeddable":true,"href":"https:\/\/taosangha-na.com\/fr\/wp-json\/wp\/v2\/users\/1"}],"replies":[{"embeddable":true,"href":"https:\/\/taosangha-na.com\/fr\/wp-json\/wp\/v2\/comments?post=787"}],"version-history":[{"count":1,"href":"https:\/\/taosangha-na.com\/fr\/wp-json\/wp\/v2\/pages\/787\/revisions"}],"predecessor-version":[{"id":788,"href":"https:\/\/taosangha-na.com\/fr\/wp-json\/wp\/v2\/pages\/787\/revisions\/788"}],"up":[{"embeddable":true,"href":"https:\/\/taosangha-na.com\/fr\/wp-json\/wp\/v2\/pages\/781"}],"wp:attachment":[{"href":"https:\/\/taosangha-na.com\/fr\/wp-json\/wp\/v2\/media?parent=787"}],"curies":[{"name":"wp","href":"https:\/\/api.w.org\/{rel}","templated":true}]}}